{"id":69266,"date":"2026-04-08T18:29:08","date_gmt":"2026-04-08T21:29:08","guid":{"rendered":"https:\/\/www.dommodesto.com.br\/?post_type=product&#038;p=69266"},"modified":"2026-04-08T18:30:39","modified_gmt":"2026-04-08T21:30:39","slug":"mulher-mae-e-perigosa-entrelaces-da-politica-criminal-e-genero-no-brasil","status":"publish","type":"product","link":"https:\/\/www.dommodesto.com.br\/en\/product\/mulher-mae-e-perigosa-entrelaces-da-politica-criminal-e-genero-no-brasil\/","title":{"rendered":"Mulher, m\u00e3e e perigosa? Entrelaces da pol\u00edtica criminal e g\u00eanero no Brasil"},"content":{"rendered":"<p style=\"text-align: justify;\">Em <strong>Mulher, m\u00e3e e perigosa? \u2013 Entrelaces da pol\u00edtica criminal e g\u00eanero no Brasil<\/strong>, a pergunta do t\u00edtulo n\u00e3o opera como provoca\u00e7\u00e3o ret\u00f3rica, mas como chave anal\u00edtica para compreender como o sistema de justi\u00e7a criminal produz e administra certos corpos como \u201cindesej\u00e1veis\u201d. Resultado de um percurso coletivo de pesquisa, debate e extens\u00e3o desenvolvido no \u00e2mbito do <strong>LAPSUS\/UFPB<\/strong> ao longo de 2025, a obra re\u00fane sete cap\u00edtulos que dialogam entre si a partir de uma perspectiva cr\u00edtica sobre a interse\u00e7\u00e3o entre pol\u00edtica criminal e g\u00eanero.<\/p>\n<p style=\"text-align: justify;\">Dividido em duas partes, \u201cG\u00eanero e Controle Penal\u201d e \u201cMulheres e Novas Tecnologias Punitivas\u201d, o livro percorre temas como neoliberalismo e criminaliza\u00e7\u00e3o, pol\u00edtica de drogas e encarceramento de mulheres cis, trans e travestis, din\u00e2micas de cuidado e fam\u00edlia no contexto prisional, educa\u00e7\u00e3o em espa\u00e7os de priva\u00e7\u00e3o de liberdade, pris\u00e3o domiciliar para m\u00e3es e gestantes e os impactos da monitora\u00e7\u00e3o eletr\u00f4nica.<\/p>\n<p style=\"text-align: justify;\">Com profundidade acad\u00eamica e compromisso com a problematiza\u00e7\u00e3o das evid\u00eancias e dos pressupostos do punitivismo contempor\u00e2neo, a colet\u00e2nea entrega ao leitor o amadurecimento de um di\u00e1logo constru\u00eddo entre diferentes trajet\u00f3rias e contextos de investiga\u00e7\u00e3o, pensado para instigar novas perguntas e oferecer ferramentas conceituais a quem se dedica a compreender as complexas rela\u00e7\u00f5es entre controle social e desigualdades de g\u00eanero no Brasil.<\/p>","protected":false},"excerpt":{"rendered":"<p>Renata Monteiro Garcia<br \/>Maria Larissa Queiroz Ger\u00f4nimo Leite<br \/>Nelson Gomes de Sant\u2019Ana e Silva Junior<br \/>Rebecka Wanderley Tannuss<br \/>(Orgs.)<\/p>\n<p><strong>Vers\u00e3o e-book &#8211; download gratuito &#8211; clique no bot\u00e3o comprar<\/strong><br \/>Vers\u00e3o impressa &#8211; indispon\u00edvel<\/p>","protected":false},"featured_media":69268,"template":"","meta":{"_joinchat":[]},"product_brand":[],"product_cat":[15],"product_tag":[],"class_list":{"0":"post-69266","1":"product","2":"type-product","3":"status-publish","4":"has-post-thumbnail","6":"product_cat-sem-categoria","7":"align-center","8":"box-shadow-1","9":"box-shadow-3-hover","10":"ast-product-gallery-layout-horizontal","11":"ast-product-gallery-with-no-image","12":"ast-product-tabs-layout-horizontal","14":"first","15":"instock","16":"downloadable","17":"virtual","18":"sold-individually","19":"purchasable","20":"product-type-simple"},"_links":{"self":[{"href":"https:\/\/www.dommodesto.com.br\/en\/wp-json\/wp\/v2\/product\/69266","targetHints":{"allow":["GET"]}}],"collection":[{"href":"https:\/\/www.dommodesto.com.br\/en\/wp-json\/wp\/v2\/product"}],"about":[{"href":"https:\/\/www.dommodesto.com.br\/en\/wp-json\/wp\/v2\/types\/product"}],"wp:featuredmedia":[{"embeddable":true,"href":"https:\/\/www.dommodesto.com.br\/en\/wp-json\/wp\/v2\/media\/69268"}],"wp:attachment":[{"href":"https:\/\/www.dommodesto.com.br\/en\/wp-json\/wp\/v2\/media?parent=69266"}],"wp:term":[{"taxonomy":"product_brand","embeddable":true,"href":"https:\/\/www.dommodesto.com.br\/en\/wp-json\/wp\/v2\/product_brand?post=69266"},{"taxonomy":"product_cat","embeddable":true,"href":"https:\/\/www.dommodesto.com.br\/en\/wp-json\/wp\/v2\/product_cat?post=69266"},{"taxonomy":"product_tag","embeddable":true,"href":"https:\/\/www.dommodesto.com.br\/en\/wp-json\/wp\/v2\/product_tag?post=69266"}],"curies":[{"name":"wp","href":"https:\/\/api.w.org\/{rel}","templated":true}]}}