{"id":69235,"date":"2026-03-31T18:13:13","date_gmt":"2026-03-31T21:13:13","guid":{"rendered":"https:\/\/www.dommodesto.com.br\/?post_type=product&#038;p=69235"},"modified":"2026-03-31T18:14:11","modified_gmt":"2026-03-31T21:14:11","slug":"transcendendo-as-questoes-de-saude-direitos-humanos-deficiencia-e-alteridade","status":"publish","type":"product","link":"https:\/\/www.dommodesto.com.br\/en\/product\/transcendendo-as-questoes-de-saude-direitos-humanos-deficiencia-e-alteridade\/","title":{"rendered":"Transcendendo as quest\u00f5es de sa\u00fade: direitos humanos, defici\u00eancia e alteridade"},"content":{"rendered":"<p style=\"text-align: justify;\">\u201cIl volume di Jana\u00edna Machado Sturza e Milena Cereser da Rosa \u00e8 un testo importante e utile per trascendere, come dichiarato fin dal titolo, l\u2019isolato diritto alla salute al fine di proporre una riflessione pi\u00f9 ampia sul diritto al benessere come diritto umano. Questa riflessione non pu\u00f2 che partire dal mettere in dubbio il modello maggioritario di persona e di salute, sviluppato su coloro che sono ai vertici della gerarchia sociale ovvero gli uomini considerati \u201cnormodotati\u201d. L\u2019analisi infatti si sviluppa ponendo una critica alle norme brasiliane ed internazionali che si occupano di salute e che non considerano o considerano come eccezionali gli altri corpi, in particolare le persone con disabilit\u00e0.<\/p>\n<p style=\"text-align: justify;\">Utilizzando la teoria crip e altri studi sia brasiliani che internazionali, il paradigma maggioritario si assottiglia e perde la sua centralit\u00e0, in quanto la variet\u00e0 dei corpi delle nostre societ\u00e0 \u00e8 ben pi\u00f9 ampio e il concetto di salute dovrebbe essere legato all\u2019autodeterminazione delle persone pi\u00f9 che ad un modello unico che esclude come \u201cdeficenti\u201d o \u201cmancanti\u201d tutti gli altri, o include parzialmente attraverso un atteggiamento umanitario o pietistico.\u201d<\/p>\n<p style=\"text-align: justify;\"><strong>Martina Millefiorini<\/strong><\/p>","protected":false},"excerpt":{"rendered":"<p>Jana\u00edna Machado Sturza<br \/>Milena Cereser da Rosa<\/p>\n<p><strong>Vers\u00e3o e-book &#8211; download gratuito &#8211; clique no bot\u00e3o Comprar<br \/>Vers\u00e3o impressa &#8211; indispon\u00edvel<\/strong><\/p>","protected":false},"featured_media":69237,"template":"","meta":{"_joinchat":[]},"product_brand":[],"product_cat":[57],"product_tag":[],"class_list":{"0":"post-69235","1":"product","2":"type-product","3":"status-publish","4":"has-post-thumbnail","6":"product_cat-ciencias-sociais-aplicadas","7":"align-center","8":"box-shadow-1","9":"box-shadow-3-hover","10":"ast-product-gallery-layout-horizontal","11":"ast-product-gallery-with-no-image","12":"ast-product-tabs-layout-horizontal","14":"first","15":"instock","16":"downloadable","17":"virtual","18":"sold-individually","19":"purchasable","20":"product-type-simple"},"_links":{"self":[{"href":"https:\/\/www.dommodesto.com.br\/en\/wp-json\/wp\/v2\/product\/69235","targetHints":{"allow":["GET"]}}],"collection":[{"href":"https:\/\/www.dommodesto.com.br\/en\/wp-json\/wp\/v2\/product"}],"about":[{"href":"https:\/\/www.dommodesto.com.br\/en\/wp-json\/wp\/v2\/types\/product"}],"wp:featuredmedia":[{"embeddable":true,"href":"https:\/\/www.dommodesto.com.br\/en\/wp-json\/wp\/v2\/media\/69237"}],"wp:attachment":[{"href":"https:\/\/www.dommodesto.com.br\/en\/wp-json\/wp\/v2\/media?parent=69235"}],"wp:term":[{"taxonomy":"product_brand","embeddable":true,"href":"https:\/\/www.dommodesto.com.br\/en\/wp-json\/wp\/v2\/product_brand?post=69235"},{"taxonomy":"product_cat","embeddable":true,"href":"https:\/\/www.dommodesto.com.br\/en\/wp-json\/wp\/v2\/product_cat?post=69235"},{"taxonomy":"product_tag","embeddable":true,"href":"https:\/\/www.dommodesto.com.br\/en\/wp-json\/wp\/v2\/product_tag?post=69235"}],"curies":[{"name":"wp","href":"https:\/\/api.w.org\/{rel}","templated":true}]}}