{"id":69232,"date":"2026-03-31T17:27:04","date_gmt":"2026-03-31T20:27:04","guid":{"rendered":"https:\/\/www.dommodesto.com.br\/?post_type=product&#038;p=69232"},"modified":"2026-03-31T18:27:55","modified_gmt":"2026-03-31T21:27:55","slug":"dialogo-intertextual-nas-epigrafes-de-inocencia-de-taunay","status":"publish","type":"product","link":"https:\/\/www.dommodesto.com.br\/en\/product\/dialogo-intertextual-nas-epigrafes-de-inocencia-de-taunay\/","title":{"rendered":"Di\u00e1logo intertextual nas ep\u00edgrafes de Inoc\u00eancia de Taunay"},"content":{"rendered":"<p style=\"text-align: justify;\">Ao tomar Inoc\u00eancia, de Visconde de Taunay, como objeto de investiga\u00e7\u00e3o, esta obra prop\u00f5e um olhar atento para um elemento muitas vezes secundarizado na leitura liter\u00e1ria: as ep\u00edgrafes. Longe de funcionarem como meros adornos, elas s\u00e3o examinadas aqui como paratextos capazes de antecipar sentidos, tensionar temas e ampliar a compreens\u00e3o do romance, revelando uma complexa rede de di\u00e1logos com a tradi\u00e7\u00e3o cl\u00e1ssica, b\u00edblica e moderna.<\/p>\n<p style=\"text-align: justify;\">Com s\u00f3lido embasamento te\u00f3rico e apurada sensibilidade cr\u00edtica, o livro demonstra como essas vozes convocadas por Taunay iluminam quest\u00f5es centrais da narrativa, como amor, destino, honra e tragicidade, ao mesmo tempo em que reposicionam o autor no interior de uma tradi\u00e7\u00e3o erudita mais ampla. Trata-se, assim, de um estudo que n\u00e3o apenas aprofunda a leitura de Inoc\u00eancia, mas tamb\u00e9m convida o leitor a perceber que, na literatura, muitas vezes \u00e9 nas bordas do texto que se escondem algumas de suas chaves mais decisivas.<\/p>","protected":false},"excerpt":{"rendered":"<p>Ana Cristina Alves de Paula Barreto<\/p>\n<p><strong>Vers\u00e3o e-book &#8211; download gratuito &#8211; clique no bot\u00e3o Comprar<br \/>Vers\u00e3o impressa &#8211; em breve na Amazon e em outros marketplaces<\/strong><\/p>","protected":false},"featured_media":69239,"template":"","meta":{"_joinchat":[]},"product_brand":[],"product_cat":[143],"product_tag":[],"class_list":{"0":"post-69232","1":"product","2":"type-product","3":"status-publish","4":"has-post-thumbnail","6":"product_cat-ciencias-humanas","7":"align-center","8":"box-shadow-1","9":"box-shadow-3-hover","10":"ast-product-gallery-layout-horizontal","11":"ast-product-gallery-with-no-image","12":"ast-product-tabs-layout-horizontal","14":"first","15":"instock","16":"downloadable","17":"virtual","18":"purchasable","19":"product-type-simple"},"_links":{"self":[{"href":"https:\/\/www.dommodesto.com.br\/en\/wp-json\/wp\/v2\/product\/69232","targetHints":{"allow":["GET"]}}],"collection":[{"href":"https:\/\/www.dommodesto.com.br\/en\/wp-json\/wp\/v2\/product"}],"about":[{"href":"https:\/\/www.dommodesto.com.br\/en\/wp-json\/wp\/v2\/types\/product"}],"wp:featuredmedia":[{"embeddable":true,"href":"https:\/\/www.dommodesto.com.br\/en\/wp-json\/wp\/v2\/media\/69239"}],"wp:attachment":[{"href":"https:\/\/www.dommodesto.com.br\/en\/wp-json\/wp\/v2\/media?parent=69232"}],"wp:term":[{"taxonomy":"product_brand","embeddable":true,"href":"https:\/\/www.dommodesto.com.br\/en\/wp-json\/wp\/v2\/product_brand?post=69232"},{"taxonomy":"product_cat","embeddable":true,"href":"https:\/\/www.dommodesto.com.br\/en\/wp-json\/wp\/v2\/product_cat?post=69232"},{"taxonomy":"product_tag","embeddable":true,"href":"https:\/\/www.dommodesto.com.br\/en\/wp-json\/wp\/v2\/product_tag?post=69232"}],"curies":[{"name":"wp","href":"https:\/\/api.w.org\/{rel}","templated":true}]}}