{"id":69193,"date":"2026-03-26T16:10:10","date_gmt":"2026-03-26T19:10:10","guid":{"rendered":"https:\/\/www.dommodesto.com.br\/?post_type=product&#038;p=69193"},"modified":"2026-03-26T16:10:10","modified_gmt":"2026-03-26T19:10:10","slug":"direitos-humanos-na-seguranca-publica-educacao-instituicoes-e-desafios-contemporaneos","status":"publish","type":"product","link":"https:\/\/www.dommodesto.com.br\/en\/product\/direitos-humanos-na-seguranca-publica-educacao-instituicoes-e-desafios-contemporaneos\/","title":{"rendered":"Direitos humanos na seguran\u00e7a p\u00fablica: educa\u00e7\u00e3o, institui\u00e7\u00f5es e desafios contempor\u00e2neos"},"content":{"rendered":"<p style=\"text-align: justify;\">A obra Direitos Humanos na Seguran\u00e7a P\u00fablica: educa\u00e7\u00e3o, institui\u00e7\u00f5es e desafios contempor\u00e2neos re\u00fane reflex\u00f5es acad\u00eamicas produzidas no \u00e2mbito da forma\u00e7\u00e3o interdisciplinar em direitos humanos, estabelecendo fecunda interlocu\u00e7\u00e3o entre a pesquisa universit\u00e1ria e a experi\u00eancia profissional de agentes vinculados ao sistema de seguran\u00e7a p\u00fablica. Parte do reconhecimento de que, em regimes democr\u00e1ticos, a seguran\u00e7a p\u00fablica constitui dimens\u00e3o estruturante da concretiza\u00e7\u00e3o dos direitos fundamentais, reclamando pr\u00e1ticas institucionais orientadas pela dignidade da pessoa humana, pela juridicidade democr\u00e1tica e pela centralidade da prote\u00e7\u00e3o da vida.<\/p>\n<p style=\"text-align: justify;\">Os cap\u00edtulos que integram a colet\u00e2nea examinam, sob m\u00faltiplas perspectivas te\u00f3ricas e emp\u00edricas, temas como forma\u00e7\u00e3o profissional, cultura organizacional policial, militariza\u00e7\u00e3o, media\u00e7\u00e3o social, sa\u00fade mental, g\u00eanero, diversidade, sistema prisional e viol\u00eancia institucional. Nesse itiner\u00e1rio anal\u00edtico, os autores problematizam os condicionamentos hist\u00f3ricos e estruturais das institui\u00e7\u00f5es<br \/>de seguran\u00e7a no Brasil, bem como as persistentes tens\u00f5es entre modelos autorit\u00e1rios de controle social e os compromissos normativos inerentes ao Estado Democr\u00e1tico de Direito.<\/p>\n<p style=\"text-align: justify;\">A partir de abordagem cr\u00edtica e interdisciplinar, a obra sustenta que a educa\u00e7\u00e3o em direitos humanos se configura como media\u00e7\u00e3o indispens\u00e1vel \u00e0 transforma\u00e7\u00e3o das pr\u00e1ticas institucionais e \u00e0 conforma\u00e7\u00e3o de uma pol\u00edtica de seguran\u00e7a p\u00fablica fundada na legalidade, na cidadania e na justi\u00e7a. Trata-se, assim, de contribui\u00e7\u00e3o acad\u00eamica e p\u00fablica destinada ao fortalecimento de uma cultura democr\u00e1tica capaz de harmonizar seguran\u00e7a, liberdade e prote\u00e7\u00e3o integral de direitos.<\/p>\n<p style=\"text-align: justify;\"><strong>Giliarde Benavinuto Albuquerque Cavalcante Virgulino Ribeiro Nascimento e Gama<\/strong><br \/><em>Professor Doutor (Unitins e ESGEPEN-TO) e Ex-Corregedor de Pol\u00edcia e atual Coordenador Correcional (PP\/TO).<\/em><\/p>","protected":false},"excerpt":{"rendered":"<p>J\u00e9ssica Painkow Rosa Cavalcante<br \/>Maria de Nazar\u00e9 Tavares Zenaide<br \/>Paulo C\u00e9sar Carbonari<br \/>(Orgs.)<\/p>\n<p><strong>Vers\u00e3o e-book &#8211; download gratuito &#8211; clique no bot\u00e3o Comprar<br \/>Vers\u00e3o impressa &#8211; indispon\u00edvel<\/strong><\/p>","protected":false},"featured_media":69195,"template":"","meta":{"_joinchat":[]},"product_brand":[],"product_cat":[57],"product_tag":[],"class_list":{"0":"post-69193","1":"product","2":"type-product","3":"status-publish","4":"has-post-thumbnail","6":"product_cat-ciencias-sociais-aplicadas","7":"align-center","8":"box-shadow-1","9":"box-shadow-3-hover","10":"ast-product-gallery-layout-horizontal","11":"ast-product-gallery-with-no-image","12":"ast-product-tabs-layout-horizontal","14":"first","15":"instock","16":"downloadable","17":"virtual","18":"sold-individually","19":"purchasable","20":"product-type-simple"},"_links":{"self":[{"href":"https:\/\/www.dommodesto.com.br\/en\/wp-json\/wp\/v2\/product\/69193","targetHints":{"allow":["GET"]}}],"collection":[{"href":"https:\/\/www.dommodesto.com.br\/en\/wp-json\/wp\/v2\/product"}],"about":[{"href":"https:\/\/www.dommodesto.com.br\/en\/wp-json\/wp\/v2\/types\/product"}],"wp:featuredmedia":[{"embeddable":true,"href":"https:\/\/www.dommodesto.com.br\/en\/wp-json\/wp\/v2\/media\/69195"}],"wp:attachment":[{"href":"https:\/\/www.dommodesto.com.br\/en\/wp-json\/wp\/v2\/media?parent=69193"}],"wp:term":[{"taxonomy":"product_brand","embeddable":true,"href":"https:\/\/www.dommodesto.com.br\/en\/wp-json\/wp\/v2\/product_brand?post=69193"},{"taxonomy":"product_cat","embeddable":true,"href":"https:\/\/www.dommodesto.com.br\/en\/wp-json\/wp\/v2\/product_cat?post=69193"},{"taxonomy":"product_tag","embeddable":true,"href":"https:\/\/www.dommodesto.com.br\/en\/wp-json\/wp\/v2\/product_tag?post=69193"}],"curies":[{"name":"wp","href":"https:\/\/api.w.org\/{rel}","templated":true}]}}