{"id":69190,"date":"2026-03-25T13:31:57","date_gmt":"2026-03-25T16:31:57","guid":{"rendered":"https:\/\/www.dommodesto.com.br\/?post_type=product&#038;p=69190"},"modified":"2026-04-01T14:36:55","modified_gmt":"2026-04-01T17:36:55","slug":"os-outros-animais-em-juizo-entre-a-coerencia-juridica-e-o-especismo-processual-no-brasil","status":"publish","type":"product","link":"https:\/\/www.dommodesto.com.br\/en\/product\/os-outros-animais-em-juizo-entre-a-coerencia-juridica-e-o-especismo-processual-no-brasil\/","title":{"rendered":"Os outros animais em ju\u00edzo: entre a coer\u00eancia jur\u00eddica e o especismo processual no Brasil"},"content":{"rendered":"<p style=\"text-align: justify;\">\u201cPermanecendo-se fiel ao h\u00e1bito de n\u00e3o se avan\u00e7ar na an\u00e1lise do teor da obra, tampouco em se desenvolver o tema por conta pr\u00f3pria, posto que n\u00e3o \u00e9 o caso de se aumentar a dist\u00e2ncia entre o livro e o p\u00fablico leitor, \u00e9 o caso pelo menos de se destacar alguns dos aspectos dignos de nota.<\/p>\n<p style=\"text-align: justify;\">O primeiro diz respeito \u00e0 riqueza da pesquisa empreendida pela autora, inclusive no que diz com a inclus\u00e3o, na parte final, de um atualizado e representativo estudo de casos concretos. Al\u00e9m disso, \u00e9 de se sublinhar que a autora n\u00e3o se furtou a discorrer sobre os conceitos b\u00e1sicos da teoria geral do direito e do processo aplic\u00e1veis \u00e0 mat\u00e9ria, bem como n\u00e3o deixou de singrar pelos dom\u00ednios da \u00e9tica e da justi\u00e7a animal, incluindo as teorias das capacidades. A celeuma em torno da personalidade jur\u00eddica dos animais igualmente foi adequadamente abordada, assim como merece destaque o cap\u00edtulo final, que versa sobre o especismo estrutural, jur\u00eddico e processual nas a\u00e7\u00f5es com autores n\u00e3o humanos.\u201d<\/p>\n<p style=\"text-align: justify;\"><strong>Prof. Dr. Ingo Wolfgang Sarlet<\/strong><\/p>\n<p style=\"text-align: justify;\">\u201cEm sua primeira obra a autora nos provoca desde o primeiro contato, instiga j\u00e1 a partir do t\u00edtulo, sem receio de erguer a voz para dizer o que deve ser dito. A obra revisita os conceitos b\u00e1sicos da teoria geral do direito e do processo atrav\u00e9s de um outro olhar, nos faz refletir sobre a quest\u00e3o dos animais e aponta, com precis\u00e3o cir\u00fargica, as incoer\u00eancias jur\u00eddicas e o especismo estrutural em que vivemos.\u201d<\/p>\n<p style=\"text-align: justify;\"><strong>Prof\u00aa. Dr\u00aa. Fernanda Luiza Fontoura de Medeiros<\/strong><\/p>","protected":false},"excerpt":{"rendered":"<p>Evelyne Paludo<\/p>","protected":false},"featured_media":69191,"template":"","meta":{"_joinchat":[]},"product_brand":[],"product_cat":[57],"product_tag":[],"class_list":{"0":"post-69190","1":"product","2":"type-product","3":"status-publish","4":"has-post-thumbnail","6":"product_cat-ciencias-sociais-aplicadas","7":"align-center","8":"box-shadow-1","9":"box-shadow-3-hover","10":"ast-product-gallery-layout-horizontal","11":"ast-product-gallery-with-no-image","12":"ast-product-tabs-layout-horizontal","14":"first","15":"instock","16":"shipping-taxable","17":"purchasable","18":"product-type-simple"},"_links":{"self":[{"href":"https:\/\/www.dommodesto.com.br\/en\/wp-json\/wp\/v2\/product\/69190","targetHints":{"allow":["GET"]}}],"collection":[{"href":"https:\/\/www.dommodesto.com.br\/en\/wp-json\/wp\/v2\/product"}],"about":[{"href":"https:\/\/www.dommodesto.com.br\/en\/wp-json\/wp\/v2\/types\/product"}],"wp:featuredmedia":[{"embeddable":true,"href":"https:\/\/www.dommodesto.com.br\/en\/wp-json\/wp\/v2\/media\/69191"}],"wp:attachment":[{"href":"https:\/\/www.dommodesto.com.br\/en\/wp-json\/wp\/v2\/media?parent=69190"}],"wp:term":[{"taxonomy":"product_brand","embeddable":true,"href":"https:\/\/www.dommodesto.com.br\/en\/wp-json\/wp\/v2\/product_brand?post=69190"},{"taxonomy":"product_cat","embeddable":true,"href":"https:\/\/www.dommodesto.com.br\/en\/wp-json\/wp\/v2\/product_cat?post=69190"},{"taxonomy":"product_tag","embeddable":true,"href":"https:\/\/www.dommodesto.com.br\/en\/wp-json\/wp\/v2\/product_tag?post=69190"}],"curies":[{"name":"wp","href":"https:\/\/api.w.org\/{rel}","templated":true}]}}