{"id":69151,"date":"2025-11-07T12:49:00","date_gmt":"2025-11-07T15:49:00","guid":{"rendered":"https:\/\/www.dommodesto.com.br\/?post_type=product&#038;p=69151"},"modified":"2026-03-16T13:01:26","modified_gmt":"2026-03-16T16:01:26","slug":"revista-da-oab-rio-do-sul-ano-ii-vol-ii","status":"publish","type":"product","link":"https:\/\/www.dommodesto.com.br\/en\/product\/revista-da-oab-rio-do-sul-ano-ii-vol-ii\/","title":{"rendered":"Revista da OAB Rio do Sul \u2013 ano II \u2013 vol. II"},"content":{"rendered":"<p style=\"text-align: justify;\">&#8220;A Revista da OAB Rio do Sul, a que hoje me associo, \u00e9, antes de mais, uma certeza: naquele que \u00e9 o segundo n\u00famero desta jovem publica\u00e7\u00e3o, confirma-se o que a iniciativa j\u00e1 prenunciava desde a sua estreia: uma publica\u00e7\u00e3o desde o in\u00edcio determinada, como bem demonstra a quantidade e variedade de artigos sobre temas atuais, dando espa\u00e7o a diversas vozes nos mais diferentes temas, que neste espa\u00e7o tomam a palavra.<\/p>\n<p style=\"text-align: justify;\">Esta Revista \u00e9, como bem evidencia este n\u00famero, um instrumento de divulga\u00e7\u00e3o do Direito em prol dos direitos humanos.<\/p>\n<p style=\"text-align: justify;\">Um breve olhar sobre o seu conte\u00fado demonstra bem a sua capacidade de interven\u00e7\u00e3o da palavra, em defesa dos Direitos de todos, na sua universalidade.&#8221;<\/p>\n<p style=\"text-align: justify;\">CATARINA SARMENTO E CASTRO<\/p>","protected":false},"excerpt":{"rendered":"<p>Giovane Fernando Medeiros<br \/>(Coord. da Revista da OAB Rio do Sul)<\/p>\n<p>Rodrigo Figueiredo<br \/>(Presidente da OAB Rio do Sul)<\/p>\n<p><strong>E-book gratuito \u2013 clique no bot\u00e3o Comprar<\/strong><br \/><strong>Vers\u00e3o impressa \u2013 indispon\u00edvel<\/strong><\/p>","protected":false},"featured_media":69152,"template":"","meta":{"_joinchat":[]},"product_brand":[],"product_cat":[57],"product_tag":[],"class_list":{"0":"post-69151","1":"product","2":"type-product","3":"status-publish","4":"has-post-thumbnail","6":"product_cat-ciencias-sociais-aplicadas","7":"align-center","8":"box-shadow-1","9":"box-shadow-3-hover","10":"ast-product-gallery-layout-horizontal","11":"ast-product-gallery-with-no-image","12":"ast-product-tabs-layout-horizontal","14":"first","15":"instock","16":"downloadable","17":"virtual","18":"purchasable","19":"product-type-simple"},"_links":{"self":[{"href":"https:\/\/www.dommodesto.com.br\/en\/wp-json\/wp\/v2\/product\/69151","targetHints":{"allow":["GET"]}}],"collection":[{"href":"https:\/\/www.dommodesto.com.br\/en\/wp-json\/wp\/v2\/product"}],"about":[{"href":"https:\/\/www.dommodesto.com.br\/en\/wp-json\/wp\/v2\/types\/product"}],"wp:featuredmedia":[{"embeddable":true,"href":"https:\/\/www.dommodesto.com.br\/en\/wp-json\/wp\/v2\/media\/69152"}],"wp:attachment":[{"href":"https:\/\/www.dommodesto.com.br\/en\/wp-json\/wp\/v2\/media?parent=69151"}],"wp:term":[{"taxonomy":"product_brand","embeddable":true,"href":"https:\/\/www.dommodesto.com.br\/en\/wp-json\/wp\/v2\/product_brand?post=69151"},{"taxonomy":"product_cat","embeddable":true,"href":"https:\/\/www.dommodesto.com.br\/en\/wp-json\/wp\/v2\/product_cat?post=69151"},{"taxonomy":"product_tag","embeddable":true,"href":"https:\/\/www.dommodesto.com.br\/en\/wp-json\/wp\/v2\/product_tag?post=69151"}],"curies":[{"name":"wp","href":"https:\/\/api.w.org\/{rel}","templated":true}]}}