{"id":69111,"date":"2026-03-09T18:06:36","date_gmt":"2026-03-09T21:06:36","guid":{"rendered":"https:\/\/www.dommodesto.com.br\/?post_type=product&#038;p=69111"},"modified":"2026-03-16T11:28:34","modified_gmt":"2026-03-16T14:28:34","slug":"diversidade-e-inclusao-pelo-direito-fraterno-a-desprotecao-do-direito-humano-a-saude-das-pessoas-migrantes-com-deficiencia","status":"publish","type":"product","link":"https:\/\/www.dommodesto.com.br\/en\/product\/diversidade-e-inclusao-pelo-direito-fraterno-a-desprotecao-do-direito-humano-a-saude-das-pessoas-migrantes-com-deficiencia\/","title":{"rendered":"Diversidade e inclus\u00e3o pelo Direito Fraterno: a (des)prote\u00e7\u00e3o do direito humano \u00e0 sa\u00fade das pessoas migrantes com defici\u00eancia"},"content":{"rendered":"<p style=\"text-align: justify;\">\u201cCi sono molte ragioni che sono causa della violazione dei diritti umani. E fanno bene a ricordare le autrici che i diritti umani sono quelli che solo l\u2019umanit\u00e0 pu\u00f2 violare e che nello stesso solo l\u2019umanit\u00e0 stessa pu\u00f2 tutelare. Questa \u00e8 uma consapevolezza che ho definito altre volte \u201cecologica\u201d, utile a liberare il discorso di retorica, come spesso succede.<br \/>(&#8230;)<br \/>Saggio intelligente quello di Janaina Machado Sturza, Gabrielle Scola Dutra e Renata Favoni Biudes, capace di scavare nelle capacit\u00e0 ermeneutiche del Diritto fraterno sulle sue applicazioni e persino del suo arricchimento.\u201d<\/p>\n<p>ELIGIO RESTA<\/p>","protected":false},"excerpt":{"rendered":"<p>Jana\u00edna Machado Sturza<br \/>Gabrielle Scola Dutra<br \/>Renata Favoni Biudes<\/p>\n<p><strong>Vers\u00e3o e-book &#8211; download gratuito &#8211; clique no bot\u00e3o Comprar<br \/>Vers\u00e3o impressa &#8211; indispon\u00edvel<\/strong><\/p>","protected":false},"featured_media":69113,"template":"","meta":{"_joinchat":[]},"product_brand":[],"product_cat":[57],"product_tag":[],"class_list":{"0":"post-69111","1":"product","2":"type-product","3":"status-publish","4":"has-post-thumbnail","6":"product_cat-ciencias-sociais-aplicadas","7":"align-center","8":"box-shadow-1","9":"box-shadow-3-hover","10":"ast-product-gallery-layout-horizontal","11":"ast-product-gallery-with-no-image","12":"ast-product-tabs-layout-horizontal","14":"first","15":"instock","16":"downloadable","17":"virtual","18":"sold-individually","19":"purchasable","20":"product-type-simple"},"_links":{"self":[{"href":"https:\/\/www.dommodesto.com.br\/en\/wp-json\/wp\/v2\/product\/69111","targetHints":{"allow":["GET"]}}],"collection":[{"href":"https:\/\/www.dommodesto.com.br\/en\/wp-json\/wp\/v2\/product"}],"about":[{"href":"https:\/\/www.dommodesto.com.br\/en\/wp-json\/wp\/v2\/types\/product"}],"wp:featuredmedia":[{"embeddable":true,"href":"https:\/\/www.dommodesto.com.br\/en\/wp-json\/wp\/v2\/media\/69113"}],"wp:attachment":[{"href":"https:\/\/www.dommodesto.com.br\/en\/wp-json\/wp\/v2\/media?parent=69111"}],"wp:term":[{"taxonomy":"product_brand","embeddable":true,"href":"https:\/\/www.dommodesto.com.br\/en\/wp-json\/wp\/v2\/product_brand?post=69111"},{"taxonomy":"product_cat","embeddable":true,"href":"https:\/\/www.dommodesto.com.br\/en\/wp-json\/wp\/v2\/product_cat?post=69111"},{"taxonomy":"product_tag","embeddable":true,"href":"https:\/\/www.dommodesto.com.br\/en\/wp-json\/wp\/v2\/product_tag?post=69111"}],"curies":[{"name":"wp","href":"https:\/\/api.w.org\/{rel}","templated":true}]}}