{"id":69106,"date":"2025-12-03T16:49:53","date_gmt":"2025-12-03T19:49:53","guid":{"rendered":"https:\/\/www.dommodesto.com.br\/?post_type=product&#038;p=69106"},"modified":"2026-03-09T17:50:50","modified_gmt":"2026-03-09T20:50:50","slug":"brique-de-experiencias-pedagogicas-aprendendo-com-pares-qualificando-a-educacao","status":"publish","type":"product","link":"https:\/\/www.dommodesto.com.br\/en\/product\/brique-de-experiencias-pedagogicas-aprendendo-com-pares-qualificando-a-educacao\/","title":{"rendered":"Brique de experi\u00eancias pedag\u00f3gicas: aprendendo com pares, qualificando a educa\u00e7\u00e3o"},"content":{"rendered":"<p style=\"text-align: justify;\">Reunindo relatos que emergem do cotidiano acad\u00eamico, este livro apresenta um conjunto de experi\u00eancias pedag\u00f3gicas que evidenciam a vitalidade da educa\u00e7\u00e3o quando constru\u00edda em di\u00e1logo. Cada cap\u00edtulo revela pr\u00e1ticas que articulam teoria e experimenta\u00e7\u00e3o, convidando o leitor a observar como diferentes campos do conhecimento t\u00eam enfrentado os desafios contempor\u00e2neos de ensinar e aprender. Da inova\u00e7\u00e3o metodol\u00f3gica \u00e0 incorpora\u00e7\u00e3o cr\u00edtica das tecnologias digitais e da intelig\u00eancia artificial, passando pelas dimens\u00f5es da forma\u00e7\u00e3o docente, das linguagens e da interculturalidade, comp\u00f5e-se aqui um mosaico de saberes que n\u00e3o pretende oferecer modelos prontos, mas inspirar caminhos poss\u00edveis. As narrativas mostram que a qualifica\u00e7\u00e3o da educa\u00e7\u00e3o nasce do encontro entre pares, da reflex\u00e3o situada e da disposi\u00e7\u00e3o para reinventar o cotidiano em sala de aula. Esta obra, assim, se inscreve como um espa\u00e7o de partilha e de constru\u00e7\u00e3o coletiva, reafirmando a educa\u00e7\u00e3o como pr\u00e1tica social, \u00e9tica e comprometida com o desenvolvimento humano.<\/p>","protected":false},"excerpt":{"rendered":"<p>Adriane Brill Thum<br \/>Caroline Medeiros Martins de Almeida<br \/>Cristiane Maria Schnack<br \/>Cristina Kroeff Schmitz Gibk<br \/>Dinara Dal Pai<br \/>Graziela Hoerbe Andrighetti<br \/>Renan Rodrigues de Lima<br \/>(Orgs.)<\/p>\n<p><strong>Vers\u00e3o e-book &#8211; download gratuito &#8211; clique no bot\u00e3o Comprar<br \/>Vers\u00e3o impressa &#8211; indispon\u00edvel<\/strong><\/p>","protected":false},"featured_media":69110,"template":"","meta":{"_joinchat":[]},"product_brand":[],"product_cat":[15],"product_tag":[],"class_list":{"0":"post-69106","1":"product","2":"type-product","3":"status-publish","4":"has-post-thumbnail","6":"product_cat-sem-categoria","7":"align-center","8":"box-shadow-1","9":"box-shadow-3-hover","10":"ast-product-gallery-layout-horizontal","11":"ast-product-gallery-with-no-image","12":"ast-product-tabs-layout-horizontal","14":"first","15":"instock","16":"downloadable","17":"virtual","18":"sold-individually","19":"purchasable","20":"product-type-simple"},"_links":{"self":[{"href":"https:\/\/www.dommodesto.com.br\/en\/wp-json\/wp\/v2\/product\/69106","targetHints":{"allow":["GET"]}}],"collection":[{"href":"https:\/\/www.dommodesto.com.br\/en\/wp-json\/wp\/v2\/product"}],"about":[{"href":"https:\/\/www.dommodesto.com.br\/en\/wp-json\/wp\/v2\/types\/product"}],"wp:featuredmedia":[{"embeddable":true,"href":"https:\/\/www.dommodesto.com.br\/en\/wp-json\/wp\/v2\/media\/69110"}],"wp:attachment":[{"href":"https:\/\/www.dommodesto.com.br\/en\/wp-json\/wp\/v2\/media?parent=69106"}],"wp:term":[{"taxonomy":"product_brand","embeddable":true,"href":"https:\/\/www.dommodesto.com.br\/en\/wp-json\/wp\/v2\/product_brand?post=69106"},{"taxonomy":"product_cat","embeddable":true,"href":"https:\/\/www.dommodesto.com.br\/en\/wp-json\/wp\/v2\/product_cat?post=69106"},{"taxonomy":"product_tag","embeddable":true,"href":"https:\/\/www.dommodesto.com.br\/en\/wp-json\/wp\/v2\/product_tag?post=69106"}],"curies":[{"name":"wp","href":"https:\/\/api.w.org\/{rel}","templated":true}]}}