{"id":68997,"date":"2025-11-14T13:14:14","date_gmt":"2025-11-14T16:14:14","guid":{"rendered":"https:\/\/www.dommodesto.com.br\/?post_type=product&#038;p=68997"},"modified":"2026-01-07T14:57:17","modified_gmt":"2026-01-07T17:57:17","slug":"direito-sociedade-e-justica-uma-homenagem-a-professora-andrea-arruda-vaz","status":"publish","type":"product","link":"https:\/\/www.dommodesto.com.br\/en\/product\/direito-sociedade-e-justica-uma-homenagem-a-professora-andrea-arruda-vaz\/","title":{"rendered":"Direito, sociedade e justi\u00e7a: uma homenagem \u00e0 professora Andr\u00e9a Arruda Vaz"},"content":{"rendered":"<p style=\"text-align: justify;\">A obra Direito, Sociedade e Justi\u00e7a re\u00fane treze cap\u00edtulos que representam o encontro entre pesquisa acad\u00eamica e compromisso social. Escrita por graduandos e docentes do curso de Direito da Uniensino, a colet\u00e2nea aborda temas contempor\u00e2neos e desafiadores, sem perder de vista a centralidade da dignidade da pessoa humana.<\/p>\n<p style=\"text-align: justify;\">Trata-se de um esfor\u00e7o interdisciplinar que atravessa \u00e1reas como o Direito Penal, Civil, Constitucional, Previdenci\u00e1rio e Educacional, resultando em uma produ\u00e7\u00e3o s\u00f3lida, sens\u00edvel e cr\u00edtica. A obra \u00e9 marcada pelo rigor metodol\u00f3gico e pelo olhar atento aos contextos sociojur\u00eddicos que demandam respostas inovadoras e \u00e9ticas por parte do Direito.<\/p>\n<p style=\"text-align: justify;\">Mais do que uma colet\u00e2nea de textos, este livro \u00e9 um testemunho de forma\u00e7\u00e3o. Ele expressa a pot\u00eancia do ambiente universit\u00e1rio como espa\u00e7o de elabora\u00e7\u00e3o cr\u00edtica, e homenageia, com afeto e rever\u00eancia, a trajet\u00f3ria da Professora Andr\u00e9a Arruda Vaz, cuja atua\u00e7\u00e3o como educadora inspira a pr\u00e1tica jur\u00eddica comprometida com a transforma\u00e7\u00e3o social.<\/p>\n<p style=\"text-align: justify;\">Ler este livro \u00e9 visitar diferentes portas de entrada para debates urgentes e estruturalmente complexos, com a certeza de que o pensamento jur\u00eddico, quando comprometido com a justi\u00e7a, permanece vivo, plural e necess\u00e1rio.<\/p>","protected":false},"excerpt":{"rendered":"<p>Ta\u00eds Martins<br \/>Fl\u00e1via Jeanne Ferrari<br \/>(Orgs.)<\/p>\n<p><strong>Vers\u00e3o e-book &#8211; download gratuito &#8211; clique no bot\u00e3o comprar<\/strong><br \/>Vers\u00e3o impressa &#8211; indispon\u00edvel<\/p>","protected":false},"featured_media":69000,"template":"","meta":{"_joinchat":[]},"product_brand":[],"product_cat":[57],"product_tag":[],"class_list":{"0":"post-68997","1":"product","2":"type-product","3":"status-publish","4":"has-post-thumbnail","6":"product_cat-ciencias-sociais-aplicadas","7":"align-center","8":"box-shadow-1","9":"box-shadow-3-hover","10":"ast-product-gallery-layout-horizontal","11":"ast-product-gallery-with-no-image","12":"ast-product-tabs-layout-horizontal","14":"first","15":"instock","16":"downloadable","17":"virtual","18":"purchasable","19":"product-type-simple"},"_links":{"self":[{"href":"https:\/\/www.dommodesto.com.br\/en\/wp-json\/wp\/v2\/product\/68997","targetHints":{"allow":["GET"]}}],"collection":[{"href":"https:\/\/www.dommodesto.com.br\/en\/wp-json\/wp\/v2\/product"}],"about":[{"href":"https:\/\/www.dommodesto.com.br\/en\/wp-json\/wp\/v2\/types\/product"}],"wp:featuredmedia":[{"embeddable":true,"href":"https:\/\/www.dommodesto.com.br\/en\/wp-json\/wp\/v2\/media\/69000"}],"wp:attachment":[{"href":"https:\/\/www.dommodesto.com.br\/en\/wp-json\/wp\/v2\/media?parent=68997"}],"wp:term":[{"taxonomy":"product_brand","embeddable":true,"href":"https:\/\/www.dommodesto.com.br\/en\/wp-json\/wp\/v2\/product_brand?post=68997"},{"taxonomy":"product_cat","embeddable":true,"href":"https:\/\/www.dommodesto.com.br\/en\/wp-json\/wp\/v2\/product_cat?post=68997"},{"taxonomy":"product_tag","embeddable":true,"href":"https:\/\/www.dommodesto.com.br\/en\/wp-json\/wp\/v2\/product_tag?post=68997"}],"curies":[{"name":"wp","href":"https:\/\/api.w.org\/{rel}","templated":true}]}}