{"id":68976,"date":"2025-12-26T14:29:15","date_gmt":"2025-12-26T17:29:15","guid":{"rendered":"https:\/\/www.dommodesto.com.br\/?post_type=product&#038;p=68976"},"modified":"2025-12-26T18:07:16","modified_gmt":"2025-12-26T21:07:16","slug":"trabalho-e-direitos-humanos-possibilidade-de-aplicacao-do-direito-a-jornada-de-trabalho-reduzida-para-os-empregados-celetistas-cuidadores-de-pessoas-com-deficiencia","status":"publish","type":"product","link":"https:\/\/www.dommodesto.com.br\/en\/product\/trabalho-e-direitos-humanos-possibilidade-de-aplicacao-do-direito-a-jornada-de-trabalho-reduzida-para-os-empregados-celetistas-cuidadores-de-pessoas-com-deficiencia\/","title":{"rendered":"Trabalho e direitos humanos: possibilidade de aplica\u00e7\u00e3o do direito \u00e0 jornada de trabalho reduzida para os empregados celetistas cuidadores de pessoas com defici\u00eancia"},"content":{"rendered":"<p style=\"text-align: justify;\">Este livro nasce do compromisso de pensar o Direito a partir da vida concreta, em que trabalho e cuidado se entrela\u00e7am na mesma tessitura. Ao longo destas p\u00e1ginas, demonstra-se que o valor jur\u00eddico do cuidado n\u00e3o \u00e9 concess\u00e3o, mas express\u00e3o da dignidade que funda a Rep\u00fablica. Que estas reflex\u00f5es possam inspirar juristas, gestores p\u00fablicos, trabalhadores e empresas a reconhecer que a efetividade dos direitos humanos passa, inevitavelmente, pelo reconhecimento do outro, em especial daquele que cuida e daquele que \u00e9 cuidado, como sujeito de igual valor e de igual humanidade.<\/p>\n<p style=\"text-align: justify;\">Agradecemos principalmente ao Programa de P\u00f3s-Gradua\u00e7\u00e3o em Direitos Humanos da Universidade Regional do Noroeste do Estado do Rio Grande do Sul (UNIJU\u00cd), pelo ambiente de di\u00e1logo e pelo incentivo constante \u00e0 pesquisa. Que o esp\u00edrito humanista e inclusivo que orienta o Programa siga inspirando a constru\u00e7\u00e3o de um Direito comprometido com a vida, com a justi\u00e7a e com a dignidade de todas as pessoas.<\/p>","protected":false},"excerpt":{"rendered":"<p>Lu\u00edza Rebelatto Moresco<br \/>Rosane Teresinha Carvalho Porto<\/p>\n<p><strong>Vers\u00e3o e-book &#8211; download gratuito &#8211; clique no bot\u00e3o Comprar<br \/>Vers\u00e3o impressa &#8211; em breve na Amazon e em outros grandes marketplaces<\/strong><\/p>","protected":false},"featured_media":68979,"template":"","meta":{"_joinchat":[]},"product_brand":[],"product_cat":[57],"product_tag":[],"class_list":{"0":"post-68976","1":"product","2":"type-product","3":"status-publish","4":"has-post-thumbnail","6":"product_cat-ciencias-sociais-aplicadas","7":"align-center","8":"box-shadow-1","9":"box-shadow-3-hover","10":"ast-product-gallery-layout-horizontal","11":"ast-product-gallery-with-no-image","12":"ast-product-tabs-layout-horizontal","14":"first","15":"instock","16":"downloadable","17":"virtual","18":"sold-individually","19":"purchasable","20":"product-type-simple"},"_links":{"self":[{"href":"https:\/\/www.dommodesto.com.br\/en\/wp-json\/wp\/v2\/product\/68976","targetHints":{"allow":["GET"]}}],"collection":[{"href":"https:\/\/www.dommodesto.com.br\/en\/wp-json\/wp\/v2\/product"}],"about":[{"href":"https:\/\/www.dommodesto.com.br\/en\/wp-json\/wp\/v2\/types\/product"}],"wp:featuredmedia":[{"embeddable":true,"href":"https:\/\/www.dommodesto.com.br\/en\/wp-json\/wp\/v2\/media\/68979"}],"wp:attachment":[{"href":"https:\/\/www.dommodesto.com.br\/en\/wp-json\/wp\/v2\/media?parent=68976"}],"wp:term":[{"taxonomy":"product_brand","embeddable":true,"href":"https:\/\/www.dommodesto.com.br\/en\/wp-json\/wp\/v2\/product_brand?post=68976"},{"taxonomy":"product_cat","embeddable":true,"href":"https:\/\/www.dommodesto.com.br\/en\/wp-json\/wp\/v2\/product_cat?post=68976"},{"taxonomy":"product_tag","embeddable":true,"href":"https:\/\/www.dommodesto.com.br\/en\/wp-json\/wp\/v2\/product_tag?post=68976"}],"curies":[{"name":"wp","href":"https:\/\/api.w.org\/{rel}","templated":true}]}}