{"id":68958,"date":"2025-12-22T10:26:33","date_gmt":"2025-12-22T13:26:33","guid":{"rendered":"https:\/\/www.dommodesto.com.br\/?post_type=product&#038;p=68958"},"modified":"2025-12-22T18:57:58","modified_gmt":"2025-12-22T21:57:58","slug":"politicas-publicas-no-brasil-ensaios-para-uma-gestao-publica-voltada-a-tutela-dos-direitos-humanos-vol-vii","status":"publish","type":"product","link":"https:\/\/www.dommodesto.com.br\/en\/product\/politicas-publicas-no-brasil-ensaios-para-uma-gestao-publica-voltada-a-tutela-dos-direitos-humanos-vol-vii\/","title":{"rendered":"Pol\u00edticas p\u00fablicas no Brasil: ensaios para uma gest\u00e3o p\u00fablica voltada \u00e0 tutela dos Direitos Humanos \u2013 vol. VII"},"content":{"rendered":"<p style=\"text-align: justify;\">A obra Pol\u00edticas p\u00fablicas no Brasil: ensaios para uma gest\u00e3o p\u00fablica voltada \u00e0 tutela dos direitos humanos \u2013 volume VII consolida-se como um marco de continuidade acad\u00eamica e institucional no debate cr\u00edtico sobre o papel do Estado na promo\u00e7\u00e3o, prote\u00e7\u00e3o e efetiva\u00e7\u00e3o dos direitos humanos no contexto brasileiro contempor\u00e2neo. Ao alcan\u00e7ar seu s\u00e9timo volume, a colet\u00e2nea n\u00e3o apenas reafirma um projeto editorial s\u00f3lido, desenvolvido ao longo de sete anos ininterruptos, como tamb\u00e9m evidencia a maturidade te\u00f3rica, metodol\u00f3gica e pol\u00edtica de um campo de investiga\u00e7\u00e3o que se mant\u00e9m atento \u00e0s transforma\u00e7\u00f5es sociais, jur\u00eddicas e institucionais do pa\u00eds<\/p>\n<p style=\"text-align: justify;\">Desde sua concep\u00e7\u00e3o, a s\u00e9rie se prop\u00f4s a articular produ\u00e7\u00e3o cient\u00edfica rigorosa com os desafios concretos da gest\u00e3o p\u00fablica, superando leituras meramente normativas ou abstratas das pol\u00edticas p\u00fablicas. Este volume mant\u00e9m essa voca\u00e7\u00e3o ao reunir pesquisas que dialogam, de forma transversal e cr\u00edtica, com temas sens\u00edveis e estruturantes da agenda contempor\u00e2nea dos direitos humanos, tais como sa\u00fade p\u00fablica, justi\u00e7a, igualdade racial, g\u00eanero, trabalho, tecnologia, migra\u00e7\u00e3o, sistema prisional e prote\u00e7\u00e3o de grupos historicamente vulnerabilizados. Trata-se de um conjunto de estudos que n\u00e3o se limita a diagnosticar d\u00e9ficits institucionais, mas que problematiza<br \/>pr\u00e1ticas, tensiona paradigmas e aponta possibilidades concretas de transforma\u00e7\u00e3o social.<\/p>","protected":false},"excerpt":{"rendered":"<p>Anderson Vichinkeski teixeira<br \/>Giancarlo Montagner Copelli<br \/>Marcelo Dias Jaques<br \/>(Orgs.)<\/p>\n<p><strong>Vers\u00e3o E-book &#8211; Clique no bot\u00e3o Comprar<\/strong><br \/><strong>Vers\u00e3o impressa &#8211; em breve dispon\u00edvel na Amazon e em outros grandes marketplaces.<\/strong><\/p>","protected":false},"featured_media":68959,"template":"","meta":{"_joinchat":[]},"product_brand":[],"product_cat":[57],"product_tag":[],"class_list":{"0":"post-68958","1":"product","2":"type-product","3":"status-publish","4":"has-post-thumbnail","6":"product_cat-ciencias-sociais-aplicadas","7":"align-center","8":"box-shadow-1","9":"box-shadow-3-hover","10":"ast-product-gallery-layout-horizontal","11":"ast-product-gallery-with-no-image","12":"ast-product-tabs-layout-horizontal","14":"first","15":"instock","16":"downloadable","17":"virtual","18":"sold-individually","19":"purchasable","20":"product-type-simple"},"_links":{"self":[{"href":"https:\/\/www.dommodesto.com.br\/en\/wp-json\/wp\/v2\/product\/68958","targetHints":{"allow":["GET"]}}],"collection":[{"href":"https:\/\/www.dommodesto.com.br\/en\/wp-json\/wp\/v2\/product"}],"about":[{"href":"https:\/\/www.dommodesto.com.br\/en\/wp-json\/wp\/v2\/types\/product"}],"wp:featuredmedia":[{"embeddable":true,"href":"https:\/\/www.dommodesto.com.br\/en\/wp-json\/wp\/v2\/media\/68959"}],"wp:attachment":[{"href":"https:\/\/www.dommodesto.com.br\/en\/wp-json\/wp\/v2\/media?parent=68958"}],"wp:term":[{"taxonomy":"product_brand","embeddable":true,"href":"https:\/\/www.dommodesto.com.br\/en\/wp-json\/wp\/v2\/product_brand?post=68958"},{"taxonomy":"product_cat","embeddable":true,"href":"https:\/\/www.dommodesto.com.br\/en\/wp-json\/wp\/v2\/product_cat?post=68958"},{"taxonomy":"product_tag","embeddable":true,"href":"https:\/\/www.dommodesto.com.br\/en\/wp-json\/wp\/v2\/product_tag?post=68958"}],"curies":[{"name":"wp","href":"https:\/\/api.w.org\/{rel}","templated":true}]}}