{"id":68909,"date":"2025-12-15T11:43:56","date_gmt":"2025-12-15T14:43:56","guid":{"rendered":"https:\/\/www.dommodesto.com.br\/?post_type=product&#038;p=68909"},"modified":"2025-12-15T17:05:43","modified_gmt":"2025-12-15T20:05:43","slug":"vulnerabilidade-climatica-em-perspectiva-um-olhar-desde-o-territorio-volume-iii-contexto-das-perdas-humanas","status":"publish","type":"product","link":"https:\/\/www.dommodesto.com.br\/en\/product\/vulnerabilidade-climatica-em-perspectiva-um-olhar-desde-o-territorio-volume-iii-contexto-das-perdas-humanas\/","title":{"rendered":"Vulnerabilidade clim\u00e1tica em perspectiva: um olhar desde o territ\u00f3rio. Volume III: contexto das perdas humanas"},"content":{"rendered":"<p style=\"text-align: justify;\">Vulnerabilidade Clim\u00e1tica em Perspectiva: Um Olhar Desde o Territ\u00f3rio. Volume 3: Contexto das Perdas Humanas apresenta resultados do Projeto VClima, iniciativa de coopera\u00e7\u00e3o entre institui\u00e7\u00f5es brasileiras e europeias voltada \u00e0 an\u00e1lise sociojur\u00eddica e ambiental de desastres associados \u00e0s inunda\u00e7\u00f5es, com \u00eanfase nas consequ\u00eancias humanas do evento extremo ocorrido no Rio Grande do Sul em 2024.<\/p>\n<p style=\"text-align: justify;\">Este terceiro volume concentra-se nos impactos das enchentes sobre a popula\u00e7\u00e3o diretamente atingida, examinando perdas e danos humanos a partir de dados oficiais e de sua distribui\u00e7\u00e3o territorial, bem como das condi\u00e7\u00f5es diferenciadas de vulnerabilidade que afetam grupos espec\u00edficos, como crian\u00e7as, idosos, pessoas com defici\u00eancia, povos origin\u00e1rios, comunidades quilombolas, popula\u00e7\u00e3o LGBTQI+, pessoas n\u00e3o nacionais, trabalhadores formais e informais, entre outros. A abordagem combina levantamento e integra\u00e7\u00e3o de bases institucionais, an\u00e1lise estat\u00edstica e leitura territorial, evidenciando a inter-rela\u00e7\u00e3o entre amea\u00e7a, exposi\u00e7\u00e3o, vulnerabilidade social e capacidade de resposta, al\u00e9m dos reflexos do desastre na judicializa\u00e7\u00e3o e na efetiva\u00e7\u00e3o de direitos fundamentais.<\/p>\n<p style=\"text-align: justify;\">A obra contribui para a compreens\u00e3o da vulnerabilidade clim\u00e1tica em perspectiva territorial e humana, situando-se no di\u00e1logo interdisciplinar entre direito, pol\u00edticas p\u00fablicas, direitos humanos e ci\u00eancias sociais, e oferecendo subs\u00eddios relevantes para an\u00e1lises acad\u00eamicas e institucionais voltadas \u00e0 prote\u00e7\u00e3o de grupos vulnerabilizados, \u00e0 preven\u00e7\u00e3o de riscos e \u00e0 adapta\u00e7\u00e3o diante de eventos clim\u00e1ticos extremos.<\/p>","protected":false},"excerpt":{"rendered":"<p>Sandra Regina Martini<br \/>Fernanda Dalla Libera Damacena<br \/>(Coordenadoras)<\/p>\n<p><strong>Vers\u00e3o e-book &#8211; download gratuito &#8211; clique no bot\u00e3o comprar<\/strong><br \/>Vers\u00e3o impressa &#8211; indispon\u00edvel<\/p>","protected":false},"featured_media":68922,"template":"","meta":{"_joinchat":[]},"product_brand":[],"product_cat":[57],"product_tag":[],"class_list":{"0":"post-68909","1":"product","2":"type-product","3":"status-publish","4":"has-post-thumbnail","6":"product_cat-ciencias-sociais-aplicadas","7":"align-center","8":"box-shadow-1","9":"box-shadow-3-hover","10":"ast-product-gallery-layout-horizontal","11":"ast-product-gallery-with-no-image","12":"ast-product-tabs-layout-horizontal","14":"first","15":"instock","16":"downloadable","17":"virtual","18":"sold-individually","19":"purchasable","20":"product-type-simple"},"_links":{"self":[{"href":"https:\/\/www.dommodesto.com.br\/en\/wp-json\/wp\/v2\/product\/68909","targetHints":{"allow":["GET"]}}],"collection":[{"href":"https:\/\/www.dommodesto.com.br\/en\/wp-json\/wp\/v2\/product"}],"about":[{"href":"https:\/\/www.dommodesto.com.br\/en\/wp-json\/wp\/v2\/types\/product"}],"wp:featuredmedia":[{"embeddable":true,"href":"https:\/\/www.dommodesto.com.br\/en\/wp-json\/wp\/v2\/media\/68922"}],"wp:attachment":[{"href":"https:\/\/www.dommodesto.com.br\/en\/wp-json\/wp\/v2\/media?parent=68909"}],"wp:term":[{"taxonomy":"product_brand","embeddable":true,"href":"https:\/\/www.dommodesto.com.br\/en\/wp-json\/wp\/v2\/product_brand?post=68909"},{"taxonomy":"product_cat","embeddable":true,"href":"https:\/\/www.dommodesto.com.br\/en\/wp-json\/wp\/v2\/product_cat?post=68909"},{"taxonomy":"product_tag","embeddable":true,"href":"https:\/\/www.dommodesto.com.br\/en\/wp-json\/wp\/v2\/product_tag?post=68909"}],"curies":[{"name":"wp","href":"https:\/\/api.w.org\/{rel}","templated":true}]}}