{"id":68907,"date":"2025-12-15T11:43:13","date_gmt":"2025-12-15T14:43:13","guid":{"rendered":"https:\/\/www.dommodesto.com.br\/?post_type=product&#038;p=68907"},"modified":"2025-12-15T16:56:00","modified_gmt":"2025-12-15T19:56:00","slug":"vulnerabilidade-climatica-em-perspectiva-um-olhar-desde-o-territorio-volume-ii-contexto-das-perdas-materiais","status":"publish","type":"product","link":"https:\/\/www.dommodesto.com.br\/en\/product\/vulnerabilidade-climatica-em-perspectiva-um-olhar-desde-o-territorio-volume-ii-contexto-das-perdas-materiais\/","title":{"rendered":"Vulnerabilidade clim\u00e1tica em perspectiva: um olhar desde o territ\u00f3rio. Volume II: contexto das perdas materiais"},"content":{"rendered":"<p style=\"text-align: justify;\">Vulnerabilidade Clim\u00e1tica em Perspectiva: Um Olhar Desde o Territ\u00f3rio. Volume 2: Contexto das Perdas Materiais d\u00e1 continuidade aos resultados do Projeto VClima, iniciativa de coopera\u00e7\u00e3o entre institui\u00e7\u00f5es brasileiras e europeias voltada \u00e0 an\u00e1lise sociojur\u00eddica e ambiental de desastres associados \u00e0s inunda\u00e7\u00f5es, com foco espec\u00edfico nas consequ\u00eancias materiais do evento extremo ocorrido no Rio Grande do Sul em 2024.<\/p>\n<p style=\"text-align: justify;\">Neste segundo volume, a an\u00e1lise concentra-se nas perdas e danos materiais decorrentes das enchentes, examinando de forma sistem\u00e1tica os impactos sobre habita\u00e7\u00f5es, obras de infraestrutura, servi\u00e7os p\u00fablicos essenciais, setores produtivos, patrim\u00f4nio cultural material e cadeias econ\u00f4micas locais e regionais. A abordagem articula dados oficiais, tratamento estat\u00edstico, integra\u00e7\u00e3o territorial por munic\u00edpios e bacias hidrogr\u00e1ficas, bem como an\u00e1lise cr\u00edtica das limita\u00e7\u00f5es e subnotifica\u00e7\u00f5es presentes nas bases institucionais, evidenciando a rela\u00e7\u00e3o direta entre destrui\u00e7\u00e3o material, vulnerabilidade social e agravamento das perdas humanas.<\/p>\n<p style=\"text-align: justify;\">A obra aprofunda a compreens\u00e3o da vulnerabilidade clim\u00e1tica a partir da materialidade do desastre, situando-se no di\u00e1logo interdisciplinar entre direito, pol\u00edticas p\u00fablicas, economia e planejamento territorial. Ao explicitar os efeitos em cascata das perdas materiais e seus impactos estruturais sobre a capacidade de resposta, recupera\u00e7\u00e3o e adapta\u00e7\u00e3o, o volume oferece subs\u00eddios t\u00e9cnicos e anal\u00edticos relevantes para pesquisas acad\u00eamicas, formula\u00e7\u00e3o de pol\u00edticas p\u00fablicas e decis\u00f5es institucionais voltadas \u00e0 preven\u00e7\u00e3o e \u00e0 resili\u00eancia frente a eventos clim\u00e1ticos extremos.<\/p>","protected":false},"excerpt":{"rendered":"<p>Sandra Regina Martini<br \/>Fernanda Dalla Libera Damacena<br \/>(Coordenadoras)<\/p>\n<p><strong>Vers\u00e3o e-book &#8211; download gratuito &#8211; clique no bot\u00e3o comprar<\/strong><br \/>Vers\u00e3o impressa &#8211; indispon\u00edvel<\/p>","protected":false},"featured_media":68913,"template":"","meta":{"_joinchat":[]},"product_brand":[],"product_cat":[57],"product_tag":[],"class_list":{"0":"post-68907","1":"product","2":"type-product","3":"status-publish","4":"has-post-thumbnail","6":"product_cat-ciencias-sociais-aplicadas","7":"align-center","8":"box-shadow-1","9":"box-shadow-3-hover","10":"ast-product-gallery-layout-horizontal","11":"ast-product-gallery-with-no-image","12":"ast-product-tabs-layout-horizontal","14":"first","15":"instock","16":"downloadable","17":"virtual","18":"sold-individually","19":"purchasable","20":"product-type-simple"},"_links":{"self":[{"href":"https:\/\/www.dommodesto.com.br\/en\/wp-json\/wp\/v2\/product\/68907","targetHints":{"allow":["GET"]}}],"collection":[{"href":"https:\/\/www.dommodesto.com.br\/en\/wp-json\/wp\/v2\/product"}],"about":[{"href":"https:\/\/www.dommodesto.com.br\/en\/wp-json\/wp\/v2\/types\/product"}],"wp:featuredmedia":[{"embeddable":true,"href":"https:\/\/www.dommodesto.com.br\/en\/wp-json\/wp\/v2\/media\/68913"}],"wp:attachment":[{"href":"https:\/\/www.dommodesto.com.br\/en\/wp-json\/wp\/v2\/media?parent=68907"}],"wp:term":[{"taxonomy":"product_brand","embeddable":true,"href":"https:\/\/www.dommodesto.com.br\/en\/wp-json\/wp\/v2\/product_brand?post=68907"},{"taxonomy":"product_cat","embeddable":true,"href":"https:\/\/www.dommodesto.com.br\/en\/wp-json\/wp\/v2\/product_cat?post=68907"},{"taxonomy":"product_tag","embeddable":true,"href":"https:\/\/www.dommodesto.com.br\/en\/wp-json\/wp\/v2\/product_tag?post=68907"}],"curies":[{"name":"wp","href":"https:\/\/api.w.org\/{rel}","templated":true}]}}