{"id":68855,"date":"2025-12-05T17:26:19","date_gmt":"2025-12-05T20:26:19","guid":{"rendered":"https:\/\/www.dommodesto.com.br\/?post_type=product&#038;p=68855"},"modified":"2025-12-05T17:27:14","modified_gmt":"2025-12-05T20:27:14","slug":"colecao-ruptura-ensaios-sobre-desafios-socioambientais-e-climaticos-do-seculo-xxi-vol-ii","status":"publish","type":"product","link":"https:\/\/www.dommodesto.com.br\/en\/product\/colecao-ruptura-ensaios-sobre-desafios-socioambientais-e-climaticos-do-seculo-xxi-vol-ii\/","title":{"rendered":"Cole\u00e7\u00e3o Ruptura: ensaios sobre desafios socioambientais e clim\u00e1ticos do s\u00e9culo XXI \u2013 vol. II"},"content":{"rendered":"<p style=\"text-align: justify;\">O Ruptura \u00e9 uma Organiza\u00e7\u00e3o da Sociedade Civil que se dedica \u00e0 produ\u00e7\u00e3o, promo\u00e7\u00e3o e divulga\u00e7\u00e3o de estudos e a\u00e7\u00f5es para a constru\u00e7\u00e3o de uma sociedade mais justa e equ\u00e2nime, focalizando, de maneira sist\u00eamica e interdisciplinar, temas relacionados \u00e0 prote\u00e7\u00e3o da Natureza, dos direitos humanos e da sociobiodiversidade; ao enfrentamento da emerg\u00eancia clim\u00e1tica; aos efeitos socioambientais do capital, da corrup\u00e7\u00e3o e do crime organizado; e aos aspectos que conectam a vitimologia e a sustentabilidade.<\/p>\n<p style=\"text-align: justify;\">O projeto atua sem fins lucrativos e focaliza esfor\u00e7os na divulga\u00e7\u00e3o cient\u00edfica, ensino, organiza\u00e7\u00e3o de eventos acad\u00eamicos, pesquisa cient\u00edfica, estabelecimento de parcerias e conv\u00eanios no \u00e2mbito acad\u00eamico, litig\u00e2ncia estrat\u00e9gica e advocacy nos eixos tem\u00e1ticos acima mencionados. Atualmente, a Diretoria do Ruptura \u00e9 composta por sete membros com alta forma\u00e7\u00e3o jur\u00eddica: Leura Dalla Riva (Diretora-Geral), Artur Bernardo Milchert (Diretor Executivo e Financeiro), Eduardo Schneider Lersch (Diretor de Extens\u00e3o), Francieli Iung Izolani (Diretora de Ensino, Pesquisa e Editora\u00e7\u00e3o), J\u00e9ssica Tavares Fraga Costa (Diretora de Projetos e Parcerias), Luiz Fernando Rossetti Borges (Diretor de Litig\u00e2ncia) e Mayra Ang\u00e9lica Rodriguez Avalos (Diretora do Hub Am\u00e9rica Latina).<\/p>\n<p style=\"text-align: justify;\">O Volume II da Cole\u00e7\u00e3o Ruptura d\u00e1 sequ\u00eancia \u00e0 edi\u00e7\u00e3o j\u00e1 publicada no ano de 2023 e se apresenta como uma sele\u00e7\u00e3o de ensaios de destaque publicados pelo Ruptura ao longo do ano de 2024, constituindo-se de uma colet\u00e2nea de textos que oferece uma an\u00e1lise profunda e diversificada de temas essenciais e urgentes para o nosso tempo. A obra est\u00e1 organizada em torno de cinco eixos tem\u00e1ticos interligados, que abordam quest\u00f5es vitais para a preserva\u00e7\u00e3o ambiental, a justi\u00e7a social e a sustentabilidade, desafiando-nos a repensar nossas rela\u00e7\u00f5es com a natureza, com as popula\u00e7\u00f5es vulner\u00e1veis e com os sistemas de poder que estruturam o mundo contempor\u00e2neo.<\/p>","protected":false},"excerpt":{"rendered":"<p>Artur Bernardo Milchert<br \/>Francieli Iung Izolani<br \/>Leura Dalla Riva<br \/>(Orgs.)<\/p>\n<p><strong>E-book gratuito &#8211; Clique no bot\u00e3o Comprar<\/strong><br \/><strong>Vers\u00e3o impressa &#8211; indispon\u00edvel<\/strong><\/p>","protected":false},"featured_media":68863,"template":"","meta":{"_joinchat":[]},"product_brand":[],"product_cat":[57],"product_tag":[],"class_list":{"0":"post-68855","1":"product","2":"type-product","3":"status-publish","4":"has-post-thumbnail","6":"product_cat-ciencias-sociais-aplicadas","7":"align-center","8":"box-shadow-1","9":"box-shadow-3-hover","10":"ast-product-gallery-layout-horizontal","11":"ast-product-gallery-with-no-image","12":"ast-product-tabs-layout-horizontal","14":"first","15":"instock","16":"downloadable","17":"virtual","18":"sold-individually","19":"purchasable","20":"product-type-simple"},"_links":{"self":[{"href":"https:\/\/www.dommodesto.com.br\/en\/wp-json\/wp\/v2\/product\/68855","targetHints":{"allow":["GET"]}}],"collection":[{"href":"https:\/\/www.dommodesto.com.br\/en\/wp-json\/wp\/v2\/product"}],"about":[{"href":"https:\/\/www.dommodesto.com.br\/en\/wp-json\/wp\/v2\/types\/product"}],"wp:featuredmedia":[{"embeddable":true,"href":"https:\/\/www.dommodesto.com.br\/en\/wp-json\/wp\/v2\/media\/68863"}],"wp:attachment":[{"href":"https:\/\/www.dommodesto.com.br\/en\/wp-json\/wp\/v2\/media?parent=68855"}],"wp:term":[{"taxonomy":"product_brand","embeddable":true,"href":"https:\/\/www.dommodesto.com.br\/en\/wp-json\/wp\/v2\/product_brand?post=68855"},{"taxonomy":"product_cat","embeddable":true,"href":"https:\/\/www.dommodesto.com.br\/en\/wp-json\/wp\/v2\/product_cat?post=68855"},{"taxonomy":"product_tag","embeddable":true,"href":"https:\/\/www.dommodesto.com.br\/en\/wp-json\/wp\/v2\/product_tag?post=68855"}],"curies":[{"name":"wp","href":"https:\/\/api.w.org\/{rel}","templated":true}]}}