{"id":68847,"date":"2025-12-05T16:45:33","date_gmt":"2025-12-05T19:45:33","guid":{"rendered":"https:\/\/www.dommodesto.com.br\/?post_type=product&#038;p=68847"},"modified":"2025-12-05T17:22:40","modified_gmt":"2025-12-05T20:22:40","slug":"direito-tecnologia-e-inovacao","status":"publish","type":"product","link":"https:\/\/www.dommodesto.com.br\/en\/product\/direito-tecnologia-e-inovacao\/","title":{"rendered":"Direito, tecnologia e inova\u00e7\u00e3o"},"content":{"rendered":"<p style=\"text-align: justify;\">\u201cMais do que um conjunto de artigos, esta obra representa um exerc\u00edcio coletivo de reflex\u00e3o cr\u00edtica, no qual os(as) discentes foram desafiados a explorar as tens\u00f5es entre as transforma\u00e7\u00f5es tecnol\u00f3gicas e os fundamentos do Estado Democr\u00e1tico de Direito. O resultado \u00e9 uma colet\u00e2nea plural, marcada pela densidade te\u00f3rica, pela diversidade tem\u00e1tica e pela originalidade das propostas apresentadas.<\/p>\n<p style=\"text-align: justify;\">O ponto de partida da disciplina foi simples, mas instigante: compreender de que forma a acelera\u00e7\u00e3o tecnol\u00f3gica \u2014 especialmente no campo da intelig\u00eancia artificial, das plataformas digitais e da biotecnologia \u2014 est\u00e1 remodelando os alicerces do direito contempor\u00e2neo. Para isso, buscamos dialogar com referenciais cl\u00e1ssicos e contempor\u00e2neos, analisar experi\u00eancias regulat\u00f3rias nacionais e internacionais e refletir criticamente sobre os impactos sociais, \u00e9ticos e pol\u00edticos da inova\u00e7\u00e3o.<\/p>\n<p style=\"text-align: justify;\">Os cap\u00edtulos aqui reunidos percorrem desde quest\u00f5es estruturais, como a privacidade na era digital, os desafios da intelig\u00eancia artificial na produ\u00e7\u00e3o de decis\u00f5es judiciais e os riscos da ciberseguran\u00e7a, at\u00e9 problemas emergentes de alta relev\u00e2ncia social, como a misoginia digital, a transfobia online, os dilemas da reprodu\u00e7\u00e3o assistida e a participa\u00e7\u00e3o cidad\u00e3 na regula\u00e7\u00e3o algor\u00edtmica. O leitor encontrar\u00e1, ainda, an\u00e1lises voltadas \u00e0 governan\u00e7a global da tecnologia, como as li\u00e7\u00f5es do AI Act europeu e os desafios do Direito Espacial diante da guerra algor\u00edtmica orbital.\u201d<\/p>\n<p style=\"text-align: justify;\"><strong>Gustavo Borges<\/strong><\/p>","protected":false},"excerpt":{"rendered":"<p>Wilson Engelmann<br \/>Felippe Martins Brasiliense de Souza Curia<br \/>(Orgs.)<\/p>\n<p><strong>E-book gratuito &#8211; Clique no bot\u00e3o Comprar<\/strong><br \/><strong>Vers\u00e3o impressa &#8211; indispon\u00edvel<\/strong><\/p>","protected":false},"featured_media":68849,"template":"","meta":{"_joinchat":[]},"product_brand":[],"product_cat":[57],"product_tag":[],"class_list":{"0":"post-68847","1":"product","2":"type-product","3":"status-publish","4":"has-post-thumbnail","6":"product_cat-ciencias-sociais-aplicadas","7":"align-center","8":"box-shadow-1","9":"box-shadow-3-hover","10":"ast-product-gallery-layout-horizontal","11":"ast-product-gallery-with-no-image","12":"ast-product-tabs-layout-horizontal","14":"first","15":"instock","16":"downloadable","17":"virtual","18":"sold-individually","19":"purchasable","20":"product-type-simple"},"_links":{"self":[{"href":"https:\/\/www.dommodesto.com.br\/en\/wp-json\/wp\/v2\/product\/68847","targetHints":{"allow":["GET"]}}],"collection":[{"href":"https:\/\/www.dommodesto.com.br\/en\/wp-json\/wp\/v2\/product"}],"about":[{"href":"https:\/\/www.dommodesto.com.br\/en\/wp-json\/wp\/v2\/types\/product"}],"wp:featuredmedia":[{"embeddable":true,"href":"https:\/\/www.dommodesto.com.br\/en\/wp-json\/wp\/v2\/media\/68849"}],"wp:attachment":[{"href":"https:\/\/www.dommodesto.com.br\/en\/wp-json\/wp\/v2\/media?parent=68847"}],"wp:term":[{"taxonomy":"product_brand","embeddable":true,"href":"https:\/\/www.dommodesto.com.br\/en\/wp-json\/wp\/v2\/product_brand?post=68847"},{"taxonomy":"product_cat","embeddable":true,"href":"https:\/\/www.dommodesto.com.br\/en\/wp-json\/wp\/v2\/product_cat?post=68847"},{"taxonomy":"product_tag","embeddable":true,"href":"https:\/\/www.dommodesto.com.br\/en\/wp-json\/wp\/v2\/product_tag?post=68847"}],"curies":[{"name":"wp","href":"https:\/\/api.w.org\/{rel}","templated":true}]}}