{"id":68832,"date":"2025-12-04T14:24:11","date_gmt":"2025-12-04T17:24:11","guid":{"rendered":"https:\/\/www.dommodesto.com.br\/?post_type=product&#038;p=68832"},"modified":"2025-12-04T15:19:29","modified_gmt":"2025-12-04T18:19:29","slug":"do-direito-a-nao-agrointoxicacao-ao-direito-a-soberania-alimentar-o-caso-da-polifeira-de-santa-maria-rs-como-exemplo-para-a-aplicacao-da-teoria-do-comunitarismo-responsivo-no-brasil","status":"publish","type":"product","link":"https:\/\/www.dommodesto.com.br\/en\/product\/do-direito-a-nao-agrointoxicacao-ao-direito-a-soberania-alimentar-o-caso-da-polifeira-de-santa-maria-rs-como-exemplo-para-a-aplicacao-da-teoria-do-comunitarismo-responsivo-no-brasil\/","title":{"rendered":"Do direito a n\u00e3o agrointoxica\u00e7\u00e3o ao direito \u00e0 soberania alimentar: o caso da Polifeira de Santa Maria\/RS como exemplo para a aplica\u00e7\u00e3o da Teoria do Comunitarismo Responsivo no Brasil"},"content":{"rendered":"<p style=\"text-align: justify;\">&#8220;Dentre as contribui\u00e7\u00f5es mais not\u00e1veis deste estudo, destaca-se a clareza com que demonstra que a efetiva\u00e7\u00e3o da soberania alimentar demanda mais do que normas ou pol\u00edticas p\u00fablicas: exige, sobretudo, uma cultura pol\u00edtica do cuidado, da solidariedade e da corresponsabilidade entre os sujeitos e institui\u00e7\u00f5es que integram a teia da vida em sociedade. A Polifeira, nesse sentido, \u00e9 apresentada como um microcosmo de possibilidades, com suas virtudes e contradi\u00e7\u00f5es, para uma pr\u00e1xis jur\u00eddica comprometida com a justi\u00e7a socioambiental.<\/p>\n<p style=\"text-align: justify;\">Ao final, resta evidente que a Polifeira de Santa Maria\/RS, apesar de suas limita\u00e7\u00f5es e desafios, como a dificuldade de mobiliza\u00e7\u00e3o coletiva, os entraves da transi\u00e7\u00e3o agroecol\u00f3gica e os impactos clim\u00e1ticos, \u00e9 uma experi\u00eancia concreta e inspiradora de resist\u00eancia e transforma\u00e7\u00e3o. O livro, ao analis\u00e1-la com rigor acad\u00eamico e sensibilidade pol\u00edtica, se torna leitura indispens\u00e1vel para juristas, cientistas sociais, gestores p\u00fablicos, agricultores, ambientalistas e todos os que atuam pela constru\u00e7\u00e3o de uma sociedade mais justa, saud\u00e1vel e sustent\u00e1vel.\u201d<\/p>\n<p><strong>Jacson Roberto Cervi<\/strong><\/p>","protected":false},"excerpt":{"rendered":"<p>Francieli Iung Izolani<\/p>\n<p><strong>Vers\u00e3o E-book &#8211; Clique no bot\u00e3o Comprar<\/strong><br \/><strong>Vers\u00e3o impressa &#8211; em breve dispon\u00edvel na Amazon e em outros grandes marketplaces.<\/strong><\/p>","protected":false},"featured_media":68834,"template":"","meta":{"_joinchat":[]},"product_brand":[],"product_cat":[15],"product_tag":[],"class_list":{"0":"post-68832","1":"product","2":"type-product","3":"status-publish","4":"has-post-thumbnail","6":"product_cat-sem-categoria","7":"align-center","8":"box-shadow-1","9":"box-shadow-3-hover","10":"ast-product-gallery-layout-horizontal","11":"ast-product-gallery-with-no-image","12":"ast-product-tabs-layout-horizontal","14":"first","15":"instock","16":"downloadable","17":"virtual","18":"sold-individually","19":"purchasable","20":"product-type-simple"},"_links":{"self":[{"href":"https:\/\/www.dommodesto.com.br\/en\/wp-json\/wp\/v2\/product\/68832","targetHints":{"allow":["GET"]}}],"collection":[{"href":"https:\/\/www.dommodesto.com.br\/en\/wp-json\/wp\/v2\/product"}],"about":[{"href":"https:\/\/www.dommodesto.com.br\/en\/wp-json\/wp\/v2\/types\/product"}],"wp:featuredmedia":[{"embeddable":true,"href":"https:\/\/www.dommodesto.com.br\/en\/wp-json\/wp\/v2\/media\/68834"}],"wp:attachment":[{"href":"https:\/\/www.dommodesto.com.br\/en\/wp-json\/wp\/v2\/media?parent=68832"}],"wp:term":[{"taxonomy":"product_brand","embeddable":true,"href":"https:\/\/www.dommodesto.com.br\/en\/wp-json\/wp\/v2\/product_brand?post=68832"},{"taxonomy":"product_cat","embeddable":true,"href":"https:\/\/www.dommodesto.com.br\/en\/wp-json\/wp\/v2\/product_cat?post=68832"},{"taxonomy":"product_tag","embeddable":true,"href":"https:\/\/www.dommodesto.com.br\/en\/wp-json\/wp\/v2\/product_tag?post=68832"}],"curies":[{"name":"wp","href":"https:\/\/api.w.org\/{rel}","templated":true}]}}