{"id":68816,"date":"2025-12-01T20:54:14","date_gmt":"2025-12-01T23:54:14","guid":{"rendered":"https:\/\/www.dommodesto.com.br\/?post_type=product&#038;p=68816"},"modified":"2025-12-03T17:51:21","modified_gmt":"2025-12-03T20:51:21","slug":"inteligencia-artificial-em-dialogo-desafios-interdisciplinares-do-novo-seculo","status":"publish","type":"product","link":"https:\/\/www.dommodesto.com.br\/en\/product\/inteligencia-artificial-em-dialogo-desafios-interdisciplinares-do-novo-seculo\/","title":{"rendered":"Intelig\u00eancia artificial em di\u00e1logo: desafios interdisciplinares do novo s\u00e9culo"},"content":{"rendered":"<p style=\"text-align: justify;\">Como se sabe, vivemos em um tempo marcado por uma virtualidade profundamente transformadora, decorrente das magn\u00edficas inova\u00e7\u00f5es tecnol\u00f3gicas das \u00faltimas d\u00e9cadas do s\u00e9culo XX e dos anos iniciais do Terceiro Mil\u00eanio, que, at\u00e9 meados do s\u00e9culo XX, eram compreendidas apenas nas esferas da fic\u00e7\u00e3o, do sonho e da fantasia. Como disse Salvador Giner, soci\u00f3logo e jurista espanhol, \u201ca fragmenta\u00e7\u00e3o e prolifera\u00e7\u00e3o das diversas no\u00e7\u00f5es de tempo que hoje possu\u00edmos enfraquecem as categorias temporais b\u00e1sicas, que ordenavam nossa concep\u00e7\u00e3o da hist\u00f3ria assim como do tempo mesmo, seja humano, divino ou c\u00f3smico\u201d. Tais conquistas cient\u00edfico-tecnol\u00f3gicas encolheram os horizontes do mundo e, em sua ambival\u00eancia, para o bem, integram culturas, divulgam a ci\u00eancia, aprimoram servi\u00e7os e aumentam a produtividade. Nessa mesma dire\u00e7\u00e3o, agilizam os mercados, aperfei\u00e7oam recursos voltados aos diagn\u00f3sticos m\u00e9dicos, melhoram substancialmente as condi\u00e7\u00f5es de ensino e aprendizagem, al\u00e9m de realizarem an\u00e1lises de dados com alta resolu\u00e7\u00e3o, tornando-se, nessa perspectiva, valios\u00edssimas ferramentas para resolver problemas do cotidiano dos seres humanos. Contudo, para o mal, se prestam para disseminar desinforma\u00e7\u00e3o (misinformation) em forma de fake news, deepfake e de mensagens compreendendo negacionismo hist\u00f3rico ou cient\u00edfico e, dessa forma, provocar medo, destruir reputa\u00e7\u00f5es e propagar discursos de \u00f3dio. As tecnologias da informa\u00e7\u00e3o provocaram mudan\u00e7as t\u00e3o profundas, \u2013 assegura Klaus Schwab, fundador e presidente executivo do F\u00f3rum Econ\u00f4mico Mundial \u2013, \u201cque, na perspectiva da hist\u00f3ria da humanidade, nunca houve um momento t\u00e3o potencialmente promissor ou perigoso\u201d.<\/p>\n<p style=\"text-align: justify;\">\u00c9 sob esse cen\u00e1rio que destacamos a presente obra, considerando o fato de que, nos dias atuais, a intelig\u00eancia artificial tornou-se instrumento importante e utilizado em quase todas as atividades humanas. Angela Dias Mendes edificou uma colet\u00e2nea que re\u00fane temas redigidos com clareza e objetividade, e que apresentam incontest\u00e1vel import\u00e2ncia para a compreens\u00e3o da aplicabilidade da intelig\u00eancia artificial em \u00e1reas de alta significa\u00e7\u00e3o para os interesses, ritmos e afazeres dos seres humanos, hoje transformados em consumidores digitais. Como afirmam os autores, a presente obra \u00e9 \u201cum convite ao di\u00e1logo interdisciplinar e \u00e0 participa\u00e7\u00e3o ativa na constru\u00e7\u00e3o de um futuro em que a IA se torne instrumento de emancipa\u00e7\u00e3o, inclus\u00e3o e bem-estar social\u201d.<\/p>\n<p><strong>Ant\u00f4nio Celso Alves Pereira <\/strong><\/p>","protected":false},"excerpt":{"rendered":"<p>Angela Dias Mendes<br \/>Ant\u00f3nio Manuel Rochette Cordeiro<br \/>(Org.)<\/p>\n<p><strong>E-book gratuito &#8211; Clique no bot\u00e3o Comprar<\/strong><br \/><strong>Vers\u00e3o impressa &#8211; indispon\u00edvel<\/strong><\/p>","protected":false},"featured_media":68822,"template":"","meta":{"_joinchat":[]},"product_brand":[],"product_cat":[57],"product_tag":[],"class_list":{"0":"post-68816","1":"product","2":"type-product","3":"status-publish","4":"has-post-thumbnail","6":"product_cat-ciencias-sociais-aplicadas","7":"align-center","8":"box-shadow-1","9":"box-shadow-3-hover","10":"ast-product-gallery-layout-horizontal","11":"ast-product-gallery-with-no-image","12":"ast-product-tabs-layout-horizontal","14":"first","15":"instock","16":"downloadable","17":"virtual","18":"sold-individually","19":"purchasable","20":"product-type-simple"},"_links":{"self":[{"href":"https:\/\/www.dommodesto.com.br\/en\/wp-json\/wp\/v2\/product\/68816","targetHints":{"allow":["GET"]}}],"collection":[{"href":"https:\/\/www.dommodesto.com.br\/en\/wp-json\/wp\/v2\/product"}],"about":[{"href":"https:\/\/www.dommodesto.com.br\/en\/wp-json\/wp\/v2\/types\/product"}],"wp:featuredmedia":[{"embeddable":true,"href":"https:\/\/www.dommodesto.com.br\/en\/wp-json\/wp\/v2\/media\/68822"}],"wp:attachment":[{"href":"https:\/\/www.dommodesto.com.br\/en\/wp-json\/wp\/v2\/media?parent=68816"}],"wp:term":[{"taxonomy":"product_brand","embeddable":true,"href":"https:\/\/www.dommodesto.com.br\/en\/wp-json\/wp\/v2\/product_brand?post=68816"},{"taxonomy":"product_cat","embeddable":true,"href":"https:\/\/www.dommodesto.com.br\/en\/wp-json\/wp\/v2\/product_cat?post=68816"},{"taxonomy":"product_tag","embeddable":true,"href":"https:\/\/www.dommodesto.com.br\/en\/wp-json\/wp\/v2\/product_tag?post=68816"}],"curies":[{"name":"wp","href":"https:\/\/api.w.org\/{rel}","templated":true}]}}