{"id":68798,"date":"2025-11-29T20:50:19","date_gmt":"2025-11-29T23:50:19","guid":{"rendered":"https:\/\/www.dommodesto.com.br\/?post_type=product&#038;p=68798"},"modified":"2025-12-02T12:29:35","modified_gmt":"2025-12-02T15:29:35","slug":"enfrentamentos-a-emergencia-climatica-nos-municipios-olhares-e-saberes-para-compreender-a-crise-ambiental","status":"publish","type":"product","link":"https:\/\/www.dommodesto.com.br\/en\/product\/enfrentamentos-a-emergencia-climatica-nos-municipios-olhares-e-saberes-para-compreender-a-crise-ambiental\/","title":{"rendered":"Enfrentamentos \u00e0 Emerg\u00eancia Clim\u00e1tica nos munic\u00edpios: olhares e saberes para compreender a crise ambiental"},"content":{"rendered":"<p style=\"text-align: justify;\">A crise clim\u00e1tica domina o debate internacional e exige mudan\u00e7as de uso do solo, da \u00e1gua e das florestas, bem como pol\u00edticas capazes de reduzir emiss\u00f5es e preparar se para os eventos extremos. Partindo do reconhecimento de que a natureza n\u00e3o \u00e9 mero insumo da economia, mas a base da vida, esta obra re\u00fane pesquisadores de diversas universidades latino americanas num esfor\u00e7o transdisciplinar que busca compreender e enfrentar a emerg\u00eancia clim\u00e1tica a partir do n\u00edvel local.<\/p>\n<p style=\"text-align: justify;\">Ao longo de quinze cap\u00edtulos, o livro examina temas que v\u00e3o desde a rela\u00e7\u00e3o entre capitalismo e aquecimento global at\u00e9 sistemas socioambientais e sociedades sustent\u00e1veis. Discute o direito humano \u00e0 moradia sob perspectiva decolonial, apontando que esse direito supera a dimens\u00e3o material e implica inclus\u00e3o e participa\u00e7\u00e3o social.<\/p>\n<p style=\"text-align: justify;\">Destaca-se a import\u00e2ncia da governan\u00e7a clim\u00e1tica municipal: por estarem pr\u00f3ximos das comunidades, os munic\u00edpios t\u00eam papel estrat\u00e9gico na gest\u00e3o de riscos e na promo\u00e7\u00e3o da resili\u00eancia urbana, articulando atores p\u00fablicos e privados em processos participativos.<\/p>\n<p style=\"text-align: justify;\">A Agenda 2030 da ONU aparece como guia para mitigar os efeitos das mudan\u00e7as clim\u00e1ticas sobre popula\u00e7\u00f5es vulner\u00e1veis, enfatizando que o desenvolvimento sustent\u00e1vel envolve dimens\u00f5es ambientais, sociais e econ\u00f4micas interligadas. A sustentabilidade \u00e9 tratada como tema nucleador, exigindo abordagens interdisciplinares que contemplem educa\u00e7\u00e3o ambiental, manuten\u00e7\u00e3o dos ecossistemas e novas formas de produ\u00e7\u00e3o e consumo.<\/p>\n<p style=\"text-align: justify;\">O conjunto de reflex\u00f5es engloba ainda interseccionalidades de g\u00eanero, direito \u00e0 \u00e1gua, coopera\u00e7\u00e3o transfronteiri\u00e7a e experi\u00eancias de economia cooperativa, convidando o leitor a pensar pol\u00edticas p\u00fablicas que integrem justi\u00e7a social e cuidado com a \u201ccasa comum\u201d.<\/p>","protected":false},"excerpt":{"rendered":"<p>Daniel Rubens Cenci<br \/>Diana Arellano<br \/>(Orgs.)<\/p>\n<p><strong>E-book gratuito &#8211; Clique no bot\u00e3o Comprar<\/strong><br \/><strong>Vers\u00e3o impressa &#8211; indispon\u00edvel<\/strong><\/p>","protected":false},"featured_media":68801,"template":"","meta":{"_joinchat":[]},"product_brand":[],"product_cat":[57],"product_tag":[],"class_list":{"0":"post-68798","1":"product","2":"type-product","3":"status-publish","4":"has-post-thumbnail","6":"product_cat-ciencias-sociais-aplicadas","7":"align-center","8":"box-shadow-1","9":"box-shadow-3-hover","10":"ast-product-gallery-layout-horizontal","11":"ast-product-gallery-with-no-image","12":"ast-product-tabs-layout-horizontal","14":"first","15":"instock","16":"downloadable","17":"virtual","18":"sold-individually","19":"purchasable","20":"product-type-simple"},"_links":{"self":[{"href":"https:\/\/www.dommodesto.com.br\/en\/wp-json\/wp\/v2\/product\/68798","targetHints":{"allow":["GET"]}}],"collection":[{"href":"https:\/\/www.dommodesto.com.br\/en\/wp-json\/wp\/v2\/product"}],"about":[{"href":"https:\/\/www.dommodesto.com.br\/en\/wp-json\/wp\/v2\/types\/product"}],"wp:featuredmedia":[{"embeddable":true,"href":"https:\/\/www.dommodesto.com.br\/en\/wp-json\/wp\/v2\/media\/68801"}],"wp:attachment":[{"href":"https:\/\/www.dommodesto.com.br\/en\/wp-json\/wp\/v2\/media?parent=68798"}],"wp:term":[{"taxonomy":"product_brand","embeddable":true,"href":"https:\/\/www.dommodesto.com.br\/en\/wp-json\/wp\/v2\/product_brand?post=68798"},{"taxonomy":"product_cat","embeddable":true,"href":"https:\/\/www.dommodesto.com.br\/en\/wp-json\/wp\/v2\/product_cat?post=68798"},{"taxonomy":"product_tag","embeddable":true,"href":"https:\/\/www.dommodesto.com.br\/en\/wp-json\/wp\/v2\/product_tag?post=68798"}],"curies":[{"name":"wp","href":"https:\/\/api.w.org\/{rel}","templated":true}]}}