{"id":68795,"date":"2025-11-29T20:27:58","date_gmt":"2025-11-29T23:27:58","guid":{"rendered":"https:\/\/www.dommodesto.com.br\/?post_type=product&#038;p=68795"},"modified":"2025-12-04T14:24:02","modified_gmt":"2025-12-04T17:24:02","slug":"direito-a-seguranca-alimentar-e-acesso-a-informacao-ambiental-agrointoxicacao-e-impactos-do-consumo-de-hortifrutigranjeiros","status":"publish","type":"product","link":"https:\/\/www.dommodesto.com.br\/en\/product\/direito-a-seguranca-alimentar-e-acesso-a-informacao-ambiental-agrointoxicacao-e-impactos-do-consumo-de-hortifrutigranjeiros\/","title":{"rendered":"Direito \u00e0 seguran\u00e7a alimentar e acesso \u00e0 informa\u00e7\u00e3o ambiental: agrointoxica\u00e7\u00e3o e impactos do consumo de hortifrutigranjeiros"},"content":{"rendered":"<p style=\"text-align: justify;\">Direito \u00e0 seguran\u00e7a alimentar e acesso \u00e0 informa\u00e7\u00e3o ambiental oferece uma reflex\u00e3o aprofundada sobre a forma como a contemporaneidade reorganiza a rela\u00e7\u00e3o entre alimenta\u00e7\u00e3o, ambiente e modos de produ\u00e7\u00e3o agr\u00edcola. Partindo da constata\u00e7\u00e3o de que a globaliza\u00e7\u00e3o tecnol\u00f3gica e econ\u00f4mica ampliou os mecanismos de controle sobre a natureza e reduziu a complexidade ecol\u00f3gica a par\u00e2metros produtivistas, o estudo examina como esse processo repercute na seguran\u00e7a alimentar e na sa\u00fade coletiva. O livro evidencia que a produ\u00e7\u00e3o de hortifrutigranjeiros no Brasil, marcada pelo uso intensivo de agrot\u00f3xicos e pela l\u00f3gica das monoculturas, constitui um dos pontos mais cr\u00edticos dessa engrenagem, pois transforma o alimento em mercadoria e o consumidor em sujeito exposto a riscos invisibilizados.<\/p>\n<p style=\"text-align: justify;\">A autora articula refer\u00eancias nacionais e internacionais para demonstrar que a seguran\u00e7a alimentar n\u00e3o se restringe ao acesso f\u00edsico ao alimento, mas envolve a dimens\u00e3o qualitativa, informacional e ambiental que o sustenta. A partir de uma abordagem sist\u00eamico-complexa, o texto examina o impacto da agrointoxica\u00e7\u00e3o, discute a fragilidade das pol\u00edticas p\u00fablicas de regula\u00e7\u00e3o e evidencia a dist\u00e2ncia entre o direito fundamental \u00e0 informa\u00e7\u00e3o ambiental e a realidade dos consumidores, frequentemente privados de dados essenciais sobre os produtos que chegam \u00e0s suas mesas.<\/p>\n<p style=\"text-align: justify;\">Com an\u00e1lise detalhada dos relat\u00f3rios oficiais, da legisla\u00e7\u00e3o aplic\u00e1vel, de estudos epidemiol\u00f3gicos e do panorama produtivo brasileiro, a obra ilumina as tens\u00f5es entre o modelo agr\u00edcola dominante e a constru\u00e7\u00e3o de pr\u00e1ticas alimentares seguras, transparentes e sustent\u00e1veis. Ao faz\u00ea-lo, reafirma a centralidade do direito \u00e0 seguran\u00e7a alimentar como componente indissoci\u00e1vel da dignidade humana, ao mesmo tempo em que aponta caminhos poss\u00edveis para a supera\u00e7\u00e3o do paradigma agroqu\u00edmico e para a promo\u00e7\u00e3o de escolhas de consumo mais conscientes.<\/p>","protected":false},"excerpt":{"rendered":"<p>Francieli Iung Izolani<\/p>\n<p><strong>Vers\u00e3o E-book &#8211; Clique no bot\u00e3o Comprar<\/strong><br \/><strong>Vers\u00e3o impressa &#8211; em breve dispon\u00edvel na Amazon e em outros grandes marketplaces.<\/strong><\/p>","protected":false},"featured_media":68797,"template":"","meta":{"_joinchat":[]},"product_brand":[],"product_cat":[57],"product_tag":[],"class_list":{"0":"post-68795","1":"product","2":"type-product","3":"status-publish","4":"has-post-thumbnail","6":"product_cat-ciencias-sociais-aplicadas","7":"align-center","8":"box-shadow-1","9":"box-shadow-3-hover","10":"ast-product-gallery-layout-horizontal","11":"ast-product-gallery-with-no-image","12":"ast-product-tabs-layout-horizontal","14":"first","15":"instock","16":"downloadable","17":"virtual","18":"sold-individually","19":"purchasable","20":"product-type-simple"},"_links":{"self":[{"href":"https:\/\/www.dommodesto.com.br\/en\/wp-json\/wp\/v2\/product\/68795","targetHints":{"allow":["GET"]}}],"collection":[{"href":"https:\/\/www.dommodesto.com.br\/en\/wp-json\/wp\/v2\/product"}],"about":[{"href":"https:\/\/www.dommodesto.com.br\/en\/wp-json\/wp\/v2\/types\/product"}],"wp:featuredmedia":[{"embeddable":true,"href":"https:\/\/www.dommodesto.com.br\/en\/wp-json\/wp\/v2\/media\/68797"}],"wp:attachment":[{"href":"https:\/\/www.dommodesto.com.br\/en\/wp-json\/wp\/v2\/media?parent=68795"}],"wp:term":[{"taxonomy":"product_brand","embeddable":true,"href":"https:\/\/www.dommodesto.com.br\/en\/wp-json\/wp\/v2\/product_brand?post=68795"},{"taxonomy":"product_cat","embeddable":true,"href":"https:\/\/www.dommodesto.com.br\/en\/wp-json\/wp\/v2\/product_cat?post=68795"},{"taxonomy":"product_tag","embeddable":true,"href":"https:\/\/www.dommodesto.com.br\/en\/wp-json\/wp\/v2\/product_tag?post=68795"}],"curies":[{"name":"wp","href":"https:\/\/api.w.org\/{rel}","templated":true}]}}