{"id":68788,"date":"2025-11-27T18:03:35","date_gmt":"2025-11-27T21:03:35","guid":{"rendered":"https:\/\/www.dommodesto.com.br\/?post_type=product&#038;p=68788"},"modified":"2025-11-27T18:03:35","modified_gmt":"2025-11-27T21:03:35","slug":"metodologia-de-pesquisa-em-ensino-de-ciencias-e-matematica","status":"publish","type":"product","link":"https:\/\/www.dommodesto.com.br\/en\/product\/metodologia-de-pesquisa-em-ensino-de-ciencias-e-matematica\/","title":{"rendered":"Metodologia de pesquisa em ensino de Ci\u00eancias e Matem\u00e1tica"},"content":{"rendered":"<p style=\"text-align: justify;\">A pesquisa educacional exige sensibilidade para compreender contextos, sujeitos e pr\u00e1ticas em toda a sua complexidade. Este livro apresenta um olhar renovado sobre o ensino de Ci\u00eancias e Matem\u00e1tica, mostrando como diferentes metodologias qualitativas podem revelar dimens\u00f5es pouco exploradas, ampliar perspectivas e inspirar transforma\u00e7\u00f5es na sala de aula e na forma\u00e7\u00e3o docente.<\/p>\n<p style=\"text-align: justify;\">Mais do que um manual de t\u00e9cnicas, trata-se de uma obra que valoriza a reflex\u00e3o cr\u00edtica e o compromisso \u00e9tico do pesquisador. Ao convidar o leitor a explorar m\u00faltiplos caminhos investigativos, oferece n\u00e3o apenas ferramentas conceituais ou metodol\u00f3gicas, mas tamb\u00e9m horizontes para compreender e produzir novas formas de pensar a educa\u00e7\u00e3o<\/p>","protected":false},"excerpt":{"rendered":"<p>Jos\u00e9 Wilson dos Santos<br \/>(Orgs.)<\/p>\n<p><strong>E-book gratuito &#8211; Clique no bot\u00e3o Comprar<\/strong><br \/><strong>Vers\u00e3o impressa &#8211; indispon\u00edvel<\/strong><\/p>","protected":false},"featured_media":68790,"template":"","meta":{"_joinchat":[]},"product_brand":[],"product_cat":[143],"product_tag":[],"class_list":{"0":"post-68788","1":"product","2":"type-product","3":"status-publish","4":"has-post-thumbnail","6":"product_cat-ciencias-humanas","7":"align-center","8":"box-shadow-1","9":"box-shadow-3-hover","10":"ast-product-gallery-layout-horizontal","11":"ast-product-gallery-with-no-image","12":"ast-product-tabs-layout-horizontal","14":"first","15":"instock","16":"downloadable","17":"virtual","18":"purchasable","19":"product-type-simple"},"_links":{"self":[{"href":"https:\/\/www.dommodesto.com.br\/en\/wp-json\/wp\/v2\/product\/68788","targetHints":{"allow":["GET"]}}],"collection":[{"href":"https:\/\/www.dommodesto.com.br\/en\/wp-json\/wp\/v2\/product"}],"about":[{"href":"https:\/\/www.dommodesto.com.br\/en\/wp-json\/wp\/v2\/types\/product"}],"wp:featuredmedia":[{"embeddable":true,"href":"https:\/\/www.dommodesto.com.br\/en\/wp-json\/wp\/v2\/media\/68790"}],"wp:attachment":[{"href":"https:\/\/www.dommodesto.com.br\/en\/wp-json\/wp\/v2\/media?parent=68788"}],"wp:term":[{"taxonomy":"product_brand","embeddable":true,"href":"https:\/\/www.dommodesto.com.br\/en\/wp-json\/wp\/v2\/product_brand?post=68788"},{"taxonomy":"product_cat","embeddable":true,"href":"https:\/\/www.dommodesto.com.br\/en\/wp-json\/wp\/v2\/product_cat?post=68788"},{"taxonomy":"product_tag","embeddable":true,"href":"https:\/\/www.dommodesto.com.br\/en\/wp-json\/wp\/v2\/product_tag?post=68788"}],"curies":[{"name":"wp","href":"https:\/\/api.w.org\/{rel}","templated":true}]}}