{"id":68784,"date":"2025-11-27T11:47:16","date_gmt":"2025-11-27T14:47:16","guid":{"rendered":"https:\/\/www.dommodesto.com.br\/?post_type=product&#038;p=68784"},"modified":"2025-11-29T20:12:54","modified_gmt":"2025-11-29T23:12:54","slug":"estado-de-coisas-inconstitucional-e-populacoes-vulnerabilizadas","status":"publish","type":"product","link":"https:\/\/www.dommodesto.com.br\/en\/product\/estado-de-coisas-inconstitucional-e-populacoes-vulnerabilizadas\/","title":{"rendered":"Estado de coisas inconstitucional e popula\u00e7\u00f5es vulnerabilizadas"},"content":{"rendered":"<p style=\"text-align: justify;\">\u201cA colet\u00e2nea Estado de Coisas Inconstitucional e Popula\u00e7\u00f5es Vulnerabilizadas re\u00fane contribui\u00e7\u00f5es de pesquisadoras e pesquisadores comprometidos com a an\u00e1lise cr\u00edtica das m\u00faltiplas manifesta\u00e7\u00f5es da fal\u00eancia estrutural das institui\u00e7\u00f5es democr\u00e1ticas brasileiras. A partir da categoria jur\u00eddico-pol\u00edtica do Estado de Coisas Inconstitucional (ECI), a obra prop\u00f5e uma interpreta\u00e7\u00e3o ampliada das din\u00e2micas de exclus\u00e3o e opress\u00e3o que comp\u00f5em o tecido social, evidenciando os limites do constitucionalismo contempor\u00e2neo para responder aos processos persistentes de desumaniza\u00e7\u00e3o, desigualdade e viol\u00eancia institucional.\u201d<\/p>\n<p><strong>Marcelino Meleu<\/strong><\/p>","protected":false},"excerpt":{"rendered":"<p>Marcelino Meleu<br \/>Aleteia Hummes Thaines<br \/>Ivone Fernandes Morcilo Lixa<br \/>Lenice Kelner<br \/>Anna Paula Bagettti Zeifert<br \/>Maria Aparecida Lucca Caovilla<br \/>Silvana Terezinha Winkler<br \/>(Orgs.)<\/p>\n<p><strong>E-book gratuito &#8211; Clique no bot\u00e3o Comprar<\/strong><br \/><strong>Vers\u00e3o impressa &#8211; indispon\u00edvel<\/strong><\/p>","protected":false},"featured_media":68786,"template":"","meta":{"_joinchat":[]},"product_brand":[],"product_cat":[57],"product_tag":[],"class_list":{"0":"post-68784","1":"product","2":"type-product","3":"status-publish","4":"has-post-thumbnail","6":"product_cat-ciencias-sociais-aplicadas","7":"align-center","8":"box-shadow-1","9":"box-shadow-3-hover","10":"ast-product-gallery-layout-horizontal","11":"ast-product-gallery-with-no-image","12":"ast-product-tabs-layout-horizontal","14":"first","15":"instock","16":"downloadable","17":"virtual","18":"purchasable","19":"product-type-simple"},"_links":{"self":[{"href":"https:\/\/www.dommodesto.com.br\/en\/wp-json\/wp\/v2\/product\/68784","targetHints":{"allow":["GET"]}}],"collection":[{"href":"https:\/\/www.dommodesto.com.br\/en\/wp-json\/wp\/v2\/product"}],"about":[{"href":"https:\/\/www.dommodesto.com.br\/en\/wp-json\/wp\/v2\/types\/product"}],"wp:featuredmedia":[{"embeddable":true,"href":"https:\/\/www.dommodesto.com.br\/en\/wp-json\/wp\/v2\/media\/68786"}],"wp:attachment":[{"href":"https:\/\/www.dommodesto.com.br\/en\/wp-json\/wp\/v2\/media?parent=68784"}],"wp:term":[{"taxonomy":"product_brand","embeddable":true,"href":"https:\/\/www.dommodesto.com.br\/en\/wp-json\/wp\/v2\/product_brand?post=68784"},{"taxonomy":"product_cat","embeddable":true,"href":"https:\/\/www.dommodesto.com.br\/en\/wp-json\/wp\/v2\/product_cat?post=68784"},{"taxonomy":"product_tag","embeddable":true,"href":"https:\/\/www.dommodesto.com.br\/en\/wp-json\/wp\/v2\/product_tag?post=68784"}],"curies":[{"name":"wp","href":"https:\/\/api.w.org\/{rel}","templated":true}]}}