{"id":68779,"date":"2025-07-02T16:38:30","date_gmt":"2025-07-02T19:38:30","guid":{"rendered":"https:\/\/www.dommodesto.com.br\/?post_type=product&#038;p=68779"},"modified":"2025-11-26T16:46:26","modified_gmt":"2025-11-26T19:46:26","slug":"a-tributacao-como-instrumento-de-controle-e-protecao-ambiental-no-contexto-do-aquecimento-global-e-desmatamento-no-brasil","status":"publish","type":"product","link":"https:\/\/www.dommodesto.com.br\/en\/product\/a-tributacao-como-instrumento-de-controle-e-protecao-ambiental-no-contexto-do-aquecimento-global-e-desmatamento-no-brasil\/","title":{"rendered":"A tributa\u00e7\u00e3o como instrumento de controle e prote\u00e7\u00e3o ambiental no contexto do aquecimento global e desmatamento no Brasil"},"content":{"rendered":"<p style=\"text-align: justify;\">Diante da crescente crise clim\u00e1tica e do avan\u00e7o do desmatamento no Brasil, especialmente na Amaz\u00f4nia, esta obra prop\u00f5e uma reflex\u00e3o ousada, fundamentada e urgente: o uso da tributa\u00e7\u00e3o como instrumento jur\u00eddico e econ\u00f4mico de indu\u00e7\u00e3o comportamental em prol do desenvolvimento sustent\u00e1vel.<\/p>\n<p style=\"text-align: justify;\">Partindo de uma s\u00f3lida an\u00e1lise constitucional e infraconstitucional, os autores exploram os fundamentos do Direito Tribut\u00e1rio Ambiental, com especial aten\u00e7\u00e3o \u00e0s possibilidades de cria\u00e7\u00e3o de uma contribui\u00e7\u00e3o ambiental voltada \u00e0 mitiga\u00e7\u00e3o das mudan\u00e7as clim\u00e1ticas e \u00e0 preserva\u00e7\u00e3o ecol\u00f3gica. A obra examina ainda a efic\u00e1cia de desonera\u00e7\u00f5es fiscais, a extrafiscalidade tribut\u00e1ria e os princ\u00edpios constitucionais que norteiam a atua\u00e7\u00e3o estatal nesse campo.<\/p>\n<p style=\"text-align: justify;\">Com linguagem clara e rigor t\u00e9cnico, o livro oferece ao leitor um panorama integrado das pol\u00edticas p\u00fablicas ambientais e dos mecanismos fiscais dispon\u00edveis, propondo caminhos jur\u00eddicos vi\u00e1veis para que a tributa\u00e7\u00e3o atue como aliada da sustentabilidade. Mais do que uma contribui\u00e7\u00e3o te\u00f3rica, trata-se de um manifesto jur\u00eddico em defesa do meio ambiente e das gera\u00e7\u00f5es futuras.<\/p>","protected":false},"excerpt":{"rendered":"<p>Edmilson Lopes do Carmo<br \/>Armindo Madoz Robinson<\/p>\n<p><strong>Vers\u00e3o e-book &#8211; indispon\u00edvel;<\/strong><br \/><strong>Vers\u00e3o impressa &#8211; <a href=\"https:\/\/www.amazon.com.br\/tributa%C3%A7%C3%A3o-instrumento-ambiental-aquecimento-desmatamento\/dp\/6552350678\/ref=sr_1_31?crid=2Y7KKBW5SAW56&amp;dib=eyJ2IjoiMSJ9.Oy5aYhbHtWxzAhi1JF9vYyosopVMqf_yZAIuYjVeA8AAiPnMVYOuRusM_hXE5X28MCBfmbMCj4Difzr-aaHmjtMdn-yHy5iSlN3sWtZeL8yvYp-Dd-UmAokAEuXLX-aLW27rMi1K-drgba_QNLHFlY8S_LKfcVDqplt0PkjfXWobt2QC7dz6Msfyr4XGTdaM_bN7T_VvTX2Z3d081BJrGtzQMPif5i2J2YUgmUx_gYmcnjUMaZbJBF1LIOUi4XLPO8gyKugIX7U2AEANnR-JTMy0Y-lWml0mb5wPD8DamF4.mE_GxuhDlvqPDGq6NI8_U4rT0DGUAJxzU5y1dp-Fils&amp;dib_tag=se&amp;keywords=dom+modesto&amp;qid=1764174082&amp;sprefix=%22dom+modesto%22%2Caps%2C287&amp;sr=8-31&amp;ufe=app_do%3Aamzn1.fos.6d798eae-cadf-45de-946a-f477d47705b9\">Clique aqui<\/a><\/strong><\/p>","protected":false},"featured_media":68780,"template":"","meta":{"_joinchat":[]},"product_brand":[],"product_cat":[57],"product_tag":[],"class_list":{"0":"post-68779","1":"product","2":"type-product","3":"status-publish","4":"has-post-thumbnail","6":"product_cat-ciencias-sociais-aplicadas","7":"align-center","8":"box-shadow-1","9":"box-shadow-3-hover","10":"ast-product-gallery-layout-horizontal","11":"ast-product-gallery-with-no-image","12":"ast-product-tabs-layout-horizontal","14":"first","15":"instock","16":"sold-individually","17":"shipping-taxable","18":"product-type-simple"},"_links":{"self":[{"href":"https:\/\/www.dommodesto.com.br\/en\/wp-json\/wp\/v2\/product\/68779","targetHints":{"allow":["GET"]}}],"collection":[{"href":"https:\/\/www.dommodesto.com.br\/en\/wp-json\/wp\/v2\/product"}],"about":[{"href":"https:\/\/www.dommodesto.com.br\/en\/wp-json\/wp\/v2\/types\/product"}],"wp:featuredmedia":[{"embeddable":true,"href":"https:\/\/www.dommodesto.com.br\/en\/wp-json\/wp\/v2\/media\/68780"}],"wp:attachment":[{"href":"https:\/\/www.dommodesto.com.br\/en\/wp-json\/wp\/v2\/media?parent=68779"}],"wp:term":[{"taxonomy":"product_brand","embeddable":true,"href":"https:\/\/www.dommodesto.com.br\/en\/wp-json\/wp\/v2\/product_brand?post=68779"},{"taxonomy":"product_cat","embeddable":true,"href":"https:\/\/www.dommodesto.com.br\/en\/wp-json\/wp\/v2\/product_cat?post=68779"},{"taxonomy":"product_tag","embeddable":true,"href":"https:\/\/www.dommodesto.com.br\/en\/wp-json\/wp\/v2\/product_tag?post=68779"}],"curies":[{"name":"wp","href":"https:\/\/api.w.org\/{rel}","templated":true}]}}