{"id":68776,"date":"2025-07-02T14:37:13","date_gmt":"2025-07-02T17:37:13","guid":{"rendered":"https:\/\/www.dommodesto.com.br\/?post_type=product&#038;p=68776"},"modified":"2025-11-26T16:35:45","modified_gmt":"2025-11-26T19:35:45","slug":"o-perfil-etnico-racial-das-carreiras-juridicas-do-distrito-federal-um-confronto-entre-as-acoes-afirmativas-para-pessoas-negras-e-a-ocupacao-em-carreiras-juridicas-de-estado","status":"publish","type":"product","link":"https:\/\/www.dommodesto.com.br\/en\/product\/o-perfil-etnico-racial-das-carreiras-juridicas-do-distrito-federal-um-confronto-entre-as-acoes-afirmativas-para-pessoas-negras-e-a-ocupacao-em-carreiras-juridicas-de-estado\/","title":{"rendered":"O perfil \u00e9tnico-racial das carreiras jur\u00eddicas do Distrito Federal: um confronto entre as a\u00e7\u00f5es afirmativas para pessoas negras e a ocupa\u00e7\u00e3o em carreiras jur\u00eddicas de estado"},"content":{"rendered":"<p style=\"text-align: justify;\">A obra <em>O Perfil \u00c9tnico-Racial das Carreiras Jur\u00eddicas do Distrito Federal<\/em> promove uma reflex\u00e3o cr\u00edtica e fundamentada sobre a persistente sub-representa\u00e7\u00e3o de pessoas negras nos espa\u00e7os de poder do sistema de justi\u00e7a. A partir de uma abordagem interseccional robusta e respaldada em pesquisa emp\u00edrica, os autores analisam os limites e desafios das a\u00e7\u00f5es afirmativas no Brasil, especialmente no que tange \u00e0 efetividade das cotas raciais nos concursos p\u00fablicos para as carreiras jur\u00eddicas de Estado.<\/p>\n<p style=\"text-align: justify;\">Com rigor metodol\u00f3gico e sensibilidade anal\u00edtica, o livro conjuga teoria e pr\u00e1tica ao abordar temas como racismo estrutural, desigualdade material, mecanismos institucionais de exclus\u00e3o e a necessidade de transforma\u00e7\u00e3o da cultura jur\u00eddica. A leitura convida \u00e0 compreens\u00e3o de que o Direito, para ser efetivamente justo, deve reconhecer e enfrentar as barreiras que historicamente distanciaram a popula\u00e7\u00e3o negra das fun\u00e7\u00f5es decis\u00f3rias no aparato estatal.<\/p>\n<p style=\"text-align: justify;\">Trata-se de um estudo necess\u00e1rio para juristas, pesquisadores, gestores p\u00fablicos e todos aqueles comprometidos com a promo\u00e7\u00e3o da igualdade racial e a democratiza\u00e7\u00e3o da justi\u00e7a.<\/p>","protected":false},"excerpt":{"rendered":"<p>Ana Celia Barbosa Barreto<br \/>Armindo Madoz Robinson<\/p>\n<p><strong>Vers\u00e3o e-book &#8211; indispon\u00edvel;<\/strong><br \/><strong>Vers\u00e3o impressa &#8211; <a href=\"https:\/\/www.amazon.com.br\/%C3%A9tnico-racial-carreiras-jur%C3%ADdicas-Distrito-Federal\/dp\/655235066X\/ref=sr_1_3?crid=2Y7KKBW5SAW56&amp;dib=eyJ2IjoiMSJ9.Oy5aYhbHtWxzAhi1JF9vYyosopVMqf_yZAIuYjVeA8AAiPnMVYOuRusM_hXE5X28MCBfmbMCj4Difzr-aaHmjtMdn-yHy5iSlN3sWtZeL8yvYp-Dd-UmAokAEuXLX-aLW27rMi1K-drgba_QNLHFlY8S_LKfcVDqplt0PkjfXWobt2QC7dz6Msfyr4XGTdaM_bN7T_VvTX2Z3d081BJrGtzQMPif5i2J2YUgmUx_gYmcnjUMaZbJBF1LIOUi4XLPO8gyKugIX7U2AEANnR-JTMy0Y-lWml0mb5wPD8DamF4.mE_GxuhDlvqPDGq6NI8_U4rT0DGUAJxzU5y1dp-Fils&amp;dib_tag=se&amp;keywords=dom+modesto&amp;qid=1764174082&amp;sprefix=%22dom+modesto%22%2Caps%2C287&amp;sr=8-3&amp;ufe=app_do%3Aamzn1.fos.6d798eae-cadf-45de-946a-f477d47705b9\">Clique aqui<\/a><\/strong><\/p>","protected":false},"featured_media":68778,"template":"","meta":{"_joinchat":[]},"product_brand":[],"product_cat":[57],"product_tag":[],"class_list":{"0":"post-68776","1":"product","2":"type-product","3":"status-publish","4":"has-post-thumbnail","6":"product_cat-ciencias-sociais-aplicadas","7":"align-center","8":"box-shadow-1","9":"box-shadow-3-hover","10":"ast-product-gallery-layout-horizontal","11":"ast-product-gallery-with-no-image","12":"ast-product-tabs-layout-horizontal","14":"first","15":"instock","16":"shipping-taxable","17":"product-type-simple"},"_links":{"self":[{"href":"https:\/\/www.dommodesto.com.br\/en\/wp-json\/wp\/v2\/product\/68776","targetHints":{"allow":["GET"]}}],"collection":[{"href":"https:\/\/www.dommodesto.com.br\/en\/wp-json\/wp\/v2\/product"}],"about":[{"href":"https:\/\/www.dommodesto.com.br\/en\/wp-json\/wp\/v2\/types\/product"}],"wp:featuredmedia":[{"embeddable":true,"href":"https:\/\/www.dommodesto.com.br\/en\/wp-json\/wp\/v2\/media\/68778"}],"wp:attachment":[{"href":"https:\/\/www.dommodesto.com.br\/en\/wp-json\/wp\/v2\/media?parent=68776"}],"wp:term":[{"taxonomy":"product_brand","embeddable":true,"href":"https:\/\/www.dommodesto.com.br\/en\/wp-json\/wp\/v2\/product_brand?post=68776"},{"taxonomy":"product_cat","embeddable":true,"href":"https:\/\/www.dommodesto.com.br\/en\/wp-json\/wp\/v2\/product_cat?post=68776"},{"taxonomy":"product_tag","embeddable":true,"href":"https:\/\/www.dommodesto.com.br\/en\/wp-json\/wp\/v2\/product_tag?post=68776"}],"curies":[{"name":"wp","href":"https:\/\/api.w.org\/{rel}","templated":true}]}}