{"id":68772,"date":"2025-07-02T13:21:59","date_gmt":"2025-07-02T16:21:59","guid":{"rendered":"https:\/\/www.dommodesto.com.br\/?post_type=product&#038;p=68772"},"modified":"2025-11-26T13:49:17","modified_gmt":"2025-11-26T16:49:17","slug":"a-implementacao-da-policia-comunitaria-em-santa-catarina-uma-analise-a-luz-da-solidariedade-em-axel-honneth","status":"publish","type":"product","link":"https:\/\/www.dommodesto.com.br\/en\/product\/a-implementacao-da-policia-comunitaria-em-santa-catarina-uma-analise-a-luz-da-solidariedade-em-axel-honneth\/","title":{"rendered":"A implementa\u00e7\u00e3o da Pol\u00edcia Comunit\u00e1ria em Santa Catarina: uma an\u00e1lise \u00e0 luz da solidariedade em Axel Honneth"},"content":{"rendered":"<p style=\"text-align: justify;\">&#8220;A partir de uma perspectiva cr\u00edtica e fundamentada, o autor nos convida a refletir sobre a essencialidade da solidariedade como uma via para a efetiva\u00e7\u00e3o de pol\u00edticas p\u00fablicas mais inclusivas e eficazes. No Brasil, onde os desafios da seguran\u00e7a p\u00fablica s\u00e3o marcados por complexidades sociais e desigualdades profundas, esta obra oferece uma nova lente para compreender e enfrentar essas quest\u00f5es, pautando-se na teoria cr\u00edtica e na sociologia filos\u00f3fica. (&#8230;) Al\u00e9m da an\u00e1lise te\u00f3rica e emp\u00edrica, a obra se distingue pela sua capacidade de vincular conceitos abstratos, como reconhecimento e solidariedade, a pr\u00e1ticas concretas de seguran\u00e7a p\u00fablica. O autor argumenta que a solidariedade, como proposta por Honneth, n\u00e3o \u00e9 apenas uma quest\u00e3o moral, mas um requisito pr\u00e1tico para a efetiva\u00e7\u00e3o das pol\u00edticas constitucionais de seguran\u00e7a. A participa\u00e7\u00e3o ativa e engajada das comunidades, segundo o autor, \u00e9 essencial para o fortalecimento dos v\u00ednculos sociais e para a constru\u00e7\u00e3o de uma seguran\u00e7a p\u00fablica mais democr\u00e1tica e eficaz.&#8221;<\/p>\n<p><strong>Marcelino Meleu<\/strong><\/p>","protected":false},"excerpt":{"rendered":"<p>Moacir Gomes Ribeiro<\/p>\n<p><strong>Vers\u00e3o digital (e-book) &#8211; clique no bot\u00e3o comprar.<\/strong><br \/><strong>Vers\u00e3o impressa &#8211; <a href=\"https:\/\/www.amazon.com.br\/implementa%C3%A7%C3%A3o-Pol%C3%ADcia-Comunit%C3%A1ria-Santa-Catarina\/dp\/6552350643\/ref=sr_1_14?crid=2Y7KKBW5SAW56&amp;dib=eyJ2IjoiMSJ9.Oy5aYhbHtWxzAhi1JF9vYyosopVMqf_yZAIuYjVeA8AAiPnMVYOuRusM_hXE5X28MCBfmbMCj4Difzr-aaHmjtMdn-yHy5iSlN3sWtZeL8yvYp-Dd-UmAokAEuXLX-aLW27rMi1K-drgba_QNLHFlY8S_LKfcVDqplt0PkjfXWobt2QC7dz6Msfyr4XGTdaM_bN7T_VvTX2Z3d081BJrGtzQMPif5i2J2YUgmUx_gYmcnjUMaZbJBF1LIOUi4XLPO8gyKugIX7U2AEANnR-JTMy0Y-lWml0mb5wPD8DamF4.mE_GxuhDlvqPDGq6NI8_U4rT0DGUAJxzU5y1dp-Fils&amp;dib_tag=se&amp;keywords=dom+modesto&amp;qid=1764174082&amp;sprefix=%22dom+modesto%22%2Caps%2C287&amp;sr=8-14&amp;ufe=app_do%3Aamzn1.fos.6d798eae-cadf-45de-946a-f477d47705b9\">Clique aqui<\/a><\/strong><\/p>","protected":false},"featured_media":68773,"template":"","meta":{"_joinchat":[]},"product_brand":[],"product_cat":[57],"product_tag":[],"class_list":{"0":"post-68772","1":"product","2":"type-product","3":"status-publish","4":"has-post-thumbnail","6":"product_cat-ciencias-sociais-aplicadas","7":"align-center","8":"box-shadow-1","9":"box-shadow-3-hover","10":"ast-product-gallery-layout-horizontal","11":"ast-product-gallery-with-no-image","12":"ast-product-tabs-layout-horizontal","14":"first","15":"instock","16":"shipping-taxable","17":"product-type-simple"},"_links":{"self":[{"href":"https:\/\/www.dommodesto.com.br\/en\/wp-json\/wp\/v2\/product\/68772","targetHints":{"allow":["GET"]}}],"collection":[{"href":"https:\/\/www.dommodesto.com.br\/en\/wp-json\/wp\/v2\/product"}],"about":[{"href":"https:\/\/www.dommodesto.com.br\/en\/wp-json\/wp\/v2\/types\/product"}],"wp:featuredmedia":[{"embeddable":true,"href":"https:\/\/www.dommodesto.com.br\/en\/wp-json\/wp\/v2\/media\/68773"}],"wp:attachment":[{"href":"https:\/\/www.dommodesto.com.br\/en\/wp-json\/wp\/v2\/media?parent=68772"}],"wp:term":[{"taxonomy":"product_brand","embeddable":true,"href":"https:\/\/www.dommodesto.com.br\/en\/wp-json\/wp\/v2\/product_brand?post=68772"},{"taxonomy":"product_cat","embeddable":true,"href":"https:\/\/www.dommodesto.com.br\/en\/wp-json\/wp\/v2\/product_cat?post=68772"},{"taxonomy":"product_tag","embeddable":true,"href":"https:\/\/www.dommodesto.com.br\/en\/wp-json\/wp\/v2\/product_tag?post=68772"}],"curies":[{"name":"wp","href":"https:\/\/api.w.org\/{rel}","templated":true}]}}