{"id":68770,"date":"2025-07-02T12:50:41","date_gmt":"2025-07-02T15:50:41","guid":{"rendered":"https:\/\/www.dommodesto.com.br\/?post_type=product&#038;p=68770"},"modified":"2025-11-26T13:11:14","modified_gmt":"2025-11-26T16:11:14","slug":"mulheres-na-politica-brasileira-contextos-de-reificacao-violencia-politica-de-genero-e-enfrentamentos","status":"publish","type":"product","link":"https:\/\/www.dommodesto.com.br\/en\/product\/mulheres-na-politica-brasileira-contextos-de-reificacao-violencia-politica-de-genero-e-enfrentamentos\/","title":{"rendered":"Mulheres na pol\u00edtica brasileira: contextos de reifica\u00e7\u00e3o, viol\u00eancia pol\u00edtica de g\u00eanero e enfrentamentos"},"content":{"rendered":"<p style=\"text-align: justify;\">\u201cO entusiasmo da autora, a for\u00e7a das suas convic\u00e7\u00f5es, nos faz repensar conceitos, rever posi\u00e7\u00f5es, alimentar o desejo de r\u00e1pida mudan\u00e7a, caminho \u00fanico para a altera\u00e7\u00e3o da realidade que nos cerca e que continua a evidenciar a mulher como v\u00edtima de uma domina\u00e7\u00e3o e subordina\u00e7\u00e3o hist\u00f3rica, com d\u00e9ficit de representa\u00e7\u00e3o na vida p\u00fablica e privada.A desigualdade de oportunidades, que compromete o princ\u00edpio democr\u00e1tico, mant\u00e9m acesa essa evid\u00eancia de que o sexo feminino permanece inferiorizado e que combater essa misoginia que ainda remanesce n\u00e3o dispensa a\u00e7\u00f5es para o empoderamento feminino, ou a formula\u00e7\u00e3o de uma agenda que garanta a participa\u00e7\u00e3o plena e efetiva das mulheres; enfim, a igualdade em todos os n\u00edveis de tomada de decis\u00e3o, seja no campo pol\u00edtico, privado, econ\u00f4mico, social ou p\u00fablico.\u201d<\/p>\n<p><strong>Maria do Rocio Luz Santa Ritta<\/strong><\/p>\n<p>\u00a0<\/p>\n<p style=\"text-align: justify;\">\u201cO estudo perpassa pela forma\u00e7\u00e3o hist\u00f3rica do constitucionalismo brasileiro, evidenciando como a cultura patriarcal moldou nossas institui\u00e7\u00f5es pol\u00edticas e jur\u00eddicas. Ao mesmo tempo, analisa criticamente como essa heran\u00e7a cultural ainda reverbera na atualidade, manifestando-se em diversas formas de viol\u00eancia pol\u00edtica contra as mulheres. Um dos pontos altos da pesquisa \u00e9 o di\u00e1logo cr\u00edtico que a autora estabelece entre as teorias do reconhecimento de Axel Honneth e Nancy Fraser. Enquanto Honneth oferece importantes contribui\u00e7\u00f5es para compreender as lutas por reconhecimento e os processos de forma\u00e7\u00e3o da identidade, Fraser apresenta uma cr\u00edtica relevante e prop\u00f5e um modelo alternativo que merece destaque.\u201d<\/p>\n<p><strong>Marcelino da Silva Meleu<\/strong><\/p>","protected":false},"excerpt":{"rendered":"<p>Marina Gon\u00e7alves de Oliveira<\/p>\n<p><strong>Vers\u00e3o digital (e-book) &#8211; indispon\u00edvel.<\/strong><br \/><strong>Vers\u00e3o impressa &#8211; <a href=\"https:\/\/www.amazon.com.br\/Mulheres-pol%C3%ADtica-brasileira-Gon%C3%A7alves-Oliveira\/dp\/6552350546\/ref=sr_1_10?crid=2Y7KKBW5SAW56&amp;dib=eyJ2IjoiMSJ9.Oy5aYhbHtWxzAhi1JF9vYyosopVMqf_yZAIuYjVeA8AAiPnMVYOuRusM_hXE5X28MCBfmbMCj4Difzr-aaHmjtMdn-yHy5iSlN3sWtZeL8yvYp-Dd-UmAokAEuXLX-aLW27rMi1K-drgba_QNLHFlY8S_LKfcVDqplt0PkjfXWobt2QC7dz6Msfyr4XGTdaM_bN7T_VvTX2Z3d081BJrGtzQMPif5i2J2YUgmUx_gYmcnjUMaZbJBF1LIOUi4XLPO8gyKugIX7U2AEANnR-JTMy0Y-lWml0mb5wPD8DamF4.mE_GxuhDlvqPDGq6NI8_U4rT0DGUAJxzU5y1dp-Fils&amp;dib_tag=se&amp;keywords=dom+modesto&amp;qid=1764166693&amp;sprefix=%22dom+modesto%22%2Caps%2C287&amp;sr=8-10&amp;ufe=app_do%3Aamzn1.fos.6d798eae-cadf-45de-946a-f477d47705b9\">Clique aqui<\/a><\/strong><\/p>","protected":false},"featured_media":68771,"template":"","meta":{"_joinchat":[]},"product_brand":[],"product_cat":[57],"product_tag":[],"class_list":{"0":"post-68770","1":"product","2":"type-product","3":"status-publish","4":"has-post-thumbnail","6":"product_cat-ciencias-sociais-aplicadas","7":"align-center","8":"box-shadow-1","9":"box-shadow-3-hover","10":"ast-product-gallery-layout-horizontal","11":"ast-product-gallery-with-no-image","12":"ast-product-tabs-layout-horizontal","14":"first","15":"instock","16":"sold-individually","17":"shipping-taxable","18":"product-type-simple"},"_links":{"self":[{"href":"https:\/\/www.dommodesto.com.br\/en\/wp-json\/wp\/v2\/product\/68770","targetHints":{"allow":["GET"]}}],"collection":[{"href":"https:\/\/www.dommodesto.com.br\/en\/wp-json\/wp\/v2\/product"}],"about":[{"href":"https:\/\/www.dommodesto.com.br\/en\/wp-json\/wp\/v2\/types\/product"}],"wp:featuredmedia":[{"embeddable":true,"href":"https:\/\/www.dommodesto.com.br\/en\/wp-json\/wp\/v2\/media\/68771"}],"wp:attachment":[{"href":"https:\/\/www.dommodesto.com.br\/en\/wp-json\/wp\/v2\/media?parent=68770"}],"wp:term":[{"taxonomy":"product_brand","embeddable":true,"href":"https:\/\/www.dommodesto.com.br\/en\/wp-json\/wp\/v2\/product_brand?post=68770"},{"taxonomy":"product_cat","embeddable":true,"href":"https:\/\/www.dommodesto.com.br\/en\/wp-json\/wp\/v2\/product_cat?post=68770"},{"taxonomy":"product_tag","embeddable":true,"href":"https:\/\/www.dommodesto.com.br\/en\/wp-json\/wp\/v2\/product_tag?post=68770"}],"curies":[{"name":"wp","href":"https:\/\/api.w.org\/{rel}","templated":true}]}}