{"id":68743,"date":"2025-11-21T17:35:42","date_gmt":"2025-11-21T20:35:42","guid":{"rendered":"https:\/\/www.dommodesto.com.br\/?post_type=product&#038;p=68743"},"modified":"2025-11-21T17:36:36","modified_gmt":"2025-11-21T20:36:36","slug":"dialogos-entre-a-sociologia-juridica-e-as-discriminacoes-raciais","status":"publish","type":"product","link":"https:\/\/www.dommodesto.com.br\/en\/product\/dialogos-entre-a-sociologia-juridica-e-as-discriminacoes-raciais\/","title":{"rendered":"Di\u00e1logos entre a Sociologia Jur\u00eddica e as discrimina\u00e7\u00f5es raciais"},"content":{"rendered":"<p style=\"text-align: justify;\">&#8220;Essa colet\u00e2nea, portanto, constitui uma contribui\u00e7\u00e3o relevante e urgente para o campo da sociologia jur\u00eddica e dos estudos sobre discrimina\u00e7\u00e3o racial. Ao reunir vozes plurais, experi\u00eancias vividas e an\u00e1lises cr\u00edticas, o livro Di\u00e1logos entre a Sociologia Jur\u00eddica e as Discrimina\u00e7\u00f5es Raciais oferece ao leitor n\u00e3o apenas um diagn\u00f3stico das desigualdades raciais no Brasil, mas tamb\u00e9m caminhos poss\u00edveis para sua supera\u00e7\u00e3o. \u00c9 uma obra que convida \u00e0 escuta, ao reconhecimento e \u00e0 a\u00e7\u00e3o, reafirmando o compromisso com a constru\u00e7\u00e3o de uma sociedade mais justa, plural e democr\u00e1tica.&#8221;<\/p>\n<p><strong>Guilherme de Azevedo<\/strong><\/p>","protected":false},"excerpt":{"rendered":"<p>Guilherme de Azevedo<br \/>Muriel Fernanda Ferreira Benites<br \/>Pietra Gomes Ferreira<br \/>(Orgs.)<\/p>\n<p><strong>E-book gratuito &#8211; Clique no bot\u00e3o Comprar<\/strong><br \/><strong>Vers\u00e3o impressa &#8211; indispon\u00edvel<\/strong><\/p>","protected":false},"featured_media":68745,"template":"","meta":{"_joinchat":[]},"product_brand":[],"product_cat":[57],"product_tag":[],"class_list":{"0":"post-68743","1":"product","2":"type-product","3":"status-publish","4":"has-post-thumbnail","6":"product_cat-ciencias-sociais-aplicadas","7":"align-center","8":"box-shadow-1","9":"box-shadow-3-hover","10":"ast-product-gallery-layout-horizontal","11":"ast-product-gallery-with-no-image","12":"ast-product-tabs-layout-horizontal","14":"first","15":"instock","16":"downloadable","17":"virtual","18":"sold-individually","19":"purchasable","20":"product-type-simple"},"_links":{"self":[{"href":"https:\/\/www.dommodesto.com.br\/en\/wp-json\/wp\/v2\/product\/68743","targetHints":{"allow":["GET"]}}],"collection":[{"href":"https:\/\/www.dommodesto.com.br\/en\/wp-json\/wp\/v2\/product"}],"about":[{"href":"https:\/\/www.dommodesto.com.br\/en\/wp-json\/wp\/v2\/types\/product"}],"wp:featuredmedia":[{"embeddable":true,"href":"https:\/\/www.dommodesto.com.br\/en\/wp-json\/wp\/v2\/media\/68745"}],"wp:attachment":[{"href":"https:\/\/www.dommodesto.com.br\/en\/wp-json\/wp\/v2\/media?parent=68743"}],"wp:term":[{"taxonomy":"product_brand","embeddable":true,"href":"https:\/\/www.dommodesto.com.br\/en\/wp-json\/wp\/v2\/product_brand?post=68743"},{"taxonomy":"product_cat","embeddable":true,"href":"https:\/\/www.dommodesto.com.br\/en\/wp-json\/wp\/v2\/product_cat?post=68743"},{"taxonomy":"product_tag","embeddable":true,"href":"https:\/\/www.dommodesto.com.br\/en\/wp-json\/wp\/v2\/product_tag?post=68743"}],"curies":[{"name":"wp","href":"https:\/\/api.w.org\/{rel}","templated":true}]}}