{"id":68726,"date":"2025-11-19T17:38:45","date_gmt":"2025-11-19T20:38:45","guid":{"rendered":"https:\/\/www.dommodesto.com.br\/?post_type=product&#038;p=68726"},"modified":"2025-11-26T14:29:37","modified_gmt":"2025-11-26T17:29:37","slug":"o-acordo-mercosul-uniao-europeia-sob-a-otica-da-sustentabilidade","status":"publish","type":"product","link":"https:\/\/www.dommodesto.com.br\/en\/product\/o-acordo-mercosul-uniao-europeia-sob-a-otica-da-sustentabilidade\/","title":{"rendered":"O Acordo MERCOSUL-Uni\u00e3o Europeia sob a \u00f3tica da sustentabilidade"},"content":{"rendered":"<p style=\"text-align: justify;\">Esta obra re\u00fane pesquisas jur\u00eddicas sobre o Acordo de Associa\u00e7\u00e3o entre MERCOSUL e Uni\u00e3o Europeia sob a perspectiva da sustentabilidade. O Acordo ultrapassa a tem\u00e1tica puramente comercial e inclui um cap\u00edtulo dedicado ao Com\u00e9rcio e Desenvolvimento Sustent\u00e1vel.<\/p>\n<p style=\"text-align: justify;\">Com contribui\u00e7\u00f5es de pesquisadores da Argentina, Brasil, Chile e Paraguai, o livro analisa o mencionado cap\u00edtulo, os impactos socioecon\u00f4micos e ambientais do Acordo e a coopera\u00e7\u00e3o entre a Uni\u00e3o Europeia e o MERCOSUL \u00e0 luz do desenvolvimento sustent\u00e1vel. As reflex\u00f5es apresentadas abrangem os pilares ambiental, social e econ\u00f4mico, oferecendo uma vis\u00e3o atualizada das discuss\u00f5es e perspectivas do acordo comercial entre os dois blocos.<\/p>\n<p style=\"text-align: justify;\">\u00c0 luz do exposto, este livro contempla o resultado parcial das pesquisas levadas a cabo no \u00e2mbito do projeto \u201cO Acordo de Livre Com\u00e9rcio entre a Uni\u00e3o Europeia e o MERCOSUL e o desenvolvimento sustent\u00e1vel\u201d, coordenado pela Prof\u00aa. Dr\u00aa. Luciane Klein Vieira, e forma parte das atividades previstas pelo Programa de P\u00f3s-Gradua\u00e7\u00e3o em Direito da Universidade do Vale do Rio dos Sinos (UNISINOS), financiadas pelo PROEX\/AUXPE 1649\/2024.<\/p>","protected":false},"excerpt":{"rendered":"<p>Sandra C. Negro<br \/>Luciane Klein Vieira<br \/>Nath\u00e1lia Kovalski Cabral<br \/>(Orgs.)<\/p>\n<p><strong>E-book gratuito &#8211; Clique no bot\u00e3o Comprar<\/strong><br \/><strong>Vers\u00e3o impressa &#8211; indispon\u00edvel<\/strong><\/p>","protected":false},"featured_media":68728,"template":"","meta":{"_joinchat":[]},"product_brand":[],"product_cat":[57],"product_tag":[],"class_list":{"0":"post-68726","1":"product","2":"type-product","3":"status-publish","4":"has-post-thumbnail","6":"product_cat-ciencias-sociais-aplicadas","7":"align-center","8":"box-shadow-1","9":"box-shadow-3-hover","10":"ast-product-gallery-layout-horizontal","11":"ast-product-gallery-with-no-image","12":"ast-product-tabs-layout-horizontal","14":"first","15":"instock","16":"downloadable","17":"virtual","18":"sold-individually","19":"purchasable","20":"product-type-simple"},"_links":{"self":[{"href":"https:\/\/www.dommodesto.com.br\/en\/wp-json\/wp\/v2\/product\/68726","targetHints":{"allow":["GET"]}}],"collection":[{"href":"https:\/\/www.dommodesto.com.br\/en\/wp-json\/wp\/v2\/product"}],"about":[{"href":"https:\/\/www.dommodesto.com.br\/en\/wp-json\/wp\/v2\/types\/product"}],"wp:featuredmedia":[{"embeddable":true,"href":"https:\/\/www.dommodesto.com.br\/en\/wp-json\/wp\/v2\/media\/68728"}],"wp:attachment":[{"href":"https:\/\/www.dommodesto.com.br\/en\/wp-json\/wp\/v2\/media?parent=68726"}],"wp:term":[{"taxonomy":"product_brand","embeddable":true,"href":"https:\/\/www.dommodesto.com.br\/en\/wp-json\/wp\/v2\/product_brand?post=68726"},{"taxonomy":"product_cat","embeddable":true,"href":"https:\/\/www.dommodesto.com.br\/en\/wp-json\/wp\/v2\/product_cat?post=68726"},{"taxonomy":"product_tag","embeddable":true,"href":"https:\/\/www.dommodesto.com.br\/en\/wp-json\/wp\/v2\/product_tag?post=68726"}],"curies":[{"name":"wp","href":"https:\/\/api.w.org\/{rel}","templated":true}]}}