{"id":68724,"date":"2025-11-19T16:47:54","date_gmt":"2025-11-19T19:47:54","guid":{"rendered":"https:\/\/www.dommodesto.com.br\/?post_type=product&#038;p=68724"},"modified":"2026-01-07T15:08:10","modified_gmt":"2026-01-07T18:08:10","slug":"desigualdades-sociais-e-seus-impactos-no-acesso-ao-direito-fundamental-a-saude-analise-empirica-a-partir-do-municipio-de-passo-fundo-rs","status":"publish","type":"product","link":"https:\/\/www.dommodesto.com.br\/en\/product\/desigualdades-sociais-e-seus-impactos-no-acesso-ao-direito-fundamental-a-saude-analise-empirica-a-partir-do-municipio-de-passo-fundo-rs\/","title":{"rendered":"Desigualdades sociais e seus impactos no acesso ao direito fundamental \u00e0 sa\u00fade: an\u00e1lise emp\u00edrica a partir do munic\u00edpio de Passo Fundo \u2013 RS"},"content":{"rendered":"<p style=\"text-align: justify;\">Apresente obra analisa criticamente as desigualdades sociais e seus reflexos no acesso ao direito fundamental \u00e0 sa\u00fade no Brasil, tomando como base emp\u00edrica o munic\u00edpio de Passo Fundo, no Rio Grande do Sul. Partindo de um resgate hist\u00f3rico dos direitos sociais e da consolida\u00e7\u00e3o do Sistema \u00danico de Sa\u00fade, a autora examina os impactos das pol\u00edticas de austeridade e da l\u00f3gica neoliberal sobre a efetividade das pol\u00edticas p\u00fablicas sanit\u00e1rias, revelando o distanciamento entre a promessa constitucional da universalidade e a realidade desigual da presta\u00e7\u00e3o dos servi\u00e7os de sa\u00fade.<\/p>\n<p style=\"text-align: justify;\">Com rigor te\u00f3rico e metodol\u00f3gico, o estudo articula fundamentos constitucionais, dados estat\u00edsticos e an\u00e1lises comparativas, evidenciando que as desigualdades regionais e socioecon\u00f4micas continuam a determinar quem adoece, quem \u00e9 atendido e quem permanece \u00e0 margem do sistema. Trata-se de uma contribui\u00e7\u00e3o relevante para o debate sobre a justi\u00e7a social e a efetividade dos direitos fundamentais, ao propor uma reflex\u00e3o cr\u00edtica sobre os limites e as possibilidades de reconstru\u00e7\u00e3o do Estado Social diante das contradi\u00e7\u00f5es que permeiam o campo da sa\u00fade p\u00fablica brasileira.<\/p>","protected":false},"excerpt":{"rendered":"<p>J\u00falia Escandiel Colussi<\/p>\n<p><strong>Vers\u00e3o E-book &#8211; Clique no bot\u00e3o Comprar<\/strong><br \/><strong>Vers\u00e3o impressa &#8211; Em breve na Amazon e em outros grandes marketplaces.<\/strong><\/p>","protected":false},"featured_media":68725,"template":"","meta":{"_joinchat":[]},"product_brand":[],"product_cat":[57],"product_tag":[],"class_list":{"0":"post-68724","1":"product","2":"type-product","3":"status-publish","4":"has-post-thumbnail","6":"product_cat-ciencias-sociais-aplicadas","7":"align-center","8":"box-shadow-1","9":"box-shadow-3-hover","10":"ast-product-gallery-layout-horizontal","11":"ast-product-gallery-with-no-image","12":"ast-product-tabs-layout-horizontal","14":"first","15":"instock","16":"downloadable","17":"virtual","18":"sold-individually","19":"purchasable","20":"product-type-simple"},"_links":{"self":[{"href":"https:\/\/www.dommodesto.com.br\/en\/wp-json\/wp\/v2\/product\/68724","targetHints":{"allow":["GET"]}}],"collection":[{"href":"https:\/\/www.dommodesto.com.br\/en\/wp-json\/wp\/v2\/product"}],"about":[{"href":"https:\/\/www.dommodesto.com.br\/en\/wp-json\/wp\/v2\/types\/product"}],"wp:featuredmedia":[{"embeddable":true,"href":"https:\/\/www.dommodesto.com.br\/en\/wp-json\/wp\/v2\/media\/68725"}],"wp:attachment":[{"href":"https:\/\/www.dommodesto.com.br\/en\/wp-json\/wp\/v2\/media?parent=68724"}],"wp:term":[{"taxonomy":"product_brand","embeddable":true,"href":"https:\/\/www.dommodesto.com.br\/en\/wp-json\/wp\/v2\/product_brand?post=68724"},{"taxonomy":"product_cat","embeddable":true,"href":"https:\/\/www.dommodesto.com.br\/en\/wp-json\/wp\/v2\/product_cat?post=68724"},{"taxonomy":"product_tag","embeddable":true,"href":"https:\/\/www.dommodesto.com.br\/en\/wp-json\/wp\/v2\/product_tag?post=68724"}],"curies":[{"name":"wp","href":"https:\/\/api.w.org\/{rel}","templated":true}]}}