{"id":68720,"date":"2025-11-19T11:31:20","date_gmt":"2025-11-19T14:31:20","guid":{"rendered":"https:\/\/www.dommodesto.com.br\/?post_type=product&#038;p=68720"},"modified":"2025-11-19T14:39:33","modified_gmt":"2025-11-19T17:39:33","slug":"acesso-global-a-justica-democracia-e-estado-de-direito","status":"publish","type":"product","link":"https:\/\/www.dommodesto.com.br\/en\/product\/acesso-global-a-justica-democracia-e-estado-de-direito\/","title":{"rendered":"Acesso global \u00e0 justi\u00e7a, democracia e Estado de Direito"},"content":{"rendered":"<p style=\"text-align: justify;\">Este livro \u00e9 oriundo das pesquisas desenvolvidas na disciplina Acesso global \u00e0 justi\u00e7a, Democracia e Estado de Direito, cadeira obrigat\u00f3ria do Programa de P\u00f3s-Gradua\u00e7\u00e3o em Direito da Universidade Federal de Santa Maria (n\u00edvel doutorado).<\/p>\n<p style=\"text-align: justify;\">A colet\u00e2nea re\u00fane dezenove cap\u00edtulos que exploram, sob diferentes perspectivas te\u00f3ricas e metodol\u00f3gicas, os desafios contempor\u00e2neos do acesso \u00e0 justi\u00e7a no contexto da democracia e do Estado de Direito. Os textos abordam desde o legado do Projeto Floren\u00e7a at\u00e9 quest\u00f5es atuais como precedentes judiciais, tutela de grupos vulner\u00e1veis, intelig\u00eancia artificial, hermen\u00eautica filos\u00f3fica e justi\u00e7a clim\u00e1tica.<\/p>\n<p style=\"text-align: justify;\">Com contribui\u00e7\u00f5es de doutorandos e pesquisadores do PPGD\/UFSM, a obra apresenta reflex\u00f5es cr\u00edticas que conectam tradi\u00e7\u00e3o e inova\u00e7\u00e3o, teoria e pr\u00e1tica, evidenciando a relev\u00e2ncia do debate sobre acesso \u00e0 justi\u00e7a para a efetiva\u00e7\u00e3o de direitos fundamentais em sociedades plurais e desafiadas por desigualdades estruturais.<\/p>\n<p style=\"text-align: justify;\">Destinada a estudantes, docentes, profissionais do Direito e pesquisadores da \u00e1rea, esta publica\u00e7\u00e3o oferece um panorama atualizado e consistente das discuss\u00f5es que marcam a agenda jur\u00eddica contempor\u00e2nea no Brasil e no mundo.<\/p>","protected":false},"excerpt":{"rendered":"<p>Cristiano Becker Isaia<br \/>(Org.)<\/p>\n<p><strong>E-book gratuito &#8211; Clique no bot\u00e3o Comprar<\/strong><br \/><strong>Vers\u00e3o impressa &#8211; indispon\u00edvel<\/strong><\/p>","protected":false},"featured_media":68722,"template":"","meta":{"_joinchat":[]},"product_brand":[],"product_cat":[57],"product_tag":[],"class_list":{"0":"post-68720","1":"product","2":"type-product","3":"status-publish","4":"has-post-thumbnail","6":"product_cat-ciencias-sociais-aplicadas","7":"align-center","8":"box-shadow-1","9":"box-shadow-3-hover","10":"ast-product-gallery-layout-horizontal","11":"ast-product-gallery-with-no-image","12":"ast-product-tabs-layout-horizontal","14":"first","15":"instock","16":"downloadable","17":"virtual","18":"sold-individually","19":"purchasable","20":"product-type-simple"},"_links":{"self":[{"href":"https:\/\/www.dommodesto.com.br\/en\/wp-json\/wp\/v2\/product\/68720","targetHints":{"allow":["GET"]}}],"collection":[{"href":"https:\/\/www.dommodesto.com.br\/en\/wp-json\/wp\/v2\/product"}],"about":[{"href":"https:\/\/www.dommodesto.com.br\/en\/wp-json\/wp\/v2\/types\/product"}],"wp:featuredmedia":[{"embeddable":true,"href":"https:\/\/www.dommodesto.com.br\/en\/wp-json\/wp\/v2\/media\/68722"}],"wp:attachment":[{"href":"https:\/\/www.dommodesto.com.br\/en\/wp-json\/wp\/v2\/media?parent=68720"}],"wp:term":[{"taxonomy":"product_brand","embeddable":true,"href":"https:\/\/www.dommodesto.com.br\/en\/wp-json\/wp\/v2\/product_brand?post=68720"},{"taxonomy":"product_cat","embeddable":true,"href":"https:\/\/www.dommodesto.com.br\/en\/wp-json\/wp\/v2\/product_cat?post=68720"},{"taxonomy":"product_tag","embeddable":true,"href":"https:\/\/www.dommodesto.com.br\/en\/wp-json\/wp\/v2\/product_tag?post=68720"}],"curies":[{"name":"wp","href":"https:\/\/api.w.org\/{rel}","templated":true}]}}