{"id":68709,"date":"2025-11-17T17:52:20","date_gmt":"2025-11-17T20:52:20","guid":{"rendered":"https:\/\/www.dommodesto.com.br\/?post_type=product&#038;p=68709"},"modified":"2025-11-26T16:58:11","modified_gmt":"2025-11-26T19:58:11","slug":"a-justica-codificada-riscos-e-desafios-da-decisao-artificial-no-estado-de-direito","status":"publish","type":"product","link":"https:\/\/www.dommodesto.com.br\/en\/product\/a-justica-codificada-riscos-e-desafios-da-decisao-artificial-no-estado-de-direito\/","title":{"rendered":"A justi\u00e7a codificada: riscos e desafios da decis\u00e3o artificial no Estado de Direito"},"content":{"rendered":"<p style=\"text-align: justify;\">&#8220;O presente livro convida o leitor a refletir sobre um dos debates mais urgentes e complexos do nosso tempo: a inser\u00e7\u00e3o da intelig\u00eancia artificial no \u00e2mbito do Poder Judici\u00e1rio. O complexo avan\u00e7o da intelig\u00eancia artificial nos \u00faltimos anos tem provocado um deslocamento profundo nas formas de pensar e praticar o Direito.<\/p>\n<p style=\"text-align: justify;\">Se, por um lado, a tecnologia promete ganhos in\u00e9ditos de efici\u00eancia e acesso \u00e0 informa\u00e7\u00e3o, por outro, desafia princ\u00edpios estruturantes do Estado Democr\u00e1tico de Direito, como a imparcialidade, a transpar\u00eancia e a garantia do juiz natural. \u00c9 nesse campo de tens\u00f5es que se inscreve A Justi\u00e7a Codificada: Riscos e Desafios da Decis\u00e3o Artificial no Estado de Direito, reunindo quatro contribui\u00e7\u00f5es que se complementam e oferecem ao leitor um panorama s\u00f3lido, cr\u00edtico e propositivo.<\/p>\n<p style=\"text-align: justify;\">Entre diagn\u00f3sticos cuidadosos e an\u00e1lises comparativas, ela percorre o caminho que vai das origens conceituais da IA aos desafios regulat\u00f3rios e \u00e9ticos que cercam sua aplica\u00e7\u00e3o no campo jur\u00eddico, sem perder de vista o n\u00facleo essencial da fun\u00e7\u00e3o jurisdicional: a decis\u00e3o.<\/p>\n<p style=\"text-align: justify;\">Com algoritmos cada vez mais sofisticados, capazes de produzir relat\u00f3rios, construir senten\u00e7as e at\u00e9 criar conte\u00fado jur\u00eddico com fluidez, \u00e0 preocupa\u00e7\u00e3o de delegar \u00e0 m\u00e1quina parte substancial da atividade jurisdicional \u00e9, no m\u00ednimo, sugestiva.<\/p>\n<p style=\"text-align: justify;\">Por\u00e9m, como mostram os cap\u00edtulos aqui reunidos, o Direito n\u00e3o se limita a processar dados: ele se constr\u00f3i na tens\u00e3o entre normas, fatos e valores, no espa\u00e7o de interpreta\u00e7\u00e3o e prud\u00eancia que nenhuma intelig\u00eancia artificial, por mais avan\u00e7ada, consegue reproduzir integralmente.\u201d<\/p>\n<p><strong>Leonel Severo Rocha<\/strong><\/p>","protected":false},"excerpt":{"rendered":"<p>Marcelo Veiga Beckhausen<br \/>Paola da Silva Schneiders<br \/>Karina Salort Larruscaim<\/p>\n<p><strong>Vers\u00e3o E-book &#8211; Clique no bot\u00e3o Comprar<\/strong><br \/><strong>Vers\u00e3o impressa &#8211; <a href=\"https:\/\/www.amazon.com.br\/justi%C3%A7a-codificada-desafios-decis%C3%A3o-artificial\/dp\/6552351216\/ref=sr_1_23?crid=2Y7KKBW5SAW56&amp;dib=eyJ2IjoiMSJ9.Oy5aYhbHtWxzAhi1JF9vYyosopVMqf_yZAIuYjVeA8AAiPnMVYOuRusM_hXE5X28MCBfmbMCj4Difzr-aaHmjtMdn-yHy5iSlN3sWtZeL8yvYp-Dd-UmAokAEuXLX-aLW27rMi1K-drgba_QNLHFlY8S_LKfcVDqplt0PkjfXWobt2QC7dz6Msfyr4XGTdaM_bN7T_VvTX2Z3d081BJrGtzQMPif5i2J2YUgmUx_gYmcnjUMaZbJBF1LIOUi4XLPO8gyKugIX7U2AEANnR-JTMy0Y-lWml0mb5wPD8DamF4.mE_GxuhDlvqPDGq6NI8_U4rT0DGUAJxzU5y1dp-Fils&amp;dib_tag=se&amp;keywords=dom+modesto&amp;qid=1764174082&amp;sprefix=%22dom+modesto%22%2Caps%2C287&amp;sr=8-23&amp;ufe=app_do%3Aamzn1.fos.6d798eae-cadf-45de-946a-f477d47705b9\">Clique aqui<\/a><\/strong><\/p>","protected":false},"featured_media":68711,"template":"","meta":{"_joinchat":[]},"product_brand":[],"product_cat":[57],"product_tag":[],"class_list":{"0":"post-68709","1":"product","2":"type-product","3":"status-publish","4":"has-post-thumbnail","6":"product_cat-ciencias-sociais-aplicadas","7":"align-center","8":"box-shadow-1","9":"box-shadow-3-hover","10":"ast-product-gallery-layout-horizontal","11":"ast-product-gallery-with-no-image","12":"ast-product-tabs-layout-horizontal","14":"first","15":"instock","16":"downloadable","17":"virtual","18":"sold-individually","19":"purchasable","20":"product-type-simple"},"_links":{"self":[{"href":"https:\/\/www.dommodesto.com.br\/en\/wp-json\/wp\/v2\/product\/68709","targetHints":{"allow":["GET"]}}],"collection":[{"href":"https:\/\/www.dommodesto.com.br\/en\/wp-json\/wp\/v2\/product"}],"about":[{"href":"https:\/\/www.dommodesto.com.br\/en\/wp-json\/wp\/v2\/types\/product"}],"wp:featuredmedia":[{"embeddable":true,"href":"https:\/\/www.dommodesto.com.br\/en\/wp-json\/wp\/v2\/media\/68711"}],"wp:attachment":[{"href":"https:\/\/www.dommodesto.com.br\/en\/wp-json\/wp\/v2\/media?parent=68709"}],"wp:term":[{"taxonomy":"product_brand","embeddable":true,"href":"https:\/\/www.dommodesto.com.br\/en\/wp-json\/wp\/v2\/product_brand?post=68709"},{"taxonomy":"product_cat","embeddable":true,"href":"https:\/\/www.dommodesto.com.br\/en\/wp-json\/wp\/v2\/product_cat?post=68709"},{"taxonomy":"product_tag","embeddable":true,"href":"https:\/\/www.dommodesto.com.br\/en\/wp-json\/wp\/v2\/product_tag?post=68709"}],"curies":[{"name":"wp","href":"https:\/\/api.w.org\/{rel}","templated":true}]}}