{"id":68647,"date":"2025-11-01T15:15:21","date_gmt":"2025-11-01T18:15:21","guid":{"rendered":"https:\/\/www.dommodesto.com.br\/?post_type=product&#038;p=68647"},"modified":"2025-11-01T15:15:21","modified_gmt":"2025-11-01T18:15:21","slug":"declaracao-de-inconstitucionalidade-em-materia-tributaria-limites-a-modulacao-de-efeitos-no-brasil","status":"publish","type":"product","link":"https:\/\/www.dommodesto.com.br\/en\/product\/declaracao-de-inconstitucionalidade-em-materia-tributaria-limites-a-modulacao-de-efeitos-no-brasil\/","title":{"rendered":"Declara\u00e7\u00e3o de inconstitucionalidade em mat\u00e9ria tribut\u00e1ria: limites \u00e0 modula\u00e7\u00e3o de efeitos no Brasil"},"content":{"rendered":"<p style=\"text-align: justify;\"><em>Declara\u00e7\u00e3o de inconstitucionalidade em mat\u00e9ria tribut\u00e1ria: limites \u00e0 modula\u00e7\u00e3o de efeitos no Brasil<\/em> analisa, com rigor t\u00e9cnico e abordagem cr\u00edtica, os fundamentos e as restri\u00e7\u00f5es constitucionais que envolvem a modula\u00e7\u00e3o de efeitos nas decis\u00f5es declarat\u00f3rias de inconstitucionalidade em mat\u00e9ria tribut\u00e1ria. Partindo da supremacia da Constitui\u00e7\u00e3o Federal de 1988 e da centralidade dos direitos fundamentais no Estado Democr\u00e1tico de Direito, a autora examina a atua\u00e7\u00e3o do Supremo Tribunal Federal (STF) na aplica\u00e7\u00e3o do instituto, especialmente nas decis\u00f5es proferidas entre 2022 e 2024, em um per\u00edodo de intensos debates sobre seguran\u00e7a jur\u00eddica e legitimidade democr\u00e1tica.<\/p>\n<p style=\"text-align: justify;\">O estudo adota uma metodologia dogm\u00e1tica, comparada e emp\u00edrica, explorando tanto as bases te\u00f3ricas do controle de constitucionalidade quanto a an\u00e1lise de casos paradigm\u00e1ticos de controle concentrado e difuso. A partir dessa perspectiva, prop\u00f5e uma reflex\u00e3o sobre os crit\u00e9rios constitucionais que devem orientar a modula\u00e7\u00e3o de efeitos, discutindo os riscos de sua utiliza\u00e7\u00e3o como instrumento de relativiza\u00e7\u00e3o da supremacia constitucional e de desequil\u00edbrio entre Estado e contribuinte.<\/p>\n<p style=\"text-align: justify;\">Trata-se de uma contribui\u00e7\u00e3o relevante ao campo do Direito Constitucional Tribut\u00e1rio, que dialoga com a doutrina nacional e estrangeira para reafirmar a necessidade de coer\u00eancia entre a fun\u00e7\u00e3o contramajorit\u00e1ria do Judici\u00e1rio, a preserva\u00e7\u00e3o dos direitos fundamentais e a efetividade do princ\u00edpio da supremacia da Constitui\u00e7\u00e3o como par\u00e2metro \u00faltimo de validade, legitimidade e justi\u00e7a no ordenamento jur\u00eddico brasileiro.<\/p>","protected":false},"excerpt":{"rendered":"<p>Jordana Franzen Reinheimer<\/p>\n<p><strong>vers\u00e3o e-book &#8211; Clique no bot\u00e3o Comprar<\/strong><br \/><strong>Vers\u00e3o impressa &#8211; em breve na Amazon e em outros grandes marketplaces<\/strong><\/p>","protected":false},"featured_media":68649,"template":"","meta":{"_joinchat":[]},"product_brand":[],"product_cat":[57],"product_tag":[],"class_list":{"0":"post-68647","1":"product","2":"type-product","3":"status-publish","4":"has-post-thumbnail","6":"product_cat-ciencias-sociais-aplicadas","7":"align-center","8":"box-shadow-1","9":"box-shadow-3-hover","10":"ast-product-gallery-layout-horizontal","11":"ast-product-gallery-with-no-image","12":"ast-product-tabs-layout-horizontal","14":"first","15":"instock","16":"downloadable","17":"virtual","18":"purchasable","19":"product-type-simple"},"_links":{"self":[{"href":"https:\/\/www.dommodesto.com.br\/en\/wp-json\/wp\/v2\/product\/68647","targetHints":{"allow":["GET"]}}],"collection":[{"href":"https:\/\/www.dommodesto.com.br\/en\/wp-json\/wp\/v2\/product"}],"about":[{"href":"https:\/\/www.dommodesto.com.br\/en\/wp-json\/wp\/v2\/types\/product"}],"wp:featuredmedia":[{"embeddable":true,"href":"https:\/\/www.dommodesto.com.br\/en\/wp-json\/wp\/v2\/media\/68649"}],"wp:attachment":[{"href":"https:\/\/www.dommodesto.com.br\/en\/wp-json\/wp\/v2\/media?parent=68647"}],"wp:term":[{"taxonomy":"product_brand","embeddable":true,"href":"https:\/\/www.dommodesto.com.br\/en\/wp-json\/wp\/v2\/product_brand?post=68647"},{"taxonomy":"product_cat","embeddable":true,"href":"https:\/\/www.dommodesto.com.br\/en\/wp-json\/wp\/v2\/product_cat?post=68647"},{"taxonomy":"product_tag","embeddable":true,"href":"https:\/\/www.dommodesto.com.br\/en\/wp-json\/wp\/v2\/product_tag?post=68647"}],"curies":[{"name":"wp","href":"https:\/\/api.w.org\/{rel}","templated":true}]}}