{"id":68586,"date":"2025-10-15T17:20:43","date_gmt":"2025-10-15T20:20:43","guid":{"rendered":"https:\/\/www.dommodesto.com.br\/?post_type=product&#038;p=68586"},"modified":"2025-10-15T17:21:18","modified_gmt":"2025-10-15T20:21:18","slug":"avaliacao-da-politica-publica-judiciaria-de-tratamento-de-conflitos-no-brasil-recurso-eletronico-a-resolucao-125-de-2010-do-conselho-nacional-de-justica-e-a-mediacao-nos-conflitos-de-familia-na-co","status":"publish","type":"product","link":"https:\/\/www.dommodesto.com.br\/en\/product\/avaliacao-da-politica-publica-judiciaria-de-tratamento-de-conflitos-no-brasil-recurso-eletronico-a-resolucao-125-de-2010-do-conselho-nacional-de-justica-e-a-mediacao-nos-conflitos-de-familia-na-co\/","title":{"rendered":"Avalia\u00e7\u00e3o da pol\u00edtica p\u00fablica judici\u00e1ria de tratamento de conflitos no Brasil: a resolu\u00e7\u00e3o 125 de 2010 do Conselho Nacional de Justi\u00e7a e a media\u00e7\u00e3o nos conflitos de fam\u00edlia na comarca de Santa Rosa\/RS"},"content":{"rendered":"<p>\u201cA pol\u00edtica p\u00fablica judici\u00e1ria de tratamento de conflitos institu\u00edda por meio da Resolu\u00e7\u00e3o 125 do Conselho Nacional de Justi\u00e7a \u00e9 pautada na promo\u00e7\u00e3o de uma mudan\u00e7a cultural no tratamento de conflitos; na desjudicializa\u00e7\u00e3o de demandas; no fomento \u00e0 autocomposi\u00e7\u00e3o e na amplia\u00e7\u00e3o do acesso \u00e0 justi\u00e7a por meios n\u00e3o adversariais.<\/p>\n<p>Essa pol\u00edtica p\u00fablica representa uma mudan\u00e7a de paradigma no sistema de justi\u00e7a. Ao reconhecer que nem todos os conflitos devem ser resolvidos por via judicial tradicional, abre espa\u00e7o para constru\u00e7\u00f5es mais eficazes, colaborativas e menos onerosas.<\/p>\n<p>A pesquisa que ultrapassa as barreiras da revis\u00e3o bibliogr\u00e1fica e se debru\u00e7a na coleta de dados emp\u00edricos carrega em si a ess\u00eancia do que se projeta para um estudo e do que, como parte da humanidade, se espera para que as a\u00e7\u00f5es, ainda que institucionais, sejam avaliadas e positivadas na constru\u00e7\u00e3o de espa\u00e7os consensuais que propiciam aos seres humanos o resgate da sua capacidade de gest\u00e3o dos seus pr\u00f3prios conflitos. A grande import\u00e2ncia do estudo que ora se apresenta est\u00e1 exatamente nesse olhar mais sens\u00edvel e respons\u00e1vel para as pessoas reassumirem seus pap\u00e9is diante dos seus conflitos e dos que se encontram ao seu entorno. Est\u00e1 no resgate \u00e0 capacidade de amor pr\u00f3prio e de amor ao pr\u00f3ximo, ao diferente, ao distante, ao ser humano.\u201d<\/p>\n<p><strong>Charlise Paula Colet Gimenez<\/strong><\/p>","protected":false},"excerpt":{"rendered":"<p>Maria Eduarda Granel Copetti<\/p>\n<p><strong>E-book gratuito &#8211; Clique no bot\u00e3o Comprar<\/strong><br \/><strong>Vers\u00e3o impressa &#8211; em breve dispon\u00edvel na Amazon e em outros grandes marketplaces<\/strong><\/p>","protected":false},"featured_media":68588,"template":"","meta":{"_joinchat":[]},"product_brand":[],"product_cat":[57],"product_tag":[],"class_list":{"0":"post-68586","1":"product","2":"type-product","3":"status-publish","4":"has-post-thumbnail","6":"product_cat-ciencias-sociais-aplicadas","7":"align-center","8":"box-shadow-1","9":"box-shadow-3-hover","10":"ast-product-gallery-layout-horizontal","11":"ast-product-gallery-with-no-image","12":"ast-product-tabs-layout-horizontal","14":"first","15":"instock","16":"downloadable","17":"virtual","18":"purchasable","19":"product-type-simple"},"_links":{"self":[{"href":"https:\/\/www.dommodesto.com.br\/en\/wp-json\/wp\/v2\/product\/68586","targetHints":{"allow":["GET"]}}],"collection":[{"href":"https:\/\/www.dommodesto.com.br\/en\/wp-json\/wp\/v2\/product"}],"about":[{"href":"https:\/\/www.dommodesto.com.br\/en\/wp-json\/wp\/v2\/types\/product"}],"wp:featuredmedia":[{"embeddable":true,"href":"https:\/\/www.dommodesto.com.br\/en\/wp-json\/wp\/v2\/media\/68588"}],"wp:attachment":[{"href":"https:\/\/www.dommodesto.com.br\/en\/wp-json\/wp\/v2\/media?parent=68586"}],"wp:term":[{"taxonomy":"product_brand","embeddable":true,"href":"https:\/\/www.dommodesto.com.br\/en\/wp-json\/wp\/v2\/product_brand?post=68586"},{"taxonomy":"product_cat","embeddable":true,"href":"https:\/\/www.dommodesto.com.br\/en\/wp-json\/wp\/v2\/product_cat?post=68586"},{"taxonomy":"product_tag","embeddable":true,"href":"https:\/\/www.dommodesto.com.br\/en\/wp-json\/wp\/v2\/product_tag?post=68586"}],"curies":[{"name":"wp","href":"https:\/\/api.w.org\/{rel}","templated":true}]}}