{"id":68544,"date":"2025-10-03T17:20:42","date_gmt":"2025-10-03T20:20:42","guid":{"rendered":"https:\/\/www.dommodesto.com.br\/?post_type=product&#038;p=68544"},"modified":"2025-10-03T17:20:43","modified_gmt":"2025-10-03T20:20:43","slug":"uma-leitura-constitucionalmente-adequada-do-dever-fundamental-de-pagar-tributos-estudos-em-homenagem-a-jose-casalta-nabais","status":"publish","type":"product","link":"https:\/\/www.dommodesto.com.br\/en\/product\/uma-leitura-constitucionalmente-adequada-do-dever-fundamental-de-pagar-tributos-estudos-em-homenagem-a-jose-casalta-nabais\/","title":{"rendered":"Uma leitura constitucionalmente adequada do dever fundamental de pagar tributos: estudos em homenagem a Jos\u00e9 Casalta Nabais"},"content":{"rendered":"<p style=\"text-align: justify;\">Reunindo textos dos integrantes do Grupo Permanente de Estudos Tribut\u00e1rios, vinculado ao Programa de P\u00f3s-gradua\u00e7\u00e3o em Direito, da Universidade do Vale do Rio dos Sinos \u2013 UNISINOS, este livro prop\u00f5e uma reflex\u00e3o aprofundada sobre o dever fundamental de pagar tributos, entendido a partir de uma perspectiva constitucionalmente orientada, que \u00e9 afeita \u00e0 linha de pesquisas Hermen\u00eautica, Constitui\u00e7\u00e3o e Concretiza\u00e7\u00e3o de Direitos. A abordagem aqui reunida ultrapassa a an\u00e1lise t\u00e9cnico-jur\u00eddica tradicional, buscando compreender em que medida o dever de contribuir financia n\u00e3o apenas o Estado, mas tamb\u00e9m a pr\u00f3pria realiza\u00e7\u00e3o da democracia, a coes\u00e3o social e o respeito \u00e0 dignidade humana.<\/p>","protected":false},"excerpt":{"rendered":"<p>Marciano Buffon<br \/>Let\u00edcia de Mello<br \/>(Orgs.)<\/p>\n<p><strong>Vers\u00e3o e-book &#8211; download gratuito &#8211; clique no bot\u00e3o comprar<\/strong><br \/>Vers\u00e3o impressa &#8211; indispon\u00edvel<\/p>","protected":false},"featured_media":68545,"template":"","meta":{"_joinchat":[]},"product_brand":[],"product_cat":[57],"product_tag":[],"class_list":{"0":"post-68544","1":"product","2":"type-product","3":"status-publish","4":"has-post-thumbnail","6":"product_cat-ciencias-sociais-aplicadas","7":"align-center","8":"box-shadow-1","9":"box-shadow-3-hover","10":"ast-product-gallery-layout-horizontal","11":"ast-product-gallery-with-no-image","12":"ast-product-tabs-layout-horizontal","14":"first","15":"instock","16":"downloadable","17":"virtual","18":"purchasable","19":"product-type-simple"},"_links":{"self":[{"href":"https:\/\/www.dommodesto.com.br\/en\/wp-json\/wp\/v2\/product\/68544","targetHints":{"allow":["GET"]}}],"collection":[{"href":"https:\/\/www.dommodesto.com.br\/en\/wp-json\/wp\/v2\/product"}],"about":[{"href":"https:\/\/www.dommodesto.com.br\/en\/wp-json\/wp\/v2\/types\/product"}],"wp:featuredmedia":[{"embeddable":true,"href":"https:\/\/www.dommodesto.com.br\/en\/wp-json\/wp\/v2\/media\/68545"}],"wp:attachment":[{"href":"https:\/\/www.dommodesto.com.br\/en\/wp-json\/wp\/v2\/media?parent=68544"}],"wp:term":[{"taxonomy":"product_brand","embeddable":true,"href":"https:\/\/www.dommodesto.com.br\/en\/wp-json\/wp\/v2\/product_brand?post=68544"},{"taxonomy":"product_cat","embeddable":true,"href":"https:\/\/www.dommodesto.com.br\/en\/wp-json\/wp\/v2\/product_cat?post=68544"},{"taxonomy":"product_tag","embeddable":true,"href":"https:\/\/www.dommodesto.com.br\/en\/wp-json\/wp\/v2\/product_tag?post=68544"}],"curies":[{"name":"wp","href":"https:\/\/api.w.org\/{rel}","templated":true}]}}