{"id":68539,"date":"2025-10-02T16:45:18","date_gmt":"2025-10-02T19:45:18","guid":{"rendered":"https:\/\/www.dommodesto.com.br\/?post_type=product&#038;p=68539"},"modified":"2025-10-02T16:45:18","modified_gmt":"2025-10-02T19:45:18","slug":"assedio-moral-no-ambiente-academico-uma-analise-critica-interseccional-e-discursiva","status":"publish","type":"product","link":"https:\/\/www.dommodesto.com.br\/en\/product\/assedio-moral-no-ambiente-academico-uma-analise-critica-interseccional-e-discursiva\/","title":{"rendered":"Ass\u00e9dio moral no ambiente acad\u00eamico: uma an\u00e1lise cr\u00edtica interseccional e discursiva"},"content":{"rendered":"<p style=\"text-align: justify;\">\u201cA presente obra representa uma contribui\u00e7\u00e3o original e necess\u00e1ria ao debate sobre o ass\u00e9dio moral no ambiente acad\u00eamico, ancorada em uma abordagem cr\u00edtica, interseccional e discursiva. Derivada da pesquisa desenvolvida no mestrado de Rog\u00e9ria Francisca Silva, sob minha coorienta\u00e7\u00e3o e sob a orienta\u00e7\u00e3o da Dra. Maurides Macedo, no \u00e2mbito do Programa de P\u00f3s-Gradua\u00e7\u00e3o Interdisciplinar em Direitos Humanos da Universidade Federal de Goi\u00e1s (UFG), esta obra vai al\u00e9m das interpreta\u00e7\u00f5es convencionais do ass\u00e9dio moral como fen\u00f4meno meramente interpessoal ou desviante. Ao contr\u00e1rio, evidencia suas ra\u00edzes estruturais, articulando g\u00eanero, ra\u00e7a, classe e poder como dimens\u00f5es constitutivas da viol\u00eancia institucional.\u201d<\/p>\n<p><strong>Dra. J\u00e9ssica Painkow Rosa Cavalcante<\/strong><\/p>","protected":false},"excerpt":{"rendered":"<p>Rog\u00e9ria Francisca Silva<\/p>\n<p>Vers\u00e3o e-book &#8211; clique no bot\u00e3o comprar<br \/>\nVers\u00e3o impressa &#8211; em breve dispon\u00edvel na Amazon e em outros grandes marketplaces<\/p>","protected":false},"featured_media":68541,"template":"","meta":{"_joinchat":[]},"product_brand":[],"product_cat":[57],"product_tag":[],"class_list":{"0":"post-68539","1":"product","2":"type-product","3":"status-publish","4":"has-post-thumbnail","6":"product_cat-ciencias-sociais-aplicadas","7":"align-center","8":"box-shadow-1","9":"box-shadow-3-hover","10":"ast-product-gallery-layout-horizontal","11":"ast-product-gallery-with-no-image","12":"ast-product-tabs-layout-horizontal","14":"first","15":"instock","16":"downloadable","17":"virtual","18":"purchasable","19":"product-type-simple"},"_links":{"self":[{"href":"https:\/\/www.dommodesto.com.br\/en\/wp-json\/wp\/v2\/product\/68539","targetHints":{"allow":["GET"]}}],"collection":[{"href":"https:\/\/www.dommodesto.com.br\/en\/wp-json\/wp\/v2\/product"}],"about":[{"href":"https:\/\/www.dommodesto.com.br\/en\/wp-json\/wp\/v2\/types\/product"}],"wp:featuredmedia":[{"embeddable":true,"href":"https:\/\/www.dommodesto.com.br\/en\/wp-json\/wp\/v2\/media\/68541"}],"wp:attachment":[{"href":"https:\/\/www.dommodesto.com.br\/en\/wp-json\/wp\/v2\/media?parent=68539"}],"wp:term":[{"taxonomy":"product_brand","embeddable":true,"href":"https:\/\/www.dommodesto.com.br\/en\/wp-json\/wp\/v2\/product_brand?post=68539"},{"taxonomy":"product_cat","embeddable":true,"href":"https:\/\/www.dommodesto.com.br\/en\/wp-json\/wp\/v2\/product_cat?post=68539"},{"taxonomy":"product_tag","embeddable":true,"href":"https:\/\/www.dommodesto.com.br\/en\/wp-json\/wp\/v2\/product_tag?post=68539"}],"curies":[{"name":"wp","href":"https:\/\/api.w.org\/{rel}","templated":true}]}}