{"id":68521,"date":"2025-09-25T17:55:46","date_gmt":"2025-09-25T20:55:46","guid":{"rendered":"https:\/\/www.dommodesto.com.br\/?post_type=product&#038;p=68521"},"modified":"2025-09-25T17:55:46","modified_gmt":"2025-09-25T20:55:46","slug":"manual-antiassedio-no-trabalho","status":"publish","type":"product","link":"https:\/\/www.dommodesto.com.br\/en\/product\/manual-antiassedio-no-trabalho\/","title":{"rendered":"Manual antiass\u00e9dio no trabalho"},"content":{"rendered":"<p style=\"text-align: justify;\">O Manual Antiass\u00e9dio no Trabalho \u00e9 uma obra essencial para compreender, prevenir e combater as diferentes formas de ass\u00e9dio e discrimina\u00e7\u00e3o no ambiente profissional.<\/p>\n<p style=\"text-align: justify;\">Resultado de anos de estudo, escuta atenta e atua\u00e7\u00e3o comprometida com os direitos humanos, o Manual Antiass\u00e9dio no Trabalho oferece um guia claro, acess\u00edvel e fundamentado para a preven\u00e7\u00e3o e o enfrentamento das diversas formas de ass\u00e9dio e discrimina\u00e7\u00e3o nas rela\u00e7\u00f5es laborais.<\/p>\n<p style=\"text-align: justify;\">A publica\u00e7\u00e3o combina teoria, pr\u00e1tica e orienta\u00e7\u00e3o institucional, sendo um instrumento indispens\u00e1vel para profissionais do direito, gestores p\u00fablicos e privados, agentes da justi\u00e7a e trabalhadores em geral.<\/p>\n<p style=\"text-align: justify;\">A autora, Mariana Aquino, refer\u00eancia nacional em justi\u00e7a de g\u00eanero e combate ao ass\u00e9dio, \u00e9 Ju\u00edza Federal da Justi\u00e7a Militar da Uni\u00e3o, pesquisadora e doutrinadora na \u00e1rea de Direitos Humanos, G\u00eanero e Trabalho. Com uma reconhecida trajet\u00f3ria como palestrante e formadora em institui\u00e7\u00f5es p\u00fablicas e privadas, a autora se destaca por unir experi\u00eancia pr\u00e1tica e produ\u00e7\u00e3o cr\u00edtica, atuando de forma engajada na promo\u00e7\u00e3o de ambientes de trabalho mais justos, seguros e igualit\u00e1rios.<\/p>","protected":false},"excerpt":{"rendered":"<p>Mariana Aquino<\/p>\n<p>A vers\u00e3o e-book e a vers\u00e3o impressa podem ser adquiridas mediante encomenda diretamente com a Dom Modesto.\u00a0<\/p>\n<p>\u00a0<\/p>","protected":false},"featured_media":68522,"template":"","meta":{"_joinchat":[]},"product_brand":[],"product_cat":[57],"product_tag":[],"class_list":{"0":"post-68521","1":"product","2":"type-product","3":"status-publish","4":"has-post-thumbnail","6":"product_cat-ciencias-sociais-aplicadas","7":"align-center","8":"box-shadow-1","9":"box-shadow-3-hover","10":"ast-product-gallery-layout-horizontal","11":"ast-product-gallery-with-no-image","12":"ast-product-tabs-layout-horizontal","14":"first","15":"instock","16":"downloadable","17":"virtual","18":"product-type-simple"},"_links":{"self":[{"href":"https:\/\/www.dommodesto.com.br\/en\/wp-json\/wp\/v2\/product\/68521","targetHints":{"allow":["GET"]}}],"collection":[{"href":"https:\/\/www.dommodesto.com.br\/en\/wp-json\/wp\/v2\/product"}],"about":[{"href":"https:\/\/www.dommodesto.com.br\/en\/wp-json\/wp\/v2\/types\/product"}],"wp:featuredmedia":[{"embeddable":true,"href":"https:\/\/www.dommodesto.com.br\/en\/wp-json\/wp\/v2\/media\/68522"}],"wp:attachment":[{"href":"https:\/\/www.dommodesto.com.br\/en\/wp-json\/wp\/v2\/media?parent=68521"}],"wp:term":[{"taxonomy":"product_brand","embeddable":true,"href":"https:\/\/www.dommodesto.com.br\/en\/wp-json\/wp\/v2\/product_brand?post=68521"},{"taxonomy":"product_cat","embeddable":true,"href":"https:\/\/www.dommodesto.com.br\/en\/wp-json\/wp\/v2\/product_cat?post=68521"},{"taxonomy":"product_tag","embeddable":true,"href":"https:\/\/www.dommodesto.com.br\/en\/wp-json\/wp\/v2\/product_tag?post=68521"}],"curies":[{"name":"wp","href":"https:\/\/api.w.org\/{rel}","templated":true}]}}