{"id":68499,"date":"2025-09-17T12:03:35","date_gmt":"2025-09-17T15:03:35","guid":{"rendered":"https:\/\/www.dommodesto.com.br\/?post_type=product&#038;p=68499"},"modified":"2025-09-17T12:06:32","modified_gmt":"2025-09-17T15:06:32","slug":"reabilita-cidadao-compendio-sobre-ressocializacao-criminal","status":"publish","type":"product","link":"https:\/\/www.dommodesto.com.br\/en\/product\/reabilita-cidadao-compendio-sobre-ressocializacao-criminal\/","title":{"rendered":"Reabilita Cidad\u00e3o: comp\u00eandio sobre ressocializa\u00e7\u00e3o criminal"},"content":{"rendered":"<p style=\"text-align: justify;\">A pris\u00e3o, longe de representar um ponto final, muitas vezes inaugura um ciclo de exclus\u00e3o, invisibilidade e estigmatiza\u00e7\u00e3o. No Brasil, onde a popula\u00e7\u00e3o carcer\u00e1ria ultrapassa 800 mil pessoas, pensar em ressocializa\u00e7\u00e3o n\u00e3o \u00e9 apenas um desafio pol\u00edtico e jur\u00eddico &#8211; \u00e9 um imperativo civilizat\u00f3rio.<\/p>\n<p style=\"text-align: justify;\">O livro Reabilita Cidad\u00e3o: Comp\u00eandio de Estudos sobre Ressocializa\u00e7\u00e3o Criminal nasce dessa urg\u00eancia. Ele \u00e9 fruto de reflex\u00f5es coletivas, experi\u00eancias acad\u00eamicas e compromissos \u00e9ticos firmados no campo da extens\u00e3o universit\u00e1ria, onde o saber jur\u00eddico encontra a dura realidade das pris\u00f5es e das ruas.<\/p>","protected":false},"excerpt":{"rendered":"<p>Armindo Madoz Robinson<br \/>(Org.)<\/p>\n<p><strong>Vers\u00e3o e-book &#8211; clique no bot\u00e3o comprar<\/strong><br \/>Vers\u00e3o impressa &#8211; em breve dispon\u00edvel na Amazon e em outros grandes marketplaces<\/p>","protected":false},"featured_media":68501,"template":"","meta":{"_joinchat":[]},"product_brand":[],"product_cat":[57],"product_tag":[],"class_list":{"0":"post-68499","1":"product","2":"type-product","3":"status-publish","4":"has-post-thumbnail","6":"product_cat-ciencias-sociais-aplicadas","7":"align-center","8":"box-shadow-1","9":"box-shadow-3-hover","10":"ast-product-gallery-layout-horizontal","11":"ast-product-gallery-with-no-image","12":"ast-product-tabs-layout-horizontal","14":"first","15":"instock","16":"downloadable","17":"virtual","18":"purchasable","19":"product-type-simple"},"_links":{"self":[{"href":"https:\/\/www.dommodesto.com.br\/en\/wp-json\/wp\/v2\/product\/68499","targetHints":{"allow":["GET"]}}],"collection":[{"href":"https:\/\/www.dommodesto.com.br\/en\/wp-json\/wp\/v2\/product"}],"about":[{"href":"https:\/\/www.dommodesto.com.br\/en\/wp-json\/wp\/v2\/types\/product"}],"wp:featuredmedia":[{"embeddable":true,"href":"https:\/\/www.dommodesto.com.br\/en\/wp-json\/wp\/v2\/media\/68501"}],"wp:attachment":[{"href":"https:\/\/www.dommodesto.com.br\/en\/wp-json\/wp\/v2\/media?parent=68499"}],"wp:term":[{"taxonomy":"product_brand","embeddable":true,"href":"https:\/\/www.dommodesto.com.br\/en\/wp-json\/wp\/v2\/product_brand?post=68499"},{"taxonomy":"product_cat","embeddable":true,"href":"https:\/\/www.dommodesto.com.br\/en\/wp-json\/wp\/v2\/product_cat?post=68499"},{"taxonomy":"product_tag","embeddable":true,"href":"https:\/\/www.dommodesto.com.br\/en\/wp-json\/wp\/v2\/product_tag?post=68499"}],"curies":[{"name":"wp","href":"https:\/\/api.w.org\/{rel}","templated":true}]}}