{"id":68494,"date":"2025-09-15T17:10:23","date_gmt":"2025-09-15T20:10:23","guid":{"rendered":"https:\/\/www.dommodesto.com.br\/?post_type=product&#038;p=68494"},"modified":"2025-09-15T17:10:24","modified_gmt":"2025-09-15T20:10:24","slug":"vivendo-ou-sobrevivendo-os-direitos-humanos-em-face-as-condicoes-desumanas-do-sistema-carcerario-brasileiro","status":"publish","type":"product","link":"https:\/\/www.dommodesto.com.br\/en\/product\/vivendo-ou-sobrevivendo-os-direitos-humanos-em-face-as-condicoes-desumanas-do-sistema-carcerario-brasileiro\/","title":{"rendered":"Vivendo ou sobrevivendo: os direitos humanos em face \u00e0s condi\u00e7\u00f5es desumanas do sistema carcer\u00e1rio brasileiro"},"content":{"rendered":"<p>&#8220;Enquanto a sociedade clama por mais pris\u00f5es e penas mais severas, Mariele questiona: a quem serve esse sistema? Quem s\u00e3o os corpos que ele aprisiona? E por que seguimos aceitando que a resposta do Estado \u00e0 desigualdade seja o encarceramento em massa?<\/p>\n<p>O t\u00edtulo do livro, nesse sentido, ao empregar o jogo de palavras \u201cvivendo ou sobrevivendo\u201d, n\u00e3o \u00e9 meramente ret\u00f3rico. Ele sintetiza a pergunta central da obra: o sistema penal brasileiro permite que algu\u00e9m viva dentro dele? Ou apenas sobreviva, mutilado em sua dignidade, espremido entre a culpa e o esquecimento?<\/p>\n<p>As respostas oferecidas ao longo dos cap\u00edtulos s\u00e3o desconfort\u00e1veis, mas absolutamente necess\u00e1rias. Elas nos obrigam a confrontar a fal\u00e1cia de um sistema que se diz ressocializador, mas que na pr\u00e1tica perpetua ciclos de viol\u00eancia, exclus\u00e3o e morte, o que torna a obra uma refer\u00eancia importante para todos aqueles que est\u00e3o comprometidos com os valores democr\u00e1ticos e com a ideia de que a dignidade humana n\u00e3o \u00e9 uma concess\u00e3o, mas um direito.&#8221;<\/p>\n<p><em>Maiquel \u00c2ngelo Dezordi Wermuth<\/em><\/p>","protected":false},"excerpt":{"rendered":"<p>Mariele C\u00e1ssia Boschetti Dal Forno<\/p>\n<p><strong>Vers\u00e3o e-book &#8211; download gratuito &#8211; clique no bot\u00e3o comprar<\/strong><br \/>Vers\u00e3o impressa &#8211; em breve dispon\u00edvel na Amazon e em outros grandes marketplaces<\/p>","protected":false},"featured_media":68496,"template":"","meta":{"_joinchat":[]},"product_brand":[],"product_cat":[57],"product_tag":[],"class_list":{"0":"post-68494","1":"product","2":"type-product","3":"status-publish","4":"has-post-thumbnail","6":"product_cat-ciencias-sociais-aplicadas","7":"align-center","8":"box-shadow-1","9":"box-shadow-3-hover","10":"ast-product-gallery-layout-horizontal","11":"ast-product-gallery-with-no-image","12":"ast-product-tabs-layout-horizontal","14":"first","15":"instock","16":"downloadable","17":"virtual","18":"purchasable","19":"product-type-simple"},"_links":{"self":[{"href":"https:\/\/www.dommodesto.com.br\/en\/wp-json\/wp\/v2\/product\/68494","targetHints":{"allow":["GET"]}}],"collection":[{"href":"https:\/\/www.dommodesto.com.br\/en\/wp-json\/wp\/v2\/product"}],"about":[{"href":"https:\/\/www.dommodesto.com.br\/en\/wp-json\/wp\/v2\/types\/product"}],"wp:featuredmedia":[{"embeddable":true,"href":"https:\/\/www.dommodesto.com.br\/en\/wp-json\/wp\/v2\/media\/68496"}],"wp:attachment":[{"href":"https:\/\/www.dommodesto.com.br\/en\/wp-json\/wp\/v2\/media?parent=68494"}],"wp:term":[{"taxonomy":"product_brand","embeddable":true,"href":"https:\/\/www.dommodesto.com.br\/en\/wp-json\/wp\/v2\/product_brand?post=68494"},{"taxonomy":"product_cat","embeddable":true,"href":"https:\/\/www.dommodesto.com.br\/en\/wp-json\/wp\/v2\/product_cat?post=68494"},{"taxonomy":"product_tag","embeddable":true,"href":"https:\/\/www.dommodesto.com.br\/en\/wp-json\/wp\/v2\/product_tag?post=68494"}],"curies":[{"name":"wp","href":"https:\/\/api.w.org\/{rel}","templated":true}]}}