{"id":68464,"date":"2025-09-09T18:56:18","date_gmt":"2025-09-09T21:56:18","guid":{"rendered":"https:\/\/www.dommodesto.com.br\/?post_type=product&#038;p=68464"},"modified":"2025-09-09T18:56:18","modified_gmt":"2025-09-09T21:56:18","slug":"direito-literatura-o-que-oas-academicoas-fazem-com-as-palavras","status":"publish","type":"product","link":"https:\/\/www.dommodesto.com.br\/en\/product\/direito-literatura-o-que-oas-academicoas-fazem-com-as-palavras\/","title":{"rendered":"Direito &#038; literatura: o que o(a)s acad\u00eamico(a)s fazem com as palavras"},"content":{"rendered":"<p style=\"text-align: justify;\">O que acontece quando o Direito encontra a Literatura fora do dom\u00ednio das met\u00e1foras e passa a reconhec\u00ea-la como pr\u00e1tica cr\u00edtica e epistemologia insurgente? Esta colet\u00e2nea re\u00fane pesquisadoras e pesquisadores que recusam a clausura do discurso jur\u00eddico tradicional e abrem espa\u00e7o para a palavra liter\u00e1ria como meio de desestabiliza\u00e7\u00e3o, escuta e cria\u00e7\u00e3o de outras formas de justi\u00e7a.<\/p>\n<p style=\"text-align: justify;\">Ao transitar por narrativas de fic\u00e7\u00e3o, mem\u00f3rias, testemunhos e silenciamentos, os ensaios aqui reunidos deslocam o Direito de sua pretensa neutralidade e o aproximam das experi\u00eancias humanas que ele tantas vezes marginaliza. A literatura aparece n\u00e3o como ilustra\u00e7\u00e3o, mas como gesto pol\u00edtico e metodol\u00f3gico: um modo de conhecer, de ensinar e de resistir.<\/p>\n<p style=\"text-align: justify;\">A partir de abordagens interdisciplinares &#8211; que incorporam perspectivas decoloniais, feministas, racializadas e est\u00e9ticas -, o livro prop\u00f5e um Direito atravessado pela linguagem e pela escuta, consciente de seus limites e de suas pot\u00eancias. Um convite ao estranhamento necess\u00e1rio, \u00e0 cr\u00edtica radical e \u00e0 reinven\u00e7\u00e3o do jur\u00eddico em chave \u00e9tica e sens\u00edvel.<\/p>","protected":false},"excerpt":{"rendered":"<p>Kayllane Gabrielle Alves Oliveira<br \/>Maria Karolina Miranda Arag\u00e3o<br \/>Paulo Thiago Fernandes Dias<br \/>Sara Alacoque Guerra Zaghlout<br \/>(Orgs.)<\/p>\n<p><strong>Vers\u00e3o e-book &#8211; download gratuito &#8211; clique no bot\u00e3o comprar<\/strong><br \/>Vers\u00e3o impressa &#8211; indispon\u00edvel<\/p>","protected":false},"featured_media":68466,"template":"","meta":{"_joinchat":[]},"product_brand":[],"product_cat":[57],"product_tag":[],"class_list":{"0":"post-68464","1":"product","2":"type-product","3":"status-publish","4":"has-post-thumbnail","6":"product_cat-ciencias-sociais-aplicadas","7":"align-center","8":"box-shadow-1","9":"box-shadow-3-hover","10":"ast-product-gallery-layout-horizontal","11":"ast-product-gallery-with-no-image","12":"ast-product-tabs-layout-horizontal","14":"first","15":"instock","16":"downloadable","17":"virtual","18":"purchasable","19":"product-type-simple"},"_links":{"self":[{"href":"https:\/\/www.dommodesto.com.br\/en\/wp-json\/wp\/v2\/product\/68464","targetHints":{"allow":["GET"]}}],"collection":[{"href":"https:\/\/www.dommodesto.com.br\/en\/wp-json\/wp\/v2\/product"}],"about":[{"href":"https:\/\/www.dommodesto.com.br\/en\/wp-json\/wp\/v2\/types\/product"}],"wp:featuredmedia":[{"embeddable":true,"href":"https:\/\/www.dommodesto.com.br\/en\/wp-json\/wp\/v2\/media\/68466"}],"wp:attachment":[{"href":"https:\/\/www.dommodesto.com.br\/en\/wp-json\/wp\/v2\/media?parent=68464"}],"wp:term":[{"taxonomy":"product_brand","embeddable":true,"href":"https:\/\/www.dommodesto.com.br\/en\/wp-json\/wp\/v2\/product_brand?post=68464"},{"taxonomy":"product_cat","embeddable":true,"href":"https:\/\/www.dommodesto.com.br\/en\/wp-json\/wp\/v2\/product_cat?post=68464"},{"taxonomy":"product_tag","embeddable":true,"href":"https:\/\/www.dommodesto.com.br\/en\/wp-json\/wp\/v2\/product_tag?post=68464"}],"curies":[{"name":"wp","href":"https:\/\/api.w.org\/{rel}","templated":true}]}}