{"id":68432,"date":"2025-09-06T16:48:10","date_gmt":"2025-09-06T19:48:10","guid":{"rendered":"https:\/\/www.dommodesto.com.br\/?post_type=product&#038;p=68432"},"modified":"2025-09-06T17:00:21","modified_gmt":"2025-09-06T20:00:21","slug":"desafi-os-limites-e-possibilidades-do-projeto-constituinte-terra-uma-homenagem-ao-professor-luigi-ferrajoli","status":"publish","type":"product","link":"https:\/\/www.dommodesto.com.br\/en\/product\/desafi-os-limites-e-possibilidades-do-projeto-constituinte-terra-uma-homenagem-ao-professor-luigi-ferrajoli\/","title":{"rendered":"Desafios, limites e possibilidades do Projeto Constituinte Terra: uma homenagem ao professor Luigi Ferrajoli"},"content":{"rendered":"<p style=\"text-align: justify;\">N\u00e3o h\u00e1 como deixar de examinar essa obra em homenagem ao Prof. Dr. Luigi Ferrajoli que discute de forma cr\u00edtica os principais problemas da humanidade e que enfrenta questionamentos profundos que o mestre prop\u00f5e sobre o modelo de Estado na\u00e7\u00e3o em que a Sociedade Global est\u00e1 presa. S\u00e3o os questionamentos Cosmopolitas, muitas vezes considerados ing\u00eanuos, que levaram a mudan\u00e7as profundas a humanidade. A obra nos estimula a pensar o futuro dos seres humanos a partir da perspectiva sociojur\u00eddica do planeta que estamos inseridos e que dependemos para sobreviver. O Direito e a Sociedade n\u00e3o podem mais ficar presos a estruturas criadas em um per\u00edodo hist\u00f3rico espec\u00edfico. A sociedade e o mundo est\u00e3o em constante transforma\u00e7\u00e3o e uma obra como essa nos estimula a refletir sobre um novo futuro que, muitas vezes, pode parecer inating\u00edvel a partir de estruturas em que, como sociedade, ficamos presos por inseguran\u00e7as pontuais. Tudo nessa obra desafia e motiva, transformando a leitura em um exerc\u00edcio estimulante \u00e0s reflex\u00f5es sociojur\u00eddicas e frente a um mundo complexo que estamos presenciando. Excelente Leitura!<\/p>\n<p><em>Prof. Dr. Jose Alberto Antunes de Miranda<\/em><br \/>Coordenador do Programa de P\u00f3s-Gradua\u00e7\u00e3o em Direito da Universidade La Salle<\/p>","protected":false},"excerpt":{"rendered":"<p>Gustavo Vettorazzi Rodrigues<br \/>Sandra Regina Martini<br \/>(Orgs.)<\/p>","protected":false},"featured_media":68433,"template":"","meta":{"_joinchat":[]},"product_brand":[],"product_cat":[57],"product_tag":[],"class_list":{"0":"post-68432","1":"product","2":"type-product","3":"status-publish","4":"has-post-thumbnail","6":"product_cat-ciencias-sociais-aplicadas","7":"align-center","8":"box-shadow-1","9":"box-shadow-3-hover","10":"ast-product-gallery-layout-horizontal","11":"ast-product-gallery-with-no-image","12":"ast-product-tabs-layout-horizontal","14":"first","15":"instock","16":"shipping-taxable","17":"product-type-simple"},"_links":{"self":[{"href":"https:\/\/www.dommodesto.com.br\/en\/wp-json\/wp\/v2\/product\/68432","targetHints":{"allow":["GET"]}}],"collection":[{"href":"https:\/\/www.dommodesto.com.br\/en\/wp-json\/wp\/v2\/product"}],"about":[{"href":"https:\/\/www.dommodesto.com.br\/en\/wp-json\/wp\/v2\/types\/product"}],"wp:featuredmedia":[{"embeddable":true,"href":"https:\/\/www.dommodesto.com.br\/en\/wp-json\/wp\/v2\/media\/68433"}],"wp:attachment":[{"href":"https:\/\/www.dommodesto.com.br\/en\/wp-json\/wp\/v2\/media?parent=68432"}],"wp:term":[{"taxonomy":"product_brand","embeddable":true,"href":"https:\/\/www.dommodesto.com.br\/en\/wp-json\/wp\/v2\/product_brand?post=68432"},{"taxonomy":"product_cat","embeddable":true,"href":"https:\/\/www.dommodesto.com.br\/en\/wp-json\/wp\/v2\/product_cat?post=68432"},{"taxonomy":"product_tag","embeddable":true,"href":"https:\/\/www.dommodesto.com.br\/en\/wp-json\/wp\/v2\/product_tag?post=68432"}],"curies":[{"name":"wp","href":"https:\/\/api.w.org\/{rel}","templated":true}]}}