{"id":68430,"date":"2025-09-06T16:28:17","date_gmt":"2025-09-06T19:28:17","guid":{"rendered":"https:\/\/www.dommodesto.com.br\/?post_type=product&#038;p=68430"},"modified":"2025-11-14T11:48:29","modified_gmt":"2025-11-14T14:48:29","slug":"garantismo-e-razao-como-bases-do-pensamento-democratico-estudos-em-homenagem-a-luigi-ferrajoli","status":"publish","type":"product","link":"https:\/\/www.dommodesto.com.br\/en\/product\/garantismo-e-razao-como-bases-do-pensamento-democratico-estudos-em-homenagem-a-luigi-ferrajoli\/","title":{"rendered":"Garantismo e raz\u00e3o como bases do pensamento democr\u00e1tico: estudos em homenagem \u00e0 Luigi Ferrajoli"},"content":{"rendered":"<p style=\"text-align: justify;\">A teoria garantista de Luigi Ferrajoli consolidou-se como uma das mais influentes metateorias jur\u00eddicas contempor\u00e2neas, ao estabelecer os direitos fundamentais como limites intranspon\u00edveis ao poder pol\u00edtico, econ\u00f4mico e social. O presente volume, Garantismo e raz\u00e3o como bases do pensamento democr\u00e1tico: estudos em homenagem a Luigi Ferrajoli, re\u00fane reflex\u00f5es que, partindo de diferentes recortes tem\u00e1ticos e metodol\u00f3gicos, demonstram a vitalidade e a atualidade do pensamento ferrajoliano na pesquisa jur\u00eddica brasileira.<\/p>\n<p style=\"text-align: justify;\">Os textos aqui reunidos percorrem desde a an\u00e1lise da aplicabilidade do garantismo em contextos de na\u00e7\u00f5es sem Estado at\u00e9 a investiga\u00e7\u00e3o de sua recep\u00e7\u00e3o acad\u00eamica no Rio Grande do Sul, revelando a forma\u00e7\u00e3o de uma rede de pesquisadores comprometidos com uma perspectiva cr\u00edtica e constitucionalista. A colet\u00e2nea ainda promove di\u00e1logos entre a teoria garantista e a sociologia judici\u00e1ria, a hermen\u00eautica negra e a reflex\u00e3o sobre novas formas de reparti\u00e7\u00e3o de poderes, destacando sua pot\u00eancia interdisciplinar e seu alcance normativo diante dos desafios contempor\u00e2neos.<\/p>\n<p style=\"text-align: justify;\">Mais do que um tributo, esta obra oferece ao leitor a oportunidade de compreender como a teoria de Ferrajoli segue irradiando sentidos, inspirando pr\u00e1ticas institucionais e alimentando a constru\u00e7\u00e3o de uma democracia substantiva. Ao mesmo tempo homenagem e exerc\u00edcio cr\u00edtico, o livro evidencia o lugar central do garantismo jur\u00eddico na luta pela efetividade dos direitos fundamentais e pela consolida\u00e7\u00e3o de institui\u00e7\u00f5es democr\u00e1ticas inclusivas e igualit\u00e1rias.<\/p>","protected":false},"excerpt":{"rendered":"<p>Jos\u00e9 Alcebiades de Oliveira Junior<br \/>Sandra Regina Martini Vial<br \/>Julio Fernandes Neto<br \/>Ari Ricardo Avila Schuller<br \/>(Orgs.)<\/p>\n<p><strong>E-book gratuito &#8211; Clique no bot\u00e3o Comprar<\/strong><br \/><strong>Vers\u00e3o impressa &#8211; indispon\u00edvel<\/strong><\/p>","protected":false},"featured_media":68431,"template":"","meta":{"_joinchat":[]},"product_brand":[],"product_cat":[57],"product_tag":[],"class_list":{"0":"post-68430","1":"product","2":"type-product","3":"status-publish","4":"has-post-thumbnail","6":"product_cat-ciencias-sociais-aplicadas","7":"align-center","8":"box-shadow-1","9":"box-shadow-3-hover","10":"ast-product-gallery-layout-horizontal","11":"ast-product-gallery-with-no-image","12":"ast-product-tabs-layout-horizontal","14":"first","15":"instock","16":"downloadable","17":"virtual","18":"purchasable","19":"product-type-simple"},"_links":{"self":[{"href":"https:\/\/www.dommodesto.com.br\/en\/wp-json\/wp\/v2\/product\/68430","targetHints":{"allow":["GET"]}}],"collection":[{"href":"https:\/\/www.dommodesto.com.br\/en\/wp-json\/wp\/v2\/product"}],"about":[{"href":"https:\/\/www.dommodesto.com.br\/en\/wp-json\/wp\/v2\/types\/product"}],"wp:featuredmedia":[{"embeddable":true,"href":"https:\/\/www.dommodesto.com.br\/en\/wp-json\/wp\/v2\/media\/68431"}],"wp:attachment":[{"href":"https:\/\/www.dommodesto.com.br\/en\/wp-json\/wp\/v2\/media?parent=68430"}],"wp:term":[{"taxonomy":"product_brand","embeddable":true,"href":"https:\/\/www.dommodesto.com.br\/en\/wp-json\/wp\/v2\/product_brand?post=68430"},{"taxonomy":"product_cat","embeddable":true,"href":"https:\/\/www.dommodesto.com.br\/en\/wp-json\/wp\/v2\/product_cat?post=68430"},{"taxonomy":"product_tag","embeddable":true,"href":"https:\/\/www.dommodesto.com.br\/en\/wp-json\/wp\/v2\/product_tag?post=68430"}],"curies":[{"name":"wp","href":"https:\/\/api.w.org\/{rel}","templated":true}]}}