{"id":68422,"date":"2025-09-05T17:34:23","date_gmt":"2025-09-05T20:34:23","guid":{"rendered":"https:\/\/www.dommodesto.com.br\/?post_type=product&#038;p=68422"},"modified":"2025-10-03T14:51:59","modified_gmt":"2025-10-03T17:51:59","slug":"direitos-humanos-na-contemporaneidade-acesso-a-justica-trabalho-e-politicas-publicas-de-inclusao-e-diversidade","status":"publish","type":"product","link":"https:\/\/www.dommodesto.com.br\/en\/product\/direitos-humanos-na-contemporaneidade-acesso-a-justica-trabalho-e-politicas-publicas-de-inclusao-e-diversidade\/","title":{"rendered":"Direitos humanos na contemporaneidade: acesso \u00e0 justi\u00e7a, trabalho e pol\u00edticas p\u00fablicas de inclus\u00e3o e diversidade"},"content":{"rendered":"<p style=\"text-align: justify;\">&#8220;Como podemos vislumbrar, esta obra es abarcativa de un avance de los derechos humanos a la luz de los derechos laborales, la inclusi\u00f3n y la exclusi\u00f3n, los problemas de los empleos informales de las personas con dicapacidad, los ni\u00f1os y adolescentes y las mujeres negras, sumando las condiciones laborales y el impacto negativo en los docentes (sobre todo las mujeres). A ello le agregamos la violencia digital y el impacto en la salud mental de las personas que la sufren como la transversalidad de la perspectiva de g\u00e9nero en todos estos temas, que debemos seguir estudiando y en especial, trabajar en pol\u00edticas p\u00fablicas equitativas pero sobre todo efectivas que sirvan para erradicar todas estas diferencias.\u201d<\/p>\n<p><strong>Dra. Claudia E. Zalazar<\/strong><\/p>","protected":false},"excerpt":{"rendered":"<p>Rosane Teresinha Carvalho Porto<br \/>Marcelo Jos\u00e9 Ferlin D\u2019Ambroso<br \/>Jana\u00edna Machado Sturza<br \/>(Orgs.)<\/p>\n<p><strong>Vers\u00e3o e-book &#8211; download gratuito &#8211; clique no bot\u00e3o comprar<\/strong><br \/>Vers\u00e3o impressa &#8211; indispon\u00edvel<\/p>","protected":false},"featured_media":68424,"template":"","meta":{"_joinchat":[]},"product_brand":[],"product_cat":[57],"product_tag":[],"class_list":{"0":"post-68422","1":"product","2":"type-product","3":"status-publish","4":"has-post-thumbnail","6":"product_cat-ciencias-sociais-aplicadas","7":"align-center","8":"box-shadow-1","9":"box-shadow-3-hover","10":"ast-product-gallery-layout-horizontal","11":"ast-product-gallery-with-no-image","12":"ast-product-tabs-layout-horizontal","14":"first","15":"instock","16":"downloadable","17":"virtual","18":"purchasable","19":"product-type-simple"},"_links":{"self":[{"href":"https:\/\/www.dommodesto.com.br\/en\/wp-json\/wp\/v2\/product\/68422","targetHints":{"allow":["GET"]}}],"collection":[{"href":"https:\/\/www.dommodesto.com.br\/en\/wp-json\/wp\/v2\/product"}],"about":[{"href":"https:\/\/www.dommodesto.com.br\/en\/wp-json\/wp\/v2\/types\/product"}],"wp:featuredmedia":[{"embeddable":true,"href":"https:\/\/www.dommodesto.com.br\/en\/wp-json\/wp\/v2\/media\/68424"}],"wp:attachment":[{"href":"https:\/\/www.dommodesto.com.br\/en\/wp-json\/wp\/v2\/media?parent=68422"}],"wp:term":[{"taxonomy":"product_brand","embeddable":true,"href":"https:\/\/www.dommodesto.com.br\/en\/wp-json\/wp\/v2\/product_brand?post=68422"},{"taxonomy":"product_cat","embeddable":true,"href":"https:\/\/www.dommodesto.com.br\/en\/wp-json\/wp\/v2\/product_cat?post=68422"},{"taxonomy":"product_tag","embeddable":true,"href":"https:\/\/www.dommodesto.com.br\/en\/wp-json\/wp\/v2\/product_tag?post=68422"}],"curies":[{"name":"wp","href":"https:\/\/api.w.org\/{rel}","templated":true}]}}