{"id":68406,"date":"2025-09-01T18:06:54","date_gmt":"2025-09-01T21:06:54","guid":{"rendered":"https:\/\/www.dommodesto.com.br\/?post_type=product&#038;p=68406"},"modified":"2025-12-16T20:00:39","modified_gmt":"2025-12-16T23:00:39","slug":"vulnerabilidade-climatica-em-perspectiva-um-olhar-desde-o-territorio-volume-i-contexto-das-perdas-ecossistemicas","status":"publish","type":"product","link":"https:\/\/www.dommodesto.com.br\/en\/product\/vulnerabilidade-climatica-em-perspectiva-um-olhar-desde-o-territorio-volume-i-contexto-das-perdas-ecossistemicas\/","title":{"rendered":"Vulnerabilidade clim\u00e1tica em perspectiva: um olhar desde o territ\u00f3rio. Volume I: contexto das perdas ecossist\u00eamicas"},"content":{"rendered":"<p style=\"text-align: justify;\">Vulnerabilidade Clim\u00e1tica em Perspectiva: Um Olhar Desde o Territ\u00f3rio. Volume 1: Contexto das Perdas Ecossist\u00eamicas apresenta resultados iniciais do Projeto VClima, iniciativa de coopera\u00e7\u00e3o entre institui\u00e7\u00f5es brasileiras e europeias voltada \u00e0 an\u00e1lise sociojur\u00eddica e ambiental de desastres associados \u00e0s inunda\u00e7\u00f5es.<\/p>\n<p style=\"text-align: justify;\">Este primeiro volume concentra-se nos impactos das enchentes de 2024 no Rio Grande do Sul, examinando de que modo os servi\u00e7os ecossist\u00eamicos de provis\u00e3o, suporte, regula\u00e7\u00e3o e culturais foram afetados. A abordagem combina levantamento de dados oficiais, revis\u00e3o de literatura recente e delimita\u00e7\u00e3o territorial por bacias hidrogr\u00e1ficas, oferecendo uma leitura sistem\u00e1tica das perdas ecossist\u00eamicas e de suas consequ\u00eancias sociais e econ\u00f4micas.<\/p>\n<p style=\"text-align: justify;\">A obra contribui para a compreens\u00e3o da vulnerabilidade clim\u00e1tica em perspectiva territorial, situando-se no di\u00e1logo interdisciplinar entre direito, pol\u00edticas p\u00fablicas e ci\u00eancias ambientais, e fornecendo subs\u00eddios relevantes para an\u00e1lises acad\u00eamicas e institucionais sobre preven\u00e7\u00e3o e adapta\u00e7\u00e3o diante de eventos extremos.<\/p>","protected":false},"excerpt":{"rendered":"<p>Sandra Regina Martini<br \/>Fernanda Dalla Libera Damacena<br \/>(Coordenadoras)<\/p>\n<p><strong>Vers\u00e3o e-book &#8211; download gratuito &#8211; clique no bot\u00e3o comprar<\/strong><br \/>Vers\u00e3o impressa &#8211; indispon\u00edvel<\/p>","protected":false},"featured_media":68924,"template":"","meta":{"_joinchat":[]},"product_brand":[],"product_cat":[57],"product_tag":[],"class_list":{"0":"post-68406","1":"product","2":"type-product","3":"status-publish","4":"has-post-thumbnail","6":"product_cat-ciencias-sociais-aplicadas","7":"align-center","8":"box-shadow-1","9":"box-shadow-3-hover","10":"ast-product-gallery-layout-horizontal","11":"ast-product-gallery-with-no-image","12":"ast-product-tabs-layout-horizontal","14":"first","15":"instock","16":"downloadable","17":"virtual","18":"sold-individually","19":"purchasable","20":"product-type-simple"},"_links":{"self":[{"href":"https:\/\/www.dommodesto.com.br\/en\/wp-json\/wp\/v2\/product\/68406","targetHints":{"allow":["GET"]}}],"collection":[{"href":"https:\/\/www.dommodesto.com.br\/en\/wp-json\/wp\/v2\/product"}],"about":[{"href":"https:\/\/www.dommodesto.com.br\/en\/wp-json\/wp\/v2\/types\/product"}],"wp:featuredmedia":[{"embeddable":true,"href":"https:\/\/www.dommodesto.com.br\/en\/wp-json\/wp\/v2\/media\/68924"}],"wp:attachment":[{"href":"https:\/\/www.dommodesto.com.br\/en\/wp-json\/wp\/v2\/media?parent=68406"}],"wp:term":[{"taxonomy":"product_brand","embeddable":true,"href":"https:\/\/www.dommodesto.com.br\/en\/wp-json\/wp\/v2\/product_brand?post=68406"},{"taxonomy":"product_cat","embeddable":true,"href":"https:\/\/www.dommodesto.com.br\/en\/wp-json\/wp\/v2\/product_cat?post=68406"},{"taxonomy":"product_tag","embeddable":true,"href":"https:\/\/www.dommodesto.com.br\/en\/wp-json\/wp\/v2\/product_tag?post=68406"}],"curies":[{"name":"wp","href":"https:\/\/api.w.org\/{rel}","templated":true}]}}