{"id":68403,"date":"2025-09-01T17:52:36","date_gmt":"2025-09-01T20:52:36","guid":{"rendered":"https:\/\/www.dommodesto.com.br\/?post_type=product&#038;p=68403"},"modified":"2025-09-01T18:07:46","modified_gmt":"2025-09-01T21:07:46","slug":"anais-e-artigos-do-i-congresso-iberoamericano-de-direito-sanitario","status":"publish","type":"product","link":"https:\/\/www.dommodesto.com.br\/en\/product\/anais-e-artigos-do-i-congresso-iberoamericano-de-direito-sanitario\/","title":{"rendered":"Anais e artigos do I Congresso Iberoamericano de Direito Sanit\u00e1rio: sess\u00e3o especial sobre desafios e avan\u00e7os nos direitos da popula\u00e7\u00e3o LGBTI+ no Mercosul"},"content":{"rendered":"<p style=\"text-align: justify;\">Os Anais e artigos do I Congresso Iberoamericano de Direito Sanit\u00e1rio: sess\u00e3o especial sobre desafios e avan\u00e7os nos direitos da popula\u00e7\u00e3o LGBTI+ no Mercosul, constituem um registro acad\u00eamico que preserva e difunde as reflex\u00f5es suscitadas ao longo do encontro. A obra re\u00fane contribui\u00e7\u00f5es de pesquisadores, profissionais e estudantes, cujos trabalhos abordam de forma cr\u00edtica e interdisciplinar temas vinculados ao direito, \u00e0 sa\u00fade e \u00e0 cidadania, ressaltando os desafios que atravessam a sociedade contempor\u00e2nea e suas institui\u00e7\u00f5es.<\/p>\n<p style=\"text-align: justify;\">Mais do que simples comp\u00eandio de comunica\u00e7\u00f5es, a publica\u00e7\u00e3o projeta-se como espa\u00e7o de di\u00e1logo entre diferentes \u00e1reas do saber, promovendo a circula\u00e7\u00e3o de ideias e a consolida\u00e7\u00e3o de perspectivas inovadoras que ultrapassam os limites do evento. Nesse sentido, estes anais n\u00e3o apenas documentam o esfor\u00e7o coletivo empreendido, mas tamb\u00e9m se afirmam como fonte de consulta e refer\u00eancia para investiga\u00e7\u00f5es futuras, reafirmando a relev\u00e2ncia cient\u00edfica e social do I Congresso Iberoamericano de Direito Sanit\u00e1rio no cen\u00e1rio acad\u00eamico.<\/p>","protected":false},"excerpt":{"rendered":"<p>Sandra Regina Martini<br \/>Michelli Linhares de Bastos<br \/>Let\u00edcia Marques Padilha<br \/>Cristiane Feldmann Dutra<br \/>(Orgs.)<\/p>\n<p><strong>Vers\u00e3o e-book &#8211; download gratuito &#8211; clique no bot\u00e3o comprar<\/strong><br \/>Vers\u00e3o impressa &#8211; indispon\u00edvel<\/p>","protected":false},"featured_media":68405,"template":"","meta":{"_joinchat":[]},"product_brand":[],"product_cat":[57],"product_tag":[],"class_list":{"0":"post-68403","1":"product","2":"type-product","3":"status-publish","4":"has-post-thumbnail","6":"product_cat-ciencias-sociais-aplicadas","7":"align-center","8":"box-shadow-1","9":"box-shadow-3-hover","10":"ast-product-gallery-layout-horizontal","11":"ast-product-gallery-with-no-image","12":"ast-product-tabs-layout-horizontal","14":"first","15":"instock","16":"downloadable","17":"virtual","18":"purchasable","19":"product-type-simple"},"_links":{"self":[{"href":"https:\/\/www.dommodesto.com.br\/en\/wp-json\/wp\/v2\/product\/68403","targetHints":{"allow":["GET"]}}],"collection":[{"href":"https:\/\/www.dommodesto.com.br\/en\/wp-json\/wp\/v2\/product"}],"about":[{"href":"https:\/\/www.dommodesto.com.br\/en\/wp-json\/wp\/v2\/types\/product"}],"wp:featuredmedia":[{"embeddable":true,"href":"https:\/\/www.dommodesto.com.br\/en\/wp-json\/wp\/v2\/media\/68405"}],"wp:attachment":[{"href":"https:\/\/www.dommodesto.com.br\/en\/wp-json\/wp\/v2\/media?parent=68403"}],"wp:term":[{"taxonomy":"product_brand","embeddable":true,"href":"https:\/\/www.dommodesto.com.br\/en\/wp-json\/wp\/v2\/product_brand?post=68403"},{"taxonomy":"product_cat","embeddable":true,"href":"https:\/\/www.dommodesto.com.br\/en\/wp-json\/wp\/v2\/product_cat?post=68403"},{"taxonomy":"product_tag","embeddable":true,"href":"https:\/\/www.dommodesto.com.br\/en\/wp-json\/wp\/v2\/product_tag?post=68403"}],"curies":[{"name":"wp","href":"https:\/\/api.w.org\/{rel}","templated":true}]}}