{"id":68389,"date":"2025-08-22T16:23:45","date_gmt":"2025-08-22T19:23:45","guid":{"rendered":"https:\/\/www.dommodesto.com.br\/?post_type=product&#038;p=68389"},"modified":"2025-08-22T16:23:45","modified_gmt":"2025-08-22T19:23:45","slug":"migracao-e-direito-humano-a-moradia-assimetrias-brasil-x-portugal-em-contexto-de-globalizacao","status":"publish","type":"product","link":"https:\/\/www.dommodesto.com.br\/en\/product\/migracao-e-direito-humano-a-moradia-assimetrias-brasil-x-portugal-em-contexto-de-globalizacao\/","title":{"rendered":"Migra\u00e7\u00e3o e direito humano \u00e0 moradia: assimetrias Brasil x Portugal em contexto de globaliza\u00e7\u00e3o"},"content":{"rendered":"<p>\u201cOs temas da moradia, do desenvolvimento, das migra\u00e7\u00f5es e da urbaniza\u00e7\u00e3o tratados como temas chave nesta obra, abarcam os dilemas da humanidade no s\u00e9culo XXI, com a contund\u00eancia paradoxal da velocidade do mundo virtual e da intelig\u00eancia artificial. Paradoxal, porque problemas antigos e cr\u00f4nicos como acesso \u00e0 moradia, \u00e0 sa\u00fade e educa\u00e7\u00e3o, ao ambiente saud\u00e1vel, entre outros, persistem e fazem agravar a brecha da distribui\u00e7\u00e3o da riqueza no mundo, mas que a globaliza\u00e7\u00e3o neoliberal, desnuda a crueldade da rejei\u00e7\u00e3o ao migrante, da negativa de acesso aos territ\u00f3rios dos pa\u00edses desenvolvidos, sonega direitos humanos a milh\u00f5es de cidad\u00e3os, nos diferentes continentes.\u201d<\/p>\n<p><strong>Daniel Rubens Cenci<\/strong><\/p>","protected":false},"excerpt":{"rendered":"<p>Tamara Cossetim Cichorski<\/p>\n<p><strong>Vers\u00e3o e-book &#8211; Clique no bot\u00e3o Comprar;<\/strong><br \/><strong>Vers\u00e3o impressa &#8211; em breve na Amazon e em outras grandes marketplaces<\/strong><\/p>","protected":false},"featured_media":68391,"template":"","meta":{"_joinchat":[]},"product_brand":[],"product_cat":[57],"product_tag":[],"class_list":{"0":"post-68389","1":"product","2":"type-product","3":"status-publish","4":"has-post-thumbnail","6":"product_cat-ciencias-sociais-aplicadas","7":"align-center","8":"box-shadow-1","9":"box-shadow-3-hover","10":"ast-product-gallery-layout-horizontal","11":"ast-product-gallery-with-no-image","12":"ast-product-tabs-layout-horizontal","14":"first","15":"instock","16":"downloadable","17":"virtual","18":"purchasable","19":"product-type-simple"},"_links":{"self":[{"href":"https:\/\/www.dommodesto.com.br\/en\/wp-json\/wp\/v2\/product\/68389","targetHints":{"allow":["GET"]}}],"collection":[{"href":"https:\/\/www.dommodesto.com.br\/en\/wp-json\/wp\/v2\/product"}],"about":[{"href":"https:\/\/www.dommodesto.com.br\/en\/wp-json\/wp\/v2\/types\/product"}],"wp:featuredmedia":[{"embeddable":true,"href":"https:\/\/www.dommodesto.com.br\/en\/wp-json\/wp\/v2\/media\/68391"}],"wp:attachment":[{"href":"https:\/\/www.dommodesto.com.br\/en\/wp-json\/wp\/v2\/media?parent=68389"}],"wp:term":[{"taxonomy":"product_brand","embeddable":true,"href":"https:\/\/www.dommodesto.com.br\/en\/wp-json\/wp\/v2\/product_brand?post=68389"},{"taxonomy":"product_cat","embeddable":true,"href":"https:\/\/www.dommodesto.com.br\/en\/wp-json\/wp\/v2\/product_cat?post=68389"},{"taxonomy":"product_tag","embeddable":true,"href":"https:\/\/www.dommodesto.com.br\/en\/wp-json\/wp\/v2\/product_tag?post=68389"}],"curies":[{"name":"wp","href":"https:\/\/api.w.org\/{rel}","templated":true}]}}