{"id":68384,"date":"2025-08-22T15:20:57","date_gmt":"2025-08-22T18:20:57","guid":{"rendered":"https:\/\/www.dommodesto.com.br\/?post_type=product&#038;p=68384"},"modified":"2025-08-22T15:20:57","modified_gmt":"2025-08-22T18:20:57","slug":"democracia-constitucionalismo-e-direitos-humanos","status":"publish","type":"product","link":"https:\/\/www.dommodesto.com.br\/en\/product\/democracia-constitucionalismo-e-direitos-humanos\/","title":{"rendered":"Democracia, constitucionalismo e Direitos Humanos"},"content":{"rendered":"<p style=\"text-align: justify;\">Democracia, constitucionalismo e direitos humanos re\u00fane estudos que problematizam, sob diversas perspectivas te\u00f3ricas e metodol\u00f3gicas, as complexas inter-rela\u00e7\u00f5es entre democracia, constitucionalismo e direitos humanos no mundo contempor\u00e2neo. Em um cen\u00e1rio marcado por tens\u00f5es institucionais, retrocessos democr\u00e1ticos e novas formas de exclus\u00e3o social, os textos que comp\u00f5em este volume prop\u00f5em reflex\u00f5es cr\u00edticas sobre a fun\u00e7\u00e3o do Estado, o papel das institui\u00e7\u00f5es jur\u00eddicas e os limites e possibilidades da ordem constitucional na garantia da dignidade humana.<\/p>\n<p style=\"text-align: justify;\">Com base em referenciais normativos nacionais e internacionais, os cap\u00edtulos abordam tem\u00e1ticas atuais e relevantes, como a cidadania digital, os direitos reprodutivos, o controle de convencionalidade, a judicializa\u00e7\u00e3o das pol\u00edticas p\u00fablicas, a atua\u00e7\u00e3o das cortes constitucionais, os direitos das popula\u00e7\u00f5es vulnerabilizadas, e a busca por uma hermen\u00eautica comprometida com a fraternidade e a inclus\u00e3o. Ao explorar essas quest\u00f5es com rigor anal\u00edtico, os autores e autoras prop\u00f5em uma leitura que alia densidade conceitual e sensibilidade pr\u00e1tica, contribuindo para o fortalecimento de uma cultura jur\u00eddica comprometida com a justi\u00e7a social e com a efetividade dos direitos fundamentais.<\/p>\n<p style=\"text-align: justify;\">Dirigido a pesquisadores, estudantes, profissionais do Direito e demais interessados nas transforma\u00e7\u00f5es do constitucionalismo contempor\u00e2neo, o livro constitui valiosa contribui\u00e7\u00e3o ao debate acad\u00eamico e institucional sobre os caminhos poss\u00edveis \u2014 e necess\u00e1rios \u2014 para a consolida\u00e7\u00e3o de uma democracia substancial no s\u00e9culo XXI.<\/p>","protected":false},"excerpt":{"rendered":"<p>Sandra Regina Martini<br \/>Jana\u00edna Machado Sturza<br \/>Gabrielle Scola Dutra<br \/>(Orgs.)<\/p>\n<p>\u00a0<\/p>\n<p><strong>Vers\u00e3o e-book &#8211; download gratuito &#8211; clique no bot\u00e3o comprar<\/strong><br \/>Vers\u00e3o impressa &#8211; indispon\u00edvel<\/p>","protected":false},"featured_media":68387,"template":"","meta":{"_joinchat":[]},"product_brand":[],"product_cat":[57],"product_tag":[],"class_list":{"0":"post-68384","1":"product","2":"type-product","3":"status-publish","4":"has-post-thumbnail","6":"product_cat-ciencias-sociais-aplicadas","7":"align-center","8":"box-shadow-1","9":"box-shadow-3-hover","10":"ast-product-gallery-layout-horizontal","11":"ast-product-gallery-with-no-image","12":"ast-product-tabs-layout-horizontal","14":"first","15":"instock","16":"downloadable","17":"virtual","18":"purchasable","19":"product-type-simple"},"_links":{"self":[{"href":"https:\/\/www.dommodesto.com.br\/en\/wp-json\/wp\/v2\/product\/68384","targetHints":{"allow":["GET"]}}],"collection":[{"href":"https:\/\/www.dommodesto.com.br\/en\/wp-json\/wp\/v2\/product"}],"about":[{"href":"https:\/\/www.dommodesto.com.br\/en\/wp-json\/wp\/v2\/types\/product"}],"wp:featuredmedia":[{"embeddable":true,"href":"https:\/\/www.dommodesto.com.br\/en\/wp-json\/wp\/v2\/media\/68387"}],"wp:attachment":[{"href":"https:\/\/www.dommodesto.com.br\/en\/wp-json\/wp\/v2\/media?parent=68384"}],"wp:term":[{"taxonomy":"product_brand","embeddable":true,"href":"https:\/\/www.dommodesto.com.br\/en\/wp-json\/wp\/v2\/product_brand?post=68384"},{"taxonomy":"product_cat","embeddable":true,"href":"https:\/\/www.dommodesto.com.br\/en\/wp-json\/wp\/v2\/product_cat?post=68384"},{"taxonomy":"product_tag","embeddable":true,"href":"https:\/\/www.dommodesto.com.br\/en\/wp-json\/wp\/v2\/product_tag?post=68384"}],"curies":[{"name":"wp","href":"https:\/\/api.w.org\/{rel}","templated":true}]}}