{"id":68381,"date":"2024-07-31T14:35:04","date_gmt":"2024-07-31T17:35:04","guid":{"rendered":"https:\/\/www.dommodesto.com.br\/?post_type=product&#038;p=68381"},"modified":"2025-08-22T19:17:12","modified_gmt":"2025-08-22T22:17:12","slug":"direitos-humanos-e-bioetica-a-relacao-medico-paciente-frente-as-tecnologias-digitais-uma-leitura-do-principio-da-autonomia","status":"publish","type":"product","link":"https:\/\/www.dommodesto.com.br\/en\/product\/direitos-humanos-e-bioetica-a-relacao-medico-paciente-frente-as-tecnologias-digitais-uma-leitura-do-principio-da-autonomia\/","title":{"rendered":"Direitos humanos e bio\u00e9tica: a rela\u00e7\u00e3o m\u00e9dico-paciente frente \u00e0s tecnologias digitais, uma leitura do princ\u00edpio da autonomia"},"content":{"rendered":"<p style=\"text-align: justify;\">Explorando as fronteiras da \u00e9tica m\u00e9dica na era digital, &#8220;Direitos Humanos e Bio\u00e9tica: A rela\u00e7\u00e3o m\u00e9dico-paciente frente \u00e0s tecnologias digitais&#8221; de Gilson Ely Chaves de Matos, \u00e9 uma obra seminal que examina profundamente como as tecnologias emergentes est\u00e3o redefinindo o princ\u00edpio da autonomia dentro do contexto m\u00e9dico. Este livro meticulosamente pesquisado desdobra as implica\u00e7\u00f5es \u00e9ticas e human\u00edsticas das intera\u00e7\u00f5es digitais entre m\u00e9dicos e pacientes, destacando tanto os avan\u00e7os quanto os desafios impostos pela telemedicina e outras tecnologias digitais na pr\u00e1tica m\u00e9dica contempor\u00e2nea.<\/p>\n<p style=\"text-align: justify;\">Ao longo de suas p\u00e1ginas, o autor oferece uma an\u00e1lise rigorosa e uma cr\u00edtica construtiva sobre como a digitaliza\u00e7\u00e3o da medicina pode comprometer ou enriquecer a rela\u00e7\u00e3o fundamental entre m\u00e9dico e paciente. Utilizando uma variedade de perspectivas te\u00f3ricas e aplicadas, n\u00e3o apenas articula os dilemas enfrentados pelos profissionais de sa\u00fade na atualidade mas tamb\u00e9m prop\u00f5e um di\u00e1logo reflexivo sobre as possibilidades de uma pr\u00e1tica m\u00e9dica mais consciente e humana.<\/p>\n<p style=\"text-align: justify;\">Al\u00e9m de essencial para profissionais da sa\u00fade, estudiosos de \u00e9tica m\u00e9dica e qualquer pessoa interessada no cruzamento entre tecnologia, medicina e direitos humanos, a obra n\u00e3o apenas informa mas tamb\u00e9m questiona e inspira, convidando os leitores a repensar o valor da humanidade na medicina moderna.<\/p>","protected":false},"excerpt":{"rendered":"<p>Gilson Ely Chaves de Matos<\/p>\n<p><strong>Vers\u00e3o e-book &#8211; Clique no bot\u00e3o Comprar;<\/strong><br \/><strong>Vers\u00e3o impressa &#8211; <a href=\"https:\/\/www.amazon.com.br\/Direitos-Humanos-bio%C3%A9tica-m%C3%A9dico-paciente-tecnologias\/dp\/6581399833\">Clique aqui<\/a><\/strong><\/p>","protected":false},"featured_media":68383,"template":"","meta":{"_joinchat":[]},"product_brand":[],"product_cat":[57],"product_tag":[],"class_list":{"0":"post-68381","1":"product","2":"type-product","3":"status-publish","4":"has-post-thumbnail","6":"product_cat-ciencias-sociais-aplicadas","7":"align-center","8":"box-shadow-1","9":"box-shadow-3-hover","10":"ast-product-gallery-layout-horizontal","11":"ast-product-gallery-with-no-image","12":"ast-product-tabs-layout-horizontal","14":"first","15":"instock","16":"downloadable","17":"virtual","18":"purchasable","19":"product-type-simple"},"_links":{"self":[{"href":"https:\/\/www.dommodesto.com.br\/en\/wp-json\/wp\/v2\/product\/68381","targetHints":{"allow":["GET"]}}],"collection":[{"href":"https:\/\/www.dommodesto.com.br\/en\/wp-json\/wp\/v2\/product"}],"about":[{"href":"https:\/\/www.dommodesto.com.br\/en\/wp-json\/wp\/v2\/types\/product"}],"wp:featuredmedia":[{"embeddable":true,"href":"https:\/\/www.dommodesto.com.br\/en\/wp-json\/wp\/v2\/media\/68383"}],"wp:attachment":[{"href":"https:\/\/www.dommodesto.com.br\/en\/wp-json\/wp\/v2\/media?parent=68381"}],"wp:term":[{"taxonomy":"product_brand","embeddable":true,"href":"https:\/\/www.dommodesto.com.br\/en\/wp-json\/wp\/v2\/product_brand?post=68381"},{"taxonomy":"product_cat","embeddable":true,"href":"https:\/\/www.dommodesto.com.br\/en\/wp-json\/wp\/v2\/product_cat?post=68381"},{"taxonomy":"product_tag","embeddable":true,"href":"https:\/\/www.dommodesto.com.br\/en\/wp-json\/wp\/v2\/product_tag?post=68381"}],"curies":[{"name":"wp","href":"https:\/\/api.w.org\/{rel}","templated":true}]}}