{"id":68363,"date":"2025-08-15T16:38:46","date_gmt":"2025-08-15T19:38:46","guid":{"rendered":"https:\/\/www.dommodesto.com.br\/?post_type=product&#038;p=68363"},"modified":"2025-09-01T17:52:42","modified_gmt":"2025-09-01T20:52:42","slug":"68363","status":"publish","type":"product","link":"https:\/\/www.dommodesto.com.br\/en\/product\/68363\/","title":{"rendered":"Pol\u00edticas sociais, vulnerabilidades e direitos humanos: reflex\u00f5es a partir do projeto \u201cDeterminantes Multidimensionais da Pobreza e da Fome no Brasil e na Argentina: estudo comparado sobre o alcance dos programas de  desenvolvimento e assist\u00eancia social na supera\u00e7\u00e3o das situa\u00e7\u00f5es  de vulnerabilidades\u201d"},"content":{"rendered":"<p style=\"text-align: justify;\">A obra <em>Pol\u00edticas Sociais, Vulnerabilidades e Direitos Humanos: Reflex\u00f5es a partir do projeto \u201cDeterminantes Multidimensionais da Pobreza e da Fome no Brasil e na Argentina\u201d<\/em> re\u00fane an\u00e1lises cr\u00edticas e interdisciplinares que dialogam com os desafios estruturais da sociedade contempor\u00e2nea no enfrentamento das m\u00faltiplas express\u00f5es da vulnerabilidade social. Os textos, produzidos por docentes e pesquisadores vinculados ao Programa de P\u00f3s-Gradua\u00e7\u00e3o em Direito da Universidade Regional do Noroeste do Estado do Rio Grande do Sul (Uniju\u00ed), s\u00e3o resultado de reflex\u00f5es amadurecidas no \u00e2mbito do projeto de pesquisa financiado pela Funda\u00e7\u00e3o de Amparo \u00e0 Pesquisa do Estado do Rio Grande do Sul \u2013 FAPERGS.<\/p>\n<p style=\"text-align: justify;\">A colet\u00e2nea explora dimens\u00f5es interseccionais da pobreza, da fome e das viola\u00e7\u00f5es de direitos humanos, a partir de enfoques te\u00f3ricos e emp\u00edricos que v\u00e3o da an\u00e1lise dos impactos de programas de transfer\u00eancia de renda em comunidades quilombolas no Amap\u00e1, \u00e0 discuss\u00e3o sobre o direito \u00e0 sa\u00fade de migrantes LGBTQIAPN+, passando pela precariza\u00e7\u00e3o das condi\u00e7\u00f5es de vida de mulheres negras no mercado de trabalho, as fragilidades na garantia ao direito \u00e0 moradia sob uma perspectiva decolonial, a insufici\u00eancia das pol\u00edticas de redistribui\u00e7\u00e3o de renda, a invisibilidade social dos idosos e a criminaliza\u00e7\u00e3o de migrantes.<\/p>\n<p style=\"text-align: justify;\">Sem recorrer a solu\u00e7\u00f5es f\u00e1ceis ou abordagens reducionistas, a obra problematiza as formas hist\u00f3ricas e estruturais de exclus\u00e3o social, evidenciando a necessidade de pol\u00edticas p\u00fablicas integradas, intersetoriais e orientadas pela centralidade dos direitos humanos. Ao conectar teoria e pr\u00e1tica, os cap\u00edtulos oferecem ao leitor uma vis\u00e3o cr\u00edtica e profundamente comprometida com a transforma\u00e7\u00e3o social, a partir da perspectiva de justi\u00e7a social e equidade.<\/p>\n<p style=\"text-align: justify;\">O livro destina-se a pesquisadores, estudantes e profissionais interessados em compreender as complexas articula\u00e7\u00f5es entre vulnerabilidade social, pol\u00edticas p\u00fablicas e direitos humanos, apresentando um olhar que vai al\u00e9m das estat\u00edsticas, ao dar voz e visibilidade aos sujeitos historicamente silenciados.<\/p>","protected":false},"excerpt":{"rendered":"<p>Anna Paula Bagetti Zeifert<br \/>\n(Org.)<\/p>\n<p><strong>Vers\u00e3o e-book &#8211; download gratuito &#8211; clique no bot\u00e3o comprar<\/strong><br \/>\nVers\u00e3o impressa &#8211; indispon\u00edvel<\/p>","protected":false},"featured_media":68366,"template":"","meta":{"_joinchat":[]},"product_brand":[],"product_cat":[57],"product_tag":[],"class_list":{"0":"post-68363","1":"product","2":"type-product","3":"status-publish","4":"has-post-thumbnail","6":"product_cat-ciencias-sociais-aplicadas","7":"align-center","8":"box-shadow-1","9":"box-shadow-3-hover","10":"ast-product-gallery-layout-horizontal","11":"ast-product-gallery-with-no-image","12":"ast-product-tabs-layout-horizontal","14":"first","15":"instock","16":"downloadable","17":"virtual","18":"purchasable","19":"product-type-simple"},"_links":{"self":[{"href":"https:\/\/www.dommodesto.com.br\/en\/wp-json\/wp\/v2\/product\/68363","targetHints":{"allow":["GET"]}}],"collection":[{"href":"https:\/\/www.dommodesto.com.br\/en\/wp-json\/wp\/v2\/product"}],"about":[{"href":"https:\/\/www.dommodesto.com.br\/en\/wp-json\/wp\/v2\/types\/product"}],"wp:featuredmedia":[{"embeddable":true,"href":"https:\/\/www.dommodesto.com.br\/en\/wp-json\/wp\/v2\/media\/68366"}],"wp:attachment":[{"href":"https:\/\/www.dommodesto.com.br\/en\/wp-json\/wp\/v2\/media?parent=68363"}],"wp:term":[{"taxonomy":"product_brand","embeddable":true,"href":"https:\/\/www.dommodesto.com.br\/en\/wp-json\/wp\/v2\/product_brand?post=68363"},{"taxonomy":"product_cat","embeddable":true,"href":"https:\/\/www.dommodesto.com.br\/en\/wp-json\/wp\/v2\/product_cat?post=68363"},{"taxonomy":"product_tag","embeddable":true,"href":"https:\/\/www.dommodesto.com.br\/en\/wp-json\/wp\/v2\/product_tag?post=68363"}],"curies":[{"name":"wp","href":"https:\/\/api.w.org\/{rel}","templated":true}]}}