{"id":68354,"date":"2025-08-12T18:06:38","date_gmt":"2025-08-12T21:06:38","guid":{"rendered":"https:\/\/www.dommodesto.com.br\/?post_type=product&#038;p=68354"},"modified":"2025-08-12T18:06:39","modified_gmt":"2025-08-12T21:06:39","slug":"direitos-humanos-e-vulnerabilidades-atravessadas-entre-tensoes-desafios-e-resistencias","status":"publish","type":"product","link":"https:\/\/www.dommodesto.com.br\/en\/product\/direitos-humanos-e-vulnerabilidades-atravessadas-entre-tensoes-desafios-e-resistencias\/","title":{"rendered":"Direitos humanos e vulnerabilidades atravessadas: entre tens\u00f5es, desafios e resist\u00eancias"},"content":{"rendered":"<p style=\"text-align: justify;\">A obra \u201cDireitos Humanos e Vulnerabilidades Atravessadas: Entre Tens\u00f5es, Desafios e Resist\u00eancias\u2019 \u00e9 fruto das atividades de pesquisa desenvolvidas no \u00e2mbito do Grupo de Pesquisa &#8220;Fundamenta\u00e7\u00e3o Cr\u00edtica dos Direitos Humanos&#8221;, vinculado ao Programa de P\u00f3s-Gradua\u00e7\u00e3o Stricto Sensu em Direito (Mestrado e Doutorado em Direitos Humanos) da Universidade Regional do Noroeste do Estado do Rio Grande do Sul \u2013 UNIJU\u00cd.<\/p>\n<p style=\"text-align: justify;\">Este trabalho coletivo se insere no esfor\u00e7o te\u00f3rico e metodol\u00f3gico de pensar os direitos humanos para al\u00e9m de abordagens normativas ou abstratamente universalizantes, buscando problematizar suas bases, seus limites e suas possibilidades a partir da an\u00e1lise cr\u00edtica das m\u00faltiplas formas de vulnerabilidade que atravessam os sujeitos e as coletividades em contextos marcados por desigualdades estruturais, discrimina\u00e7\u00f5es hist\u00f3ricas e pr\u00e1ticas institucionais excludentes.<\/p>\n<p style=\"text-align: justify;\">Organizado em torno de eixos tem\u00e1ticos que abordam desde os fundamentos filos\u00f3fico-jur\u00eddicos dos direitos humanos at\u00e9 sua incid\u00eancia em campos como o direito das pessoas com defici\u00eancia, comunidade LGBTQIAPN+, os direitos das mulheres ciganas e quest\u00f5es raciais, o livro prop\u00f5e uma leitura transversal e comprometida com a emancipa\u00e7\u00e3o social. As reflex\u00f5es aqui reunidas situam-se no campo da cr\u00edtica jur\u00eddica, dialogando com perspectivas interdisciplinares e incorporando vozes dissidentes que historicamente foram silenciadas ou marginalizadas nas constru\u00e7\u00f5es hegem\u00f4nicas do discurso dos direitos.<\/p>","protected":false},"excerpt":{"rendered":"<p>Doglas Cesar Lucas<br \/>Andr\u00e9 Leonardo Copetti Santos<br \/>(Orgs.)<\/p>\n<p><strong>vers\u00e3o e-book &#8211; download gratuito &#8211; clique no bot\u00e3o comprar<\/strong><br \/>vers\u00e3o impressa &#8211; indispon\u00edvel<\/p>","protected":false},"featured_media":68356,"template":"","meta":{"_joinchat":[]},"product_brand":[],"product_cat":[57],"product_tag":[],"class_list":{"0":"post-68354","1":"product","2":"type-product","3":"status-publish","4":"has-post-thumbnail","6":"product_cat-ciencias-sociais-aplicadas","7":"align-center","8":"box-shadow-1","9":"box-shadow-3-hover","10":"ast-product-gallery-layout-horizontal","11":"ast-product-gallery-with-no-image","12":"ast-product-tabs-layout-horizontal","14":"first","15":"instock","16":"downloadable","17":"virtual","18":"purchasable","19":"product-type-simple"},"_links":{"self":[{"href":"https:\/\/www.dommodesto.com.br\/en\/wp-json\/wp\/v2\/product\/68354","targetHints":{"allow":["GET"]}}],"collection":[{"href":"https:\/\/www.dommodesto.com.br\/en\/wp-json\/wp\/v2\/product"}],"about":[{"href":"https:\/\/www.dommodesto.com.br\/en\/wp-json\/wp\/v2\/types\/product"}],"wp:featuredmedia":[{"embeddable":true,"href":"https:\/\/www.dommodesto.com.br\/en\/wp-json\/wp\/v2\/media\/68356"}],"wp:attachment":[{"href":"https:\/\/www.dommodesto.com.br\/en\/wp-json\/wp\/v2\/media?parent=68354"}],"wp:term":[{"taxonomy":"product_brand","embeddable":true,"href":"https:\/\/www.dommodesto.com.br\/en\/wp-json\/wp\/v2\/product_brand?post=68354"},{"taxonomy":"product_cat","embeddable":true,"href":"https:\/\/www.dommodesto.com.br\/en\/wp-json\/wp\/v2\/product_cat?post=68354"},{"taxonomy":"product_tag","embeddable":true,"href":"https:\/\/www.dommodesto.com.br\/en\/wp-json\/wp\/v2\/product_tag?post=68354"}],"curies":[{"name":"wp","href":"https:\/\/api.w.org\/{rel}","templated":true}]}}