{"id":68298,"date":"2025-08-05T14:31:36","date_gmt":"2025-08-05T17:31:36","guid":{"rendered":"https:\/\/www.dommodesto.com.br\/?post_type=product&#038;p=68298"},"modified":"2025-11-26T17:07:17","modified_gmt":"2025-11-26T20:07:17","slug":"estudos-de-mediacao-e-outros-meios-autocompositivos-alteridade-fraternidade-e-cidadania-para-o-presente-e-futuro-vol-ii","status":"publish","type":"product","link":"https:\/\/www.dommodesto.com.br\/en\/product\/estudos-de-mediacao-e-outros-meios-autocompositivos-alteridade-fraternidade-e-cidadania-para-o-presente-e-futuro-vol-ii\/","title":{"rendered":"Estudos de media\u00e7\u00e3o e outros meios autocompositivos: alteridade, fraternidade e cidadania  para o presente e futuro \u2013 vol. II"},"content":{"rendered":"<p style=\"text-align: justify;\">Neste segundo volume da colet\u00e2nea Estudos de media\u00e7\u00e3o e outros meios autocompositivos, os organizadores re\u00fanem reflex\u00f5es sofisticadas e m\u00faltiplas abordagens te\u00f3ricas e pr\u00e1ticas sobre a media\u00e7\u00e3o e outros m\u00e9todos consensuais de resolu\u00e7\u00e3o de conflitos, lan\u00e7ando um olhar cr\u00edtico sobre os desafios do sistema de justi\u00e7a contempor\u00e2neo. A obra articula com not\u00e1vel rigor anal\u00edtico temas como justi\u00e7a restaurativa, comunica\u00e7\u00e3o n\u00e3o violenta, media\u00e7\u00e3o online, inclus\u00e3o digital, escuta sens\u00edvel e justi\u00e7a criminal dial\u00f3gica, promovendo um debate fecundo entre filosofia, sociologia, teoria jur\u00eddica e pr\u00e1ticas restaurativas.<\/p>\n<p style=\"text-align: justify;\">A colet\u00e2nea problematiza o papel do Estado, da sociedade e das institui\u00e7\u00f5es jur\u00eddicas na produ\u00e7\u00e3o e no enfrentamento dos conflitos, com especial aten\u00e7\u00e3o aos limites do modelo retributivo tradicional. Tamb\u00e9m investiga os usos e sentidos da media\u00e7\u00e3o em ambientes escolares, comunit\u00e1rios e digitais, refletindo sobre sua dimens\u00e3o \u00e9tica, subjetiva e transformadora. Os cap\u00edtulos dialogam com os principais marcos te\u00f3ricos pertinentes \u00e0 tem\u00e1tica da obra, promovendo uma leitura cr\u00edtica e interdisciplinar das pr\u00e1ticas autocompositivas no contexto brasileiro.<\/p>\n<p style=\"text-align: justify;\">Trata-se de uma contribui\u00e7\u00e3o essencial para pesquisadoras e pesquisadores do Direito, da Psicologia, da Sociologia e das \u00e1reas afins, assim como para profissionais que atuam na media\u00e7\u00e3o de conflitos, na gest\u00e3o p\u00fablica e na formula\u00e7\u00e3o de pol\u00edticas de acesso \u00e0 justi\u00e7a. Esta obra convida ao aprofundamento das potencialidades emancipat\u00f3rias da media\u00e7\u00e3o, concebida como espa\u00e7o de alteridade, cidadania e reconstru\u00e7\u00e3o de v\u00ednculos sociais.<\/p>","protected":false},"excerpt":{"rendered":"<p>Aleteia Hummes Thaines<br \/>Charlise Paula Colet Gimenez<br \/>Francisco Ribeiro Lopes<br \/>(Orgs.)<\/p>\n<p><strong>Vers\u00e3o e-book &#8211; Clique no bot\u00e3o Comprar;<\/strong><br \/><strong>Vers\u00e3o impressa &#8211; <a href=\"https:\/\/www.amazon.com.br\/Estudos-media%C3%A7%C3%A3o-outros-meios-autocompositivos\/dp\/6552350775\/ref=sr_1_27?crid=2Y7KKBW5SAW56&amp;dib=eyJ2IjoiMSJ9.Oy5aYhbHtWxzAhi1JF9vYyosopVMqf_yZAIuYjVeA8AAiPnMVYOuRusM_hXE5X28MCBfmbMCj4Difzr-aaHmjtMdn-yHy5iSlN3sWtZeL8yvYp-Dd-UmAokAEuXLX-aLW27rMi1K-drgba_QNLHFlY8S_LKfcVDqplt0PkjfXWobt2QC7dz6Msfyr4XGTdaM_bN7T_VvTX2Z3d081BJrGtzQMPif5i2J2YUgmUx_gYmcnjUMaZbJBF1LIOUi4XLPO8gyKugIX7U2AEANnR-JTMy0Y-lWml0mb5wPD8DamF4.mE_GxuhDlvqPDGq6NI8_U4rT0DGUAJxzU5y1dp-Fils&amp;dib_tag=se&amp;keywords=dom+modesto&amp;qid=1764174082&amp;sprefix=%22dom+modesto%22%2Caps%2C287&amp;sr=8-27&amp;ufe=app_do%3Aamzn1.fos.6d798eae-cadf-45de-946a-f477d47705b9\">Clique aqui<\/a><\/strong><\/p>","protected":false},"featured_media":68303,"template":"","meta":{"_joinchat":[]},"product_brand":[],"product_cat":[57],"product_tag":[],"class_list":{"0":"post-68298","1":"product","2":"type-product","3":"status-publish","4":"has-post-thumbnail","6":"product_cat-ciencias-sociais-aplicadas","7":"align-center","8":"box-shadow-1","9":"box-shadow-3-hover","10":"ast-product-gallery-layout-horizontal","11":"ast-product-gallery-with-no-image","12":"ast-product-tabs-layout-horizontal","14":"first","15":"instock","16":"downloadable","17":"virtual","18":"purchasable","19":"product-type-simple"},"_links":{"self":[{"href":"https:\/\/www.dommodesto.com.br\/en\/wp-json\/wp\/v2\/product\/68298","targetHints":{"allow":["GET"]}}],"collection":[{"href":"https:\/\/www.dommodesto.com.br\/en\/wp-json\/wp\/v2\/product"}],"about":[{"href":"https:\/\/www.dommodesto.com.br\/en\/wp-json\/wp\/v2\/types\/product"}],"wp:featuredmedia":[{"embeddable":true,"href":"https:\/\/www.dommodesto.com.br\/en\/wp-json\/wp\/v2\/media\/68303"}],"wp:attachment":[{"href":"https:\/\/www.dommodesto.com.br\/en\/wp-json\/wp\/v2\/media?parent=68298"}],"wp:term":[{"taxonomy":"product_brand","embeddable":true,"href":"https:\/\/www.dommodesto.com.br\/en\/wp-json\/wp\/v2\/product_brand?post=68298"},{"taxonomy":"product_cat","embeddable":true,"href":"https:\/\/www.dommodesto.com.br\/en\/wp-json\/wp\/v2\/product_cat?post=68298"},{"taxonomy":"product_tag","embeddable":true,"href":"https:\/\/www.dommodesto.com.br\/en\/wp-json\/wp\/v2\/product_tag?post=68298"}],"curies":[{"name":"wp","href":"https:\/\/api.w.org\/{rel}","templated":true}]}}