{"id":68279,"date":"2025-08-04T12:29:17","date_gmt":"2025-08-04T15:29:17","guid":{"rendered":"https:\/\/www.dommodesto.com.br\/?post_type=product&#038;p=68279"},"modified":"2025-08-05T14:29:46","modified_gmt":"2025-08-05T17:29:46","slug":"democracia-e-direitos-humanos-em-crise-reflexoes-constitucionais-para-um-mundo-em-transformacao","status":"publish","type":"product","link":"https:\/\/www.dommodesto.com.br\/en\/product\/democracia-e-direitos-humanos-em-crise-reflexoes-constitucionais-para-um-mundo-em-transformacao\/","title":{"rendered":"Democracia e Direitos Humanos em crise? Reflex\u00f5es constitucionais para um mundo em transforma\u00e7\u00e3o"},"content":{"rendered":"<p style=\"text-align: justify;\">\u201cEsta obra \u00e9 um incentivo para pensarmos sobre o momento de nosso processo democr\u00e1tico e nossa compreens\u00e3o sobre direitos humanos, nossas conquistas e retrocessos, nossos desafios.<\/p>\n<p style=\"text-align: justify;\">Cada cap\u00edtulo consegue apresentar ao leitor temas espec\u00edficos que contextualizam crises sobre a democracia e os direitos humanos em uma sociedade em transforma\u00e7\u00e3o, conduzindo \u00e0 compreens\u00e3o sobre os fatores destas crises e sobre o papel do direito e seus institutos para enfrentar as adversidades.\u202f<\/p>\n<p style=\"text-align: justify;\">A escolha dos cap\u00edtulos pela organiza\u00e7\u00e3o desta obra, define sua relev\u00e2ncia e contextualiza\u00e7\u00e3o, pois, discutir sobre crise na democracia e direitos humanos em um mundo em transforma\u00e7\u00e3o necessita de um olhar sobre inova\u00e7\u00f5es tecnol\u00f3gicas e seus impactos na sociedade, em especial sobre a crescente utiliza\u00e7\u00e3o da Intelig\u00eancia Artificial; \u00e9 preciso sempre ter aten\u00e7\u00e3o sobre o Poder Judici\u00e1rio e sua democratiza\u00e7\u00e3o, seja em seu papel institucional na separa\u00e7\u00e3o dos poderes ou na forma como se comunica com a sociedade; torna-se importante a ressignifica\u00e7\u00e3o e contextualiza\u00e7\u00e3o de conceitos de democracia, estado de direito e institui\u00e7\u00f5es democr\u00e1ticas; primordial a compreens\u00e3o das diversidades sociais, suas intera\u00e7\u00f5es, o problema das desigualdades e os reflexos nos direitos humanos; \u00e9 fundamental discutir o desafio das guerras para a democracia e direitos humanos; indispens\u00e1vel refletir, em uma sociedade tecnol\u00f3gica em que as informa\u00e7\u00f5es transitam de forma instant\u00e2nea e por v\u00e1rias plataformas, sobre o problema da desinforma\u00e7\u00e3o, da fake news, da liberdade de express\u00e3o.&#8221;<\/p>\n<p><strong>Albino Gabriel Turbay Junior<\/strong><\/p>","protected":false},"excerpt":{"rendered":"<p>Jos\u00e9 Bruno Martins Le\u00e3o<br \/>\n(Orgs.)<\/p>\n<p><strong>Vers\u00e3o e-book &#8211; Clique no bot\u00e3o Comprar;<\/strong><br \/>\n<strong>Vers\u00e3o impressa &#8211; em breve dispon\u00edvel na Amazon e em outros marketplaces;<\/strong><\/p>","protected":false},"featured_media":68281,"template":"","meta":{"_joinchat":[]},"product_brand":[],"product_cat":[57],"product_tag":[],"class_list":{"0":"post-68279","1":"product","2":"type-product","3":"status-publish","4":"has-post-thumbnail","6":"product_cat-ciencias-sociais-aplicadas","7":"align-center","8":"box-shadow-1","9":"box-shadow-3-hover","10":"ast-product-gallery-layout-horizontal","11":"ast-product-gallery-with-no-image","12":"ast-product-tabs-layout-horizontal","14":"first","15":"instock","16":"downloadable","17":"virtual","18":"purchasable","19":"product-type-simple"},"_links":{"self":[{"href":"https:\/\/www.dommodesto.com.br\/en\/wp-json\/wp\/v2\/product\/68279","targetHints":{"allow":["GET"]}}],"collection":[{"href":"https:\/\/www.dommodesto.com.br\/en\/wp-json\/wp\/v2\/product"}],"about":[{"href":"https:\/\/www.dommodesto.com.br\/en\/wp-json\/wp\/v2\/types\/product"}],"wp:featuredmedia":[{"embeddable":true,"href":"https:\/\/www.dommodesto.com.br\/en\/wp-json\/wp\/v2\/media\/68281"}],"wp:attachment":[{"href":"https:\/\/www.dommodesto.com.br\/en\/wp-json\/wp\/v2\/media?parent=68279"}],"wp:term":[{"taxonomy":"product_brand","embeddable":true,"href":"https:\/\/www.dommodesto.com.br\/en\/wp-json\/wp\/v2\/product_brand?post=68279"},{"taxonomy":"product_cat","embeddable":true,"href":"https:\/\/www.dommodesto.com.br\/en\/wp-json\/wp\/v2\/product_cat?post=68279"},{"taxonomy":"product_tag","embeddable":true,"href":"https:\/\/www.dommodesto.com.br\/en\/wp-json\/wp\/v2\/product_tag?post=68279"}],"curies":[{"name":"wp","href":"https:\/\/api.w.org\/{rel}","templated":true}]}}